{"id":1605,"date":"2024-07-26T11:39:51","date_gmt":"2024-07-26T11:39:51","guid":{"rendered":"https:\/\/webhost346-1.tls-host.eu\/?page_id=1605"},"modified":"2025-05-06T09:51:49","modified_gmt":"2025-05-06T07:51:49","slug":"standorte","status":"publish","type":"page","link":"https:\/\/www.cms-electronics.com\/en\/wer-wir-sind\/standorte\/","title":{"rendered":"our locations"},"content":{"rendered":"<h1>\n\t\tour locations\n\t<\/h1>\n\t<img decoding=\"async\" src=\"https:\/\/www.cms-electronics.com\/wp-content\/uploads\/2024\/07\/arrow-black.svg\" alt=\"arrow-black\"  \/>\n<h6>\n\t\tcms electronics\n\t<\/h6>\n\t<h2>At home in Europe \u2013 active worldwide<\/h2>\n<h4>Operating internationally yet close at hand, the cms electronics group offers local customer support through locations and partners in Europe, Asia, and the USA.<\/h4>\n\t<h6>As an independent, medium-sized company in the heart of Europe, we not only supply the European market, but are also active worldwide. According to the motto &quot;follow the customer&quot;, we act &quot;local for local&quot; in cooperation with our partners in order to offer our services directly to them on site, according to their wishes and requirements.<\/h6>\n\t<h3>Production sites<\/h3>\n    <img decoding=\"async\" src=\"\/wp-content\/uploads\/2024\/08\/Klagenfurt2.jpg\" alt=\"CMS Standort Klagenfurt\"  \/>\n        <h6>Austria<\/h6>\n        <h3>cms electronics gmbh<\/h3>\n        Industriering 7\n        <br \/>9020 Klagenfurt\n        <br \/>Phone: <a href=\"tel:+43 463 330 340 0\">+43 463 330 340 0<\/a>\n        <br \/>Fax.: +43 463 330 340 125\n        <br \/><br \/>\n        <strong>Visitor access<\/strong>\n        <br \/>Franz-Dullnig-Gasse 4\n        <br \/>9020 Klagenfurt\n    <img decoding=\"async\" src=\"\/wp-content\/uploads\/2024\/08\/Fonyod.jpg\" alt=\"CMS Standort Fonyod\"  \/>\n        <h6>Hungary<\/h6>\n        <h3>cms electronics hungary kft.<\/h3>\n        Harmatos Street 56\n        <br \/>8640 Fony\u00f3d\n        <br \/>Phone: <a href=\"tel:+36 85 5619 32\">+36 85 5619 32<\/a>\n        <br \/>Fax.: +36 85 3610 41\n    <img decoding=\"async\" src=\"\/wp-content\/uploads\/2024\/07\/csm_cms_electronics_DE_FB_c6a4ee6de1.jpg\" alt=\"cms_New_Location\"  \/>\n        <h6>Germany<\/h6>\n        <h3>cms electronics germany gmbh<\/h3>\n        Eichstetterstrasse 57\n        <br \/>79232 March-Neuershausen\n        <br \/>Phone: <a href=\"tel:+49 7665 93 8 53 0\">+49 7665 93 8 53 0<\/a>\n        <br \/>Fax.: +49 7665 93 8 53 33\n\t<h3>Sales and purchasing offices<\/h3>\n    <img decoding=\"async\" src=\"\/wp-content\/uploads\/2024\/07\/csm_cms_electronics_CN_SZ_accee75d43.jpg\" alt=\"cms_electronics_CN\"  \/>\n        <h6>China<\/h6>\n        <h3>cms electronics china ltd.<\/h3>\n        Unit A,C, 44th Floor, Tower A NEO Building\n        <br \/>6011 Shennan Avenue\n        <br \/>Shenzhen\n        <br \/>Phone: <a href=\"tel:+86 755 8325 2498\"> +86 755 8325 2498<\/a>\n    <img decoding=\"async\" src=\"\/wp-content\/uploads\/2024\/07\/csm_cms_electronics_CN_HK_b68c2bf69b.jpg\" alt=\"cms_electronics_CN\"  \/>\n        <h6>HongKong<\/h6>\n        <h3>cms electronics asia pacific Ltd.<\/h3>\n        K11 ATELIER Victoria Dockside, Level 7, 18 Salisbury Road\n        <br \/>Tsim Sha Tsui, Kowloon\n        <br \/>HongKong\n        <br \/>Phone: <a href=\"tel:+852 3166 6113\"> +852 3166 6113<\/a>\n        <br \/>Fax: +852 3166 6266\n\t<h3>Development and prototype production<\/h3>\n        <img decoding=\"async\" src=\"\/wp-content\/uploads\/2024\/07\/csm_cms-i_logo_68aaff840d.png\" alt=\"cms-i_logo\"  \/>\n        <h6>Austria<\/h6>\n        <h3>cms innovates electronics gmbh<\/h3>\n        Industriering 7\n        <br \/>9020 Klagenfurt\n        <br \/>Phone: <a href=\"tel:+43 463 330 340 0\"> +43 463 330 340 0<\/a>\n        <img decoding=\"async\" src=\"\/wp-content\/uploads\/2024\/07\/csm_pcbwhiz_logo_fa05f60735.png\" alt=\"cms_New_Location\"  \/>\n        <h6>HongKong<\/h6>\n        <h3>pcbwhiz limited<\/h3>\n        K11 ATELIER Victoria Dockside, Level 7, 18 Salisbury Road\n        <br \/>Tsim Sha Tsui, Kowloon\n        <br \/>HongKong\n        <br \/>Phone: <a href=\"tel:+852 3166 6113\"> +852 3166 6113<\/a>\n        <br \/>Fax: +852 3166 6266\n        <br \/><br \/>\n        <a href=\"https:\/\/www.pcbwhiz.com\/\" target=\"_blank\" rel=\"noopener\">Website<\/a>","protected":false},"excerpt":{"rendered":"<p>Our Locations cms electronics At home in Europe \u2013 active worldwide. Internationally active, yet close by. The cms electronics Group offers local customer support through locations and partners in Europe, Asia, and the USA. As an independent, medium-sized company in the heart of Europe, we not only supply the European market but are also active worldwide. After the \u2026 <a title=\"our locations\" class=\"read-more\" href=\"https:\/\/www.cms-electronics.com\/en\/wer-wir-sind\/standorte\/\" aria-label=\"Read more about Our Locations\">Read more<\/a><\/p>","protected":false},"author":4,"featured_media":0,"parent":750,"menu_order":0,"comment_status":"closed","ping_status":"closed","template":"","meta":{"_acf_changed":false,"footnotes":""},"class_list":["post-1605","page","type-page","status-publish"],"acf":[],"yoast_head":"<!-- This site is optimized with the Yoast SEO plugin v27.2 - https:\/\/yoast.com\/product\/yoast-seo-wordpress\/ -->\n<title>Unsere Standorte - cms electronics<\/title>\n<meta name=\"robots\" content=\"index, follow, max-snippet:-1, max-image-preview:large, max-video-preview:-1\" \/>\n<link rel=\"canonical\" href=\"https:\/\/www.cms-electronics.com\/en\/wer-wir-sind\/standorte\/\" \/>\n<meta property=\"og:locale\" content=\"en_GB\" \/>\n<meta property=\"og:type\" content=\"article\" \/>\n<meta property=\"og:title\" content=\"Unsere Standorte - cms electronics\" \/>\n<meta property=\"og:description\" content=\"Unsere Standorte cms electronics In Europa zu Hause &#8211; Weltweit aktiv International agierend und doch in der N\u00e4he. Die cms electronics Gruppe bietet lokale Kundenbetreuung durch Standorte und Partner in Europa, Asien und USA. Als unabh\u00e4ngiges, mittelst\u00e4ndisches Unternehmen im Herzen Europas beliefern wir nicht nur den europ\u00e4ischen Markt, sondern sind auch weltweit aktiv. Nach dem ... Read more\" \/>\n<meta property=\"og:url\" content=\"https:\/\/www.cms-electronics.com\/en\/wer-wir-sind\/standorte\/\" \/>\n<meta property=\"og:site_name\" content=\"cms electronics\" \/>\n<meta property=\"article:modified_time\" content=\"2025-05-06T07:51:49+00:00\" \/>\n<meta property=\"og:image\" content=\"https:\/\/www.cms-electronics.com\/wp-content\/uploads\/2024\/07\/arrow-black.svg\" \/>\n<meta name=\"twitter:card\" content=\"summary_large_image\" \/>\n<script type=\"application\/ld+json\" class=\"yoast-schema-graph\">{\"@context\":\"https:\/\/schema.org\",\"@graph\":[{\"@type\":\"WebPage\",\"@id\":\"https:\/\/www.cms-electronics.com\/wer-wir-sind\/standorte\/\",\"url\":\"https:\/\/www.cms-electronics.com\/wer-wir-sind\/standorte\/\",\"name\":\"Unsere Standorte - cms electronics\",\"isPartOf\":{\"@id\":\"https:\/\/www.cms-electronics.com\/#website\"},\"primaryImageOfPage\":{\"@id\":\"https:\/\/www.cms-electronics.com\/wer-wir-sind\/standorte\/#primaryimage\"},\"image\":{\"@id\":\"https:\/\/www.cms-electronics.com\/wer-wir-sind\/standorte\/#primaryimage\"},\"thumbnailUrl\":\"https:\/\/www.cms-electronics.com\/wp-content\/uploads\/2024\/07\/arrow-black.svg\",\"datePublished\":\"2024-07-26T11:39:51+00:00\",\"dateModified\":\"2025-05-06T07:51:49+00:00\",\"breadcrumb\":{\"@id\":\"https:\/\/www.cms-electronics.com\/wer-wir-sind\/standorte\/#breadcrumb\"},\"inLanguage\":\"en-GB\",\"potentialAction\":[{\"@type\":\"ReadAction\",\"target\":[\"https:\/\/www.cms-electronics.com\/wer-wir-sind\/standorte\/\"]}]},{\"@type\":\"ImageObject\",\"inLanguage\":\"en-GB\",\"@id\":\"https:\/\/www.cms-electronics.com\/wer-wir-sind\/standorte\/#primaryimage\",\"url\":\"https:\/\/www.cms-electronics.com\/wp-content\/uploads\/2024\/07\/arrow-black.svg\",\"contentUrl\":\"https:\/\/www.cms-electronics.com\/wp-content\/uploads\/2024\/07\/arrow-black.svg\"},{\"@type\":\"BreadcrumbList\",\"@id\":\"https:\/\/www.cms-electronics.com\/wer-wir-sind\/standorte\/#breadcrumb\",\"itemListElement\":[{\"@type\":\"ListItem\",\"position\":1,\"name\":\"Home\",\"item\":\"https:\/\/www.cms-electronics.com\/\"},{\"@type\":\"ListItem\",\"position\":2,\"name\":\"Wer wir sind\",\"item\":\"https:\/\/www.cms-electronics.com\/en\/wer-wir-sind\/\"},{\"@type\":\"ListItem\",\"position\":3,\"name\":\"Unsere Standorte\"}]},{\"@type\":\"WebSite\",\"@id\":\"https:\/\/www.cms-electronics.com\/#website\",\"url\":\"https:\/\/www.cms-electronics.com\/\",\"name\":\"cms electronics\",\"description\":\"Electronic Manufacturing Services\",\"alternateName\":\"cms electronics | Electronic Manufacturing Services\",\"potentialAction\":[{\"@type\":\"SearchAction\",\"target\":{\"@type\":\"EntryPoint\",\"urlTemplate\":\"https:\/\/www.cms-electronics.com\/?s={search_term_string}\"},\"query-input\":{\"@type\":\"PropertyValueSpecification\",\"valueRequired\":true,\"valueName\":\"search_term_string\"}}],\"inLanguage\":\"en-GB\"}]}<\/script>\n<!-- \/ Yoast SEO plugin. -->","yoast_head_json":{"title":"Unsere Standorte - cms electronics","robots":{"index":"index","follow":"follow","max-snippet":"max-snippet:-1","max-image-preview":"max-image-preview:large","max-video-preview":"max-video-preview:-1"},"canonical":"https:\/\/www.cms-electronics.com\/en\/wer-wir-sind\/standorte\/","og_locale":"en_GB","og_type":"article","og_title":"Unsere Standorte - cms electronics","og_description":"Unsere Standorte cms electronics In Europa zu Hause &#8211; Weltweit aktiv International agierend und doch in der N\u00e4he. Die cms electronics Gruppe bietet lokale Kundenbetreuung durch Standorte und Partner in Europa, Asien und USA. Als unabh\u00e4ngiges, mittelst\u00e4ndisches Unternehmen im Herzen Europas beliefern wir nicht nur den europ\u00e4ischen Markt, sondern sind auch weltweit aktiv. Nach dem ... Read more","og_url":"https:\/\/www.cms-electronics.com\/en\/wer-wir-sind\/standorte\/","og_site_name":"cms electronics","article_modified_time":"2025-05-06T07:51:49+00:00","og_image":[{"url":"https:\/\/www.cms-electronics.com\/wp-content\/uploads\/2024\/07\/arrow-black.svg","type":"","width":"","height":""}],"twitter_card":"summary_large_image","schema":{"@context":"https:\/\/schema.org","@graph":[{"@type":"WebPage","@id":"https:\/\/www.cms-electronics.com\/wer-wir-sind\/standorte\/","url":"https:\/\/www.cms-electronics.com\/wer-wir-sind\/standorte\/","name":"Unsere Standorte - cms electronics","isPartOf":{"@id":"https:\/\/www.cms-electronics.com\/#website"},"primaryImageOfPage":{"@id":"https:\/\/www.cms-electronics.com\/wer-wir-sind\/standorte\/#primaryimage"},"image":{"@id":"https:\/\/www.cms-electronics.com\/wer-wir-sind\/standorte\/#primaryimage"},"thumbnailUrl":"https:\/\/www.cms-electronics.com\/wp-content\/uploads\/2024\/07\/arrow-black.svg","datePublished":"2024-07-26T11:39:51+00:00","dateModified":"2025-05-06T07:51:49+00:00","breadcrumb":{"@id":"https:\/\/www.cms-electronics.com\/wer-wir-sind\/standorte\/#breadcrumb"},"inLanguage":"en-GB","potentialAction":[{"@type":"ReadAction","target":["https:\/\/www.cms-electronics.com\/wer-wir-sind\/standorte\/"]}]},{"@type":"ImageObject","inLanguage":"en-GB","@id":"https:\/\/www.cms-electronics.com\/wer-wir-sind\/standorte\/#primaryimage","url":"https:\/\/www.cms-electronics.com\/wp-content\/uploads\/2024\/07\/arrow-black.svg","contentUrl":"https:\/\/www.cms-electronics.com\/wp-content\/uploads\/2024\/07\/arrow-black.svg"},{"@type":"BreadcrumbList","@id":"https:\/\/www.cms-electronics.com\/wer-wir-sind\/standorte\/#breadcrumb","itemListElement":[{"@type":"ListItem","position":1,"name":"Home","item":"https:\/\/www.cms-electronics.com\/"},{"@type":"ListItem","position":2,"name":"Wer wir sind","item":"https:\/\/www.cms-electronics.com\/en\/wer-wir-sind\/"},{"@type":"ListItem","position":3,"name":"Unsere Standorte"}]},{"@type":"WebSite","@id":"https:\/\/www.cms-electronics.com\/#website","url":"https:\/\/www.cms-electronics.com\/","name":"cms electronics","description":"Electronic Manufacturing Services","alternateName":"cms electronics | Electronic Manufacturing Services","potentialAction":[{"@type":"SearchAction","target":{"@type":"EntryPoint","urlTemplate":"https:\/\/www.cms-electronics.com\/?s={search_term_string}"},"query-input":{"@type":"PropertyValueSpecification","valueRequired":true,"valueName":"search_term_string"}}],"inLanguage":"en-GB"}]}},"_links":{"self":[{"href":"https:\/\/www.cms-electronics.com\/en\/wp-json\/wp\/v2\/pages\/1605","targetHints":{"allow":["GET"]}}],"collection":[{"href":"https:\/\/www.cms-electronics.com\/en\/wp-json\/wp\/v2\/pages"}],"about":[{"href":"https:\/\/www.cms-electronics.com\/en\/wp-json\/wp\/v2\/types\/page"}],"author":[{"embeddable":true,"href":"https:\/\/www.cms-electronics.com\/en\/wp-json\/wp\/v2\/users\/4"}],"replies":[{"embeddable":true,"href":"https:\/\/www.cms-electronics.com\/en\/wp-json\/wp\/v2\/comments?post=1605"}],"version-history":[{"count":0,"href":"https:\/\/www.cms-electronics.com\/en\/wp-json\/wp\/v2\/pages\/1605\/revisions"}],"up":[{"embeddable":true,"href":"https:\/\/www.cms-electronics.com\/en\/wp-json\/wp\/v2\/pages\/750"}],"wp:attachment":[{"href":"https:\/\/www.cms-electronics.com\/en\/wp-json\/wp\/v2\/media?parent=1605"}],"curies":[{"name":"wp","href":"https:\/\/api.w.org\/{rel}","templated":true}]}}