{"id":1649,"date":"2024-07-26T12:39:22","date_gmt":"2024-07-26T12:39:22","guid":{"rendered":"https:\/\/webhost346-1.tls-host.eu\/?page_id=1649"},"modified":"2025-02-27T12:11:59","modified_gmt":"2025-02-27T11:11:59","slug":"leadership","status":"publish","type":"page","link":"https:\/\/www.cms-electronics.com\/en\/wer-wir-sind\/leadership\/","title":{"rendered":"Leadership"},"content":{"rendered":"<img decoding=\"async\" src=\"https:\/\/www.cms-electronics.com\/wp-content\/uploads\/2024\/07\/arrow-black.svg\" alt=\"arrow-black\"  \/>\n<h6>\n\t\tcms electronics\n\t<\/h6>\n<h2>\n\t\tAll of the company\u2019s key processes are represented in our management.\n\t<\/h2>\n<h4>\n\t\tThe management is supported by a strong team of committed and well-trained employees, of which cms electronics is proud. With this team, we develop innovative and efficient solutions for the complex tasks of our customers.\n\t<\/h4>\n            <img decoding=\"async\" src=\"\/wp-content\/uploads\/2024\/07\/csm_Velmeden_0ec2858ab0.jpg\" alt=\"csm_Velmeden\"  \/>\n            <h3>Michael Velmeden<\/h3>\n            <h6>CEO<\/h6>\n            <h5>\u201cOur focus is on our customer: innovation and solution orientation are the key to mutual success.\u201d<\/h5>\n            <img decoding=\"async\" src=\"\/wp-content\/uploads\/2024\/07\/csm_Skjellet_56b098025a.jpg\" alt=\"csm_Skjellet\"  \/>\n            <h3>Sven Skjellet<\/h3> \n            <h6>CSO<br \/>Strategic (Business) Development, Purchasing &amp; Corporate Services<\/h6>\n            <h5>\u201cWe keep our promises!\u201d<\/h5>\n            <img decoding=\"async\" src=\"\/wp-content\/uploads\/2024\/07\/csm_PolliggerM_ae2647f565.jpg\" alt=\"csm_PolliggerM\"  \/>\n            <h3>Michael Pollinger<\/h3>\n            <h6>CEO<br \/>Plant Management, Development, Core Customer Development &amp; Marketing<\/h6>\n            <h5>&quot;It is not only a great skill to complete tasks, but also to leave things undone. Only by sorting out the unimportant does one demonstrate foresight and enable above-average achievement.&quot;<\/h5>\n            <img decoding=\"async\" src=\"\/wp-content\/uploads\/2024\/07\/csm_Damej_0a3011f630.jpg\" alt=\"csm_Damej\"  \/>\n            <h3>Mario Damej<\/h3>\n            <h6>Director Production &amp; Technology<\/h6>\n            <h5>\u201cIn order for the possible to come into being, the impossible must be attempted again and again.\u201d<\/h5>\n            <img decoding=\"async\" src=\"\/wp-content\/uploads\/2024\/07\/csm_PolliggerU_129e4e138b.jpg\" alt=\"csm_PolliggerU\"  \/>\n            <h3>Ulrike Pollinger<\/h3>\n            <h6>Director Finance &amp; Corporate Services<\/h6>\n            <h5>\u201cIf you want to grow your business, start it by growing your people.\u201d<\/h5>","protected":false},"excerpt":{"rendered":"<p>cms electronics All of the company&#039;s key processes are represented in our management team. The management is supported by a strong team of committed and well-trained employees, of which cms electronics is proud. With this team, we develop innovative and efficient solutions for the complex tasks of our customers. Michael Velmeden CEO &quot;Focus on... <a title=\"Leadership\" class=\"read-more\" href=\"https:\/\/www.cms-electronics.com\/en\/wer-wir-sind\/leadership\/\" aria-label=\"Read more about Leadership\">Read more<\/a><\/p>","protected":false},"author":4,"featured_media":0,"parent":750,"menu_order":0,"comment_status":"closed","ping_status":"closed","template":"","meta":{"_acf_changed":false,"footnotes":""},"class_list":["post-1649","page","type-page","status-publish"],"acf":[],"yoast_head":"<!-- This site is optimized with the Yoast SEO plugin v27.2 - https:\/\/yoast.com\/product\/yoast-seo-wordpress\/ -->\n<title>Leadership - cms electronics<\/title>\n<meta name=\"robots\" content=\"index, follow, max-snippet:-1, max-image-preview:large, max-video-preview:-1\" \/>\n<link rel=\"canonical\" href=\"https:\/\/www.cms-electronics.com\/en\/wer-wir-sind\/leadership\/\" \/>\n<meta property=\"og:locale\" content=\"en_GB\" \/>\n<meta property=\"og:type\" content=\"article\" \/>\n<meta property=\"og:title\" content=\"Leadership - cms electronics\" \/>\n<meta property=\"og:description\" content=\"cms electronics In unserer Gesch\u00e4ftsf\u00fchrung sind alle wesentlichen Prozesse des Unternehmens vertreten. Unterst\u00fctzt wird die Gesch\u00e4ftsleitung durch ein starkes Team von engagierten und gut ausgebildeten Mitarbeiterinnen und Mitarbeitern, auf das die cms electronics stolz ist. Mit diesem Team erarbeiten wir innovative und effiziente L\u00f6sungen f\u00fcr die komplexen Aufgabenstellungen unserer Kunden. Michael Velmeden CEO &#8222;Im Fokus ... Read more\" \/>\n<meta property=\"og:url\" content=\"https:\/\/www.cms-electronics.com\/en\/wer-wir-sind\/leadership\/\" \/>\n<meta property=\"og:site_name\" content=\"cms electronics\" \/>\n<meta property=\"article:modified_time\" content=\"2025-02-27T11:11:59+00:00\" \/>\n<meta property=\"og:image\" content=\"https:\/\/www.cms-electronics.com\/wp-content\/uploads\/2024\/07\/arrow-black.svg\" \/>\n<meta name=\"twitter:card\" content=\"summary_large_image\" \/>\n<script type=\"application\/ld+json\" class=\"yoast-schema-graph\">{\"@context\":\"https:\/\/schema.org\",\"@graph\":[{\"@type\":\"WebPage\",\"@id\":\"https:\/\/www.cms-electronics.com\/wer-wir-sind\/leadership\/\",\"url\":\"https:\/\/www.cms-electronics.com\/wer-wir-sind\/leadership\/\",\"name\":\"Leadership - cms electronics\",\"isPartOf\":{\"@id\":\"https:\/\/www.cms-electronics.com\/#website\"},\"primaryImageOfPage\":{\"@id\":\"https:\/\/www.cms-electronics.com\/wer-wir-sind\/leadership\/#primaryimage\"},\"image\":{\"@id\":\"https:\/\/www.cms-electronics.com\/wer-wir-sind\/leadership\/#primaryimage\"},\"thumbnailUrl\":\"https:\/\/www.cms-electronics.com\/wp-content\/uploads\/2024\/07\/arrow-black.svg\",\"datePublished\":\"2024-07-26T12:39:22+00:00\",\"dateModified\":\"2025-02-27T11:11:59+00:00\",\"breadcrumb\":{\"@id\":\"https:\/\/www.cms-electronics.com\/wer-wir-sind\/leadership\/#breadcrumb\"},\"inLanguage\":\"en-GB\",\"potentialAction\":[{\"@type\":\"ReadAction\",\"target\":[\"https:\/\/www.cms-electronics.com\/wer-wir-sind\/leadership\/\"]}]},{\"@type\":\"ImageObject\",\"inLanguage\":\"en-GB\",\"@id\":\"https:\/\/www.cms-electronics.com\/wer-wir-sind\/leadership\/#primaryimage\",\"url\":\"https:\/\/www.cms-electronics.com\/wp-content\/uploads\/2024\/07\/arrow-black.svg\",\"contentUrl\":\"https:\/\/www.cms-electronics.com\/wp-content\/uploads\/2024\/07\/arrow-black.svg\"},{\"@type\":\"BreadcrumbList\",\"@id\":\"https:\/\/www.cms-electronics.com\/wer-wir-sind\/leadership\/#breadcrumb\",\"itemListElement\":[{\"@type\":\"ListItem\",\"position\":1,\"name\":\"Home\",\"item\":\"https:\/\/www.cms-electronics.com\/\"},{\"@type\":\"ListItem\",\"position\":2,\"name\":\"Wer wir sind\",\"item\":\"https:\/\/www.cms-electronics.com\/en\/wer-wir-sind\/\"},{\"@type\":\"ListItem\",\"position\":3,\"name\":\"Leadership\"}]},{\"@type\":\"WebSite\",\"@id\":\"https:\/\/www.cms-electronics.com\/#website\",\"url\":\"https:\/\/www.cms-electronics.com\/\",\"name\":\"cms electronics\",\"description\":\"Electronic Manufacturing Services\",\"alternateName\":\"cms electronics | Electronic Manufacturing Services\",\"potentialAction\":[{\"@type\":\"SearchAction\",\"target\":{\"@type\":\"EntryPoint\",\"urlTemplate\":\"https:\/\/www.cms-electronics.com\/?s={search_term_string}\"},\"query-input\":{\"@type\":\"PropertyValueSpecification\",\"valueRequired\":true,\"valueName\":\"search_term_string\"}}],\"inLanguage\":\"en-GB\"}]}<\/script>\n<!-- \/ Yoast SEO plugin. -->","yoast_head_json":{"title":"Leadership - cms electronics","robots":{"index":"index","follow":"follow","max-snippet":"max-snippet:-1","max-image-preview":"max-image-preview:large","max-video-preview":"max-video-preview:-1"},"canonical":"https:\/\/www.cms-electronics.com\/en\/wer-wir-sind\/leadership\/","og_locale":"en_GB","og_type":"article","og_title":"Leadership - cms electronics","og_description":"cms electronics In unserer Gesch\u00e4ftsf\u00fchrung sind alle wesentlichen Prozesse des Unternehmens vertreten. Unterst\u00fctzt wird die Gesch\u00e4ftsleitung durch ein starkes Team von engagierten und gut ausgebildeten Mitarbeiterinnen und Mitarbeitern, auf das die cms electronics stolz ist. Mit diesem Team erarbeiten wir innovative und effiziente L\u00f6sungen f\u00fcr die komplexen Aufgabenstellungen unserer Kunden. Michael Velmeden CEO &#8222;Im Fokus ... Read more","og_url":"https:\/\/www.cms-electronics.com\/en\/wer-wir-sind\/leadership\/","og_site_name":"cms electronics","article_modified_time":"2025-02-27T11:11:59+00:00","og_image":[{"url":"https:\/\/www.cms-electronics.com\/wp-content\/uploads\/2024\/07\/arrow-black.svg","type":"","width":"","height":""}],"twitter_card":"summary_large_image","schema":{"@context":"https:\/\/schema.org","@graph":[{"@type":"WebPage","@id":"https:\/\/www.cms-electronics.com\/wer-wir-sind\/leadership\/","url":"https:\/\/www.cms-electronics.com\/wer-wir-sind\/leadership\/","name":"Leadership - cms electronics","isPartOf":{"@id":"https:\/\/www.cms-electronics.com\/#website"},"primaryImageOfPage":{"@id":"https:\/\/www.cms-electronics.com\/wer-wir-sind\/leadership\/#primaryimage"},"image":{"@id":"https:\/\/www.cms-electronics.com\/wer-wir-sind\/leadership\/#primaryimage"},"thumbnailUrl":"https:\/\/www.cms-electronics.com\/wp-content\/uploads\/2024\/07\/arrow-black.svg","datePublished":"2024-07-26T12:39:22+00:00","dateModified":"2025-02-27T11:11:59+00:00","breadcrumb":{"@id":"https:\/\/www.cms-electronics.com\/wer-wir-sind\/leadership\/#breadcrumb"},"inLanguage":"en-GB","potentialAction":[{"@type":"ReadAction","target":["https:\/\/www.cms-electronics.com\/wer-wir-sind\/leadership\/"]}]},{"@type":"ImageObject","inLanguage":"en-GB","@id":"https:\/\/www.cms-electronics.com\/wer-wir-sind\/leadership\/#primaryimage","url":"https:\/\/www.cms-electronics.com\/wp-content\/uploads\/2024\/07\/arrow-black.svg","contentUrl":"https:\/\/www.cms-electronics.com\/wp-content\/uploads\/2024\/07\/arrow-black.svg"},{"@type":"BreadcrumbList","@id":"https:\/\/www.cms-electronics.com\/wer-wir-sind\/leadership\/#breadcrumb","itemListElement":[{"@type":"ListItem","position":1,"name":"Home","item":"https:\/\/www.cms-electronics.com\/"},{"@type":"ListItem","position":2,"name":"Wer wir sind","item":"https:\/\/www.cms-electronics.com\/en\/wer-wir-sind\/"},{"@type":"ListItem","position":3,"name":"Leadership"}]},{"@type":"WebSite","@id":"https:\/\/www.cms-electronics.com\/#website","url":"https:\/\/www.cms-electronics.com\/","name":"cms electronics","description":"Electronic Manufacturing Services","alternateName":"cms electronics | Electronic Manufacturing Services","potentialAction":[{"@type":"SearchAction","target":{"@type":"EntryPoint","urlTemplate":"https:\/\/www.cms-electronics.com\/?s={search_term_string}"},"query-input":{"@type":"PropertyValueSpecification","valueRequired":true,"valueName":"search_term_string"}}],"inLanguage":"en-GB"}]}},"_links":{"self":[{"href":"https:\/\/www.cms-electronics.com\/en\/wp-json\/wp\/v2\/pages\/1649","targetHints":{"allow":["GET"]}}],"collection":[{"href":"https:\/\/www.cms-electronics.com\/en\/wp-json\/wp\/v2\/pages"}],"about":[{"href":"https:\/\/www.cms-electronics.com\/en\/wp-json\/wp\/v2\/types\/page"}],"author":[{"embeddable":true,"href":"https:\/\/www.cms-electronics.com\/en\/wp-json\/wp\/v2\/users\/4"}],"replies":[{"embeddable":true,"href":"https:\/\/www.cms-electronics.com\/en\/wp-json\/wp\/v2\/comments?post=1649"}],"version-history":[{"count":0,"href":"https:\/\/www.cms-electronics.com\/en\/wp-json\/wp\/v2\/pages\/1649\/revisions"}],"up":[{"embeddable":true,"href":"https:\/\/www.cms-electronics.com\/en\/wp-json\/wp\/v2\/pages\/750"}],"wp:attachment":[{"href":"https:\/\/www.cms-electronics.com\/en\/wp-json\/wp\/v2\/media?parent=1649"}],"curies":[{"name":"wp","href":"https:\/\/api.w.org\/{rel}","templated":true}]}}