{"id":1735,"date":"2024-07-26T15:03:54","date_gmt":"2024-07-26T15:03:54","guid":{"rendered":"https:\/\/webhost346-1.tls-host.eu\/?page_id=1735"},"modified":"2025-10-15T10:11:05","modified_gmt":"2025-10-15T08:11:05","slug":"hinweisgebersystem-der-cms-electronics-group","status":"publish","type":"page","link":"https:\/\/www.cms-electronics.com\/en\/wer-wir-sind\/hinweisgebersystem-der-cms-electronics-group\/","title":{"rendered":"Cybersecurity Reporting Office &amp; Whistleblower System"},"content":{"rendered":"<img decoding=\"async\" src=\"https:\/\/www.cms-electronics.com\/wp-content\/uploads\/2024\/07\/arrow-black.svg\" alt=\"arrow-black\"  \/>\n\t<h4>The cms electronics group places great importance on integrity, compliance, and digital security. To effectively address potential violations, we have established the following reporting channels\u2026<\/h4>\n\t<h2><strong>Report cybersecurity incidents \u2013 Together for a secure digital future!<\/strong><\/h2>\n<h4>In an increasingly interconnected world, cybersecurity is of utmost importance \u2013 not only for us, but also for our <strong>customers, suppliers and partners<\/strong>. For this we have a <strong>information security management system<\/strong> after <strong>TISAX<\/strong> installed.<\/h4>\n\t<p>Have you noticed a cybersecurity incident or do you have concerns about potential threats? By reporting incidents, you help us identify potential risks early and take effective measures to protect the entire supply chain.<\/p>\n<p>We firmly believe that security is a shared responsibility.<\/p>\n<p>Please report any security incidents and\/or suspicious events in your systems to us immediately as soon as they could affect cms electronics and\/or lead to serious operational disruptions or other significant material or immaterial damage. cms electronics has set up a separate email address for this purpose: <a href=\"mailto:csirt@cms-electronics.com\">csirt@cms-electronics.com<\/a><\/p>\n\t<img decoding=\"async\" src=\"https:\/\/www.cms-electronics.com\/wp-content\/uploads\/2024\/07\/arrow-black.svg\" alt=\"arrow-black\"  \/>\n\t<h2>Our whistleblower system<\/h2>\n<h4>The cms electronics whistleblower reporting office acts as a reliable contact point for all employees and external stakeholders (such as suppliers or customers) who wish to report current or potential violations of laws, business principles or rules of conduct at cms electronics.<\/h4>\n\t<h4>Aim of the cms electronics reporting office for whistleblowers<\/h4>\n<p>The whistleblower system aims to support cms electronics in identifying and uncovering unlawful behavior. Another important objective is to promote the implementation of basic principles of good corporate governance within the group of companies. At the same time, the perception of corporate responsibility with regard to human rights along global supply chains is to be strengthened and ensured.<\/p>\n<h4>Authorized persons for reports<\/h4>\n<p>Anyone associated with cms electronics can use the cms electronics whistleblower reporting system, whether as an employee or as an external party. Reports can relate to violations of laws, business principles, codes of conduct or other relevant guidelines within and outside the cms electronics group of companies.<\/p>\n<h4>What should\/can be reported?<\/h4>\n<p>Potential violations include bribery, corruption, violations of environmental, safety and labor laws, and possible violations of the General Data Protection Regulation (GDPR). Whistleblowers can also report violations of human rights and environmental obligations in accordance with EU requirements. These are risks and breaches of duty that arise or could arise as a result of the business activities of cms electronics or by direct or indirect suppliers of cms electronics.<\/p>\n<p>It is expressly forbidden to knowingly report false information. All reports will be treated with the utmost confidentiality. You can find more information in the &quot;Information&quot; section. It is also recommended that you set your login details to enable further communication with us.<\/p>\n\t\t\t<a href=\"https:\/\/cms-electronics.thewhistlebee.com\/\" target=\"_blank\" rel=\"noopener\">\n\t\t\t\t\t\t\tTO THE REPORTING OFFICE FOR WHISTLE-BLOWERS \u2013 CMS ELECTRONICS\n\t\t\t\t\t<\/a>\n<h6>\n\t\tor scan the QR code\n\t<\/h6>\n\t\t\t\t<img loading=\"lazy\" decoding=\"async\" src=\"https:\/\/www.cms-electronics.com\/wp-content\/uploads\/2024\/07\/QR_Code_-_cms_electronics_gmbh_-_Hinweisgeberplattform.png\" alt=\"QR_Code_-_cms_electronics_gmbh_-_Hinweisgeberplattform\" itemprop=\"image\" height=\"259\" width=\"259\" title=\"QR_Code_-_cms_electronics_gmbh_-_whistleblower platform\" onerror=\"this.style.display='none'\"  \/>\n<h5>\n\t\tSupported by\n\t<\/h5>\n\t\t\t\t<img loading=\"lazy\" decoding=\"async\" src=\"https:\/\/www.cms-electronics.com\/wp-content\/uploads\/2024\/07\/whistle1.png\" alt=\"whistle1\" itemprop=\"image\" height=\"207\" width=\"342\" title=\"whistle1\" onerror=\"this.style.display='none'\"  \/>\n\t\t\t<a href=\"https:\/\/panaszkozpont.hu\/cms-electronics-hu\/\" target=\"_blank\" rel=\"noopener\">\n\t\t\t\t\t\t\tTO THE WHISTLE-BLOWERS REPORTING CENTER \u2013 CMS ELECTRONICS HUNGARY\n\t\t\t\t\t<\/a>\n<h6>\n\t\tor scan the QR code\n\t<\/h6>\n\t\t\t\t<img loading=\"lazy\" decoding=\"async\" src=\"https:\/\/www.cms-electronics.com\/wp-content\/uploads\/2024\/07\/QR-code_cms-hungary-hinweissgebersystem.png\" alt=\"QR-code_cms-hungary-hinweissgebersystem\" itemprop=\"image\" height=\"259\" width=\"259\" title=\"QR-code_cms-hungary-whistleblower-system\" onerror=\"this.style.display='none'\"  \/>\n<h5>\n\t\tSupported by\n\t<\/h5>\n\t\t\t\t<img loading=\"lazy\" decoding=\"async\" src=\"https:\/\/www.cms-electronics.com\/wp-content\/uploads\/2024\/07\/whistle2.png\" alt=\"whistle2\" itemprop=\"image\" height=\"55\" width=\"354\" title=\"whistle2\" onerror=\"this.style.display='none'\"  \/>\n\t<p>Detailed\u00a0<b>Information in Hungarian<\/b> to the whistleblower system of cms electronics hungary <a href=\"\/wp-content\/uploads\/2024\/07\/PK-03_Visszaeles_bejelentesi_szabalyzat_CMS.pdf\" target=\"_blank\" rel=\"noopener\"><strong>Download the summary as a pdf here<\/strong><\/a>.<\/p>","protected":false},"excerpt":{"rendered":"<p>The cms electronics group places great importance on integrity, compliance, and digital security. To effectively address potential breaches, we have established the following reporting channels\u2026 Report cybersecurity incidents \u2013 Together for a secure digital future! In an increasingly interconnected world, cybersecurity is of paramount importance \u2013 not only for us, but also for our\u2026 <a title=\"Cybersecurity Reporting Office &amp; Whistleblower System\" class=\"read-more\" href=\"https:\/\/www.cms-electronics.com\/en\/wer-wir-sind\/hinweisgebersystem-der-cms-electronics-group\/\" aria-label=\"Read more about Cybersecurity Reporting Office &amp; Whistleblower System\">Read more<\/a><\/p>","protected":false},"author":4,"featured_media":0,"parent":750,"menu_order":0,"comment_status":"closed","ping_status":"closed","template":"","meta":{"_acf_changed":false,"footnotes":""},"class_list":["post-1735","page","type-page","status-publish"],"acf":[],"yoast_head":"<!-- This site is optimized with the Yoast SEO plugin v27.2 - https:\/\/yoast.com\/product\/yoast-seo-wordpress\/ -->\n<title>Meldestelle f\u00fcr Cybersicherheit &amp; Hinweisgebersystem - cms electronics<\/title>\n<meta name=\"robots\" content=\"index, follow, max-snippet:-1, max-image-preview:large, max-video-preview:-1\" \/>\n<link rel=\"canonical\" href=\"https:\/\/www.cms-electronics.com\/en\/wer-wir-sind\/hinweisgebersystem-der-cms-electronics-group\/\" \/>\n<meta property=\"og:locale\" content=\"en_GB\" \/>\n<meta property=\"og:type\" content=\"article\" \/>\n<meta property=\"og:title\" content=\"Meldestelle f\u00fcr Cybersicherheit &amp; Hinweisgebersystem - cms electronics\" \/>\n<meta property=\"og:description\" content=\"Die cms electronics group legt gro\u00dfen Wert auf Integrit\u00e4t, Compliance und die digitale Sicherheit. Um potentielle Verst\u00f6\u00dfe effektiv adressieren zu k\u00f6nnen, haben wir die folgenden Meldestellen eingerichtet&#8230; Cybersicherheitsvorf\u00e4lle melden &#8211; Gemeinsam f\u00fcr eine sichere digitale Zukunft! In einer zunehmend vernetzten Welt ist Cybersicherheit von gr\u00f6\u00dfter Bedeutung &#8211; nicht nur f\u00fcr uns, sondern auch f\u00fcr unsere ... Read more\" \/>\n<meta property=\"og:url\" content=\"https:\/\/www.cms-electronics.com\/en\/wer-wir-sind\/hinweisgebersystem-der-cms-electronics-group\/\" \/>\n<meta property=\"og:site_name\" content=\"cms electronics\" \/>\n<meta property=\"article:modified_time\" content=\"2025-10-15T08:11:05+00:00\" \/>\n<meta property=\"og:image\" content=\"https:\/\/www.cms-electronics.com\/wp-content\/uploads\/2024\/07\/arrow-black.svg\" \/>\n<meta name=\"twitter:card\" content=\"summary_large_image\" \/>\n<script type=\"application\/ld+json\" class=\"yoast-schema-graph\">{\"@context\":\"https:\/\/schema.org\",\"@graph\":[{\"@type\":\"WebPage\",\"@id\":\"https:\/\/www.cms-electronics.com\/wer-wir-sind\/hinweisgebersystem-der-cms-electronics-group\/\",\"url\":\"https:\/\/www.cms-electronics.com\/wer-wir-sind\/hinweisgebersystem-der-cms-electronics-group\/\",\"name\":\"Meldestelle f\u00fcr Cybersicherheit &amp; Hinweisgebersystem - cms electronics\",\"isPartOf\":{\"@id\":\"https:\/\/www.cms-electronics.com\/#website\"},\"primaryImageOfPage\":{\"@id\":\"https:\/\/www.cms-electronics.com\/wer-wir-sind\/hinweisgebersystem-der-cms-electronics-group\/#primaryimage\"},\"image\":{\"@id\":\"https:\/\/www.cms-electronics.com\/wer-wir-sind\/hinweisgebersystem-der-cms-electronics-group\/#primaryimage\"},\"thumbnailUrl\":\"https:\/\/www.cms-electronics.com\/wp-content\/uploads\/2024\/07\/arrow-black.svg\",\"datePublished\":\"2024-07-26T15:03:54+00:00\",\"dateModified\":\"2025-10-15T08:11:05+00:00\",\"breadcrumb\":{\"@id\":\"https:\/\/www.cms-electronics.com\/wer-wir-sind\/hinweisgebersystem-der-cms-electronics-group\/#breadcrumb\"},\"inLanguage\":\"en-GB\",\"potentialAction\":[{\"@type\":\"ReadAction\",\"target\":[\"https:\/\/www.cms-electronics.com\/wer-wir-sind\/hinweisgebersystem-der-cms-electronics-group\/\"]}]},{\"@type\":\"ImageObject\",\"inLanguage\":\"en-GB\",\"@id\":\"https:\/\/www.cms-electronics.com\/wer-wir-sind\/hinweisgebersystem-der-cms-electronics-group\/#primaryimage\",\"url\":\"https:\/\/www.cms-electronics.com\/wp-content\/uploads\/2024\/07\/arrow-black.svg\",\"contentUrl\":\"https:\/\/www.cms-electronics.com\/wp-content\/uploads\/2024\/07\/arrow-black.svg\"},{\"@type\":\"BreadcrumbList\",\"@id\":\"https:\/\/www.cms-electronics.com\/wer-wir-sind\/hinweisgebersystem-der-cms-electronics-group\/#breadcrumb\",\"itemListElement\":[{\"@type\":\"ListItem\",\"position\":1,\"name\":\"Home\",\"item\":\"https:\/\/www.cms-electronics.com\/\"},{\"@type\":\"ListItem\",\"position\":2,\"name\":\"Wer wir sind\",\"item\":\"https:\/\/www.cms-electronics.com\/en\/wer-wir-sind\/\"},{\"@type\":\"ListItem\",\"position\":3,\"name\":\"Meldestelle f\u00fcr Cybersicherheit &amp; Hinweisgebersystem\"}]},{\"@type\":\"WebSite\",\"@id\":\"https:\/\/www.cms-electronics.com\/#website\",\"url\":\"https:\/\/www.cms-electronics.com\/\",\"name\":\"cms electronics\",\"description\":\"Electronic Manufacturing Services\",\"alternateName\":\"cms electronics | Electronic Manufacturing Services\",\"potentialAction\":[{\"@type\":\"SearchAction\",\"target\":{\"@type\":\"EntryPoint\",\"urlTemplate\":\"https:\/\/www.cms-electronics.com\/?s={search_term_string}\"},\"query-input\":{\"@type\":\"PropertyValueSpecification\",\"valueRequired\":true,\"valueName\":\"search_term_string\"}}],\"inLanguage\":\"en-GB\"}]}<\/script>\n<!-- \/ Yoast SEO plugin. -->","yoast_head_json":{"title":"Meldestelle f\u00fcr Cybersicherheit &amp; Hinweisgebersystem - cms electronics","robots":{"index":"index","follow":"follow","max-snippet":"max-snippet:-1","max-image-preview":"max-image-preview:large","max-video-preview":"max-video-preview:-1"},"canonical":"https:\/\/www.cms-electronics.com\/en\/wer-wir-sind\/hinweisgebersystem-der-cms-electronics-group\/","og_locale":"en_GB","og_type":"article","og_title":"Meldestelle f\u00fcr Cybersicherheit &amp; Hinweisgebersystem - cms electronics","og_description":"Die cms electronics group legt gro\u00dfen Wert auf Integrit\u00e4t, Compliance und die digitale Sicherheit. Um potentielle Verst\u00f6\u00dfe effektiv adressieren zu k\u00f6nnen, haben wir die folgenden Meldestellen eingerichtet&#8230; Cybersicherheitsvorf\u00e4lle melden &#8211; Gemeinsam f\u00fcr eine sichere digitale Zukunft! In einer zunehmend vernetzten Welt ist Cybersicherheit von gr\u00f6\u00dfter Bedeutung &#8211; nicht nur f\u00fcr uns, sondern auch f\u00fcr unsere ... Read more","og_url":"https:\/\/www.cms-electronics.com\/en\/wer-wir-sind\/hinweisgebersystem-der-cms-electronics-group\/","og_site_name":"cms electronics","article_modified_time":"2025-10-15T08:11:05+00:00","og_image":[{"url":"https:\/\/www.cms-electronics.com\/wp-content\/uploads\/2024\/07\/arrow-black.svg","type":"","width":"","height":""}],"twitter_card":"summary_large_image","schema":{"@context":"https:\/\/schema.org","@graph":[{"@type":"WebPage","@id":"https:\/\/www.cms-electronics.com\/wer-wir-sind\/hinweisgebersystem-der-cms-electronics-group\/","url":"https:\/\/www.cms-electronics.com\/wer-wir-sind\/hinweisgebersystem-der-cms-electronics-group\/","name":"Meldestelle f\u00fcr Cybersicherheit &amp; Hinweisgebersystem - cms electronics","isPartOf":{"@id":"https:\/\/www.cms-electronics.com\/#website"},"primaryImageOfPage":{"@id":"https:\/\/www.cms-electronics.com\/wer-wir-sind\/hinweisgebersystem-der-cms-electronics-group\/#primaryimage"},"image":{"@id":"https:\/\/www.cms-electronics.com\/wer-wir-sind\/hinweisgebersystem-der-cms-electronics-group\/#primaryimage"},"thumbnailUrl":"https:\/\/www.cms-electronics.com\/wp-content\/uploads\/2024\/07\/arrow-black.svg","datePublished":"2024-07-26T15:03:54+00:00","dateModified":"2025-10-15T08:11:05+00:00","breadcrumb":{"@id":"https:\/\/www.cms-electronics.com\/wer-wir-sind\/hinweisgebersystem-der-cms-electronics-group\/#breadcrumb"},"inLanguage":"en-GB","potentialAction":[{"@type":"ReadAction","target":["https:\/\/www.cms-electronics.com\/wer-wir-sind\/hinweisgebersystem-der-cms-electronics-group\/"]}]},{"@type":"ImageObject","inLanguage":"en-GB","@id":"https:\/\/www.cms-electronics.com\/wer-wir-sind\/hinweisgebersystem-der-cms-electronics-group\/#primaryimage","url":"https:\/\/www.cms-electronics.com\/wp-content\/uploads\/2024\/07\/arrow-black.svg","contentUrl":"https:\/\/www.cms-electronics.com\/wp-content\/uploads\/2024\/07\/arrow-black.svg"},{"@type":"BreadcrumbList","@id":"https:\/\/www.cms-electronics.com\/wer-wir-sind\/hinweisgebersystem-der-cms-electronics-group\/#breadcrumb","itemListElement":[{"@type":"ListItem","position":1,"name":"Home","item":"https:\/\/www.cms-electronics.com\/"},{"@type":"ListItem","position":2,"name":"Wer wir sind","item":"https:\/\/www.cms-electronics.com\/en\/wer-wir-sind\/"},{"@type":"ListItem","position":3,"name":"Meldestelle f\u00fcr Cybersicherheit &amp; Hinweisgebersystem"}]},{"@type":"WebSite","@id":"https:\/\/www.cms-electronics.com\/#website","url":"https:\/\/www.cms-electronics.com\/","name":"cms electronics","description":"Electronic Manufacturing Services","alternateName":"cms electronics | Electronic Manufacturing Services","potentialAction":[{"@type":"SearchAction","target":{"@type":"EntryPoint","urlTemplate":"https:\/\/www.cms-electronics.com\/?s={search_term_string}"},"query-input":{"@type":"PropertyValueSpecification","valueRequired":true,"valueName":"search_term_string"}}],"inLanguage":"en-GB"}]}},"_links":{"self":[{"href":"https:\/\/www.cms-electronics.com\/en\/wp-json\/wp\/v2\/pages\/1735","targetHints":{"allow":["GET"]}}],"collection":[{"href":"https:\/\/www.cms-electronics.com\/en\/wp-json\/wp\/v2\/pages"}],"about":[{"href":"https:\/\/www.cms-electronics.com\/en\/wp-json\/wp\/v2\/types\/page"}],"author":[{"embeddable":true,"href":"https:\/\/www.cms-electronics.com\/en\/wp-json\/wp\/v2\/users\/4"}],"replies":[{"embeddable":true,"href":"https:\/\/www.cms-electronics.com\/en\/wp-json\/wp\/v2\/comments?post=1735"}],"version-history":[{"count":0,"href":"https:\/\/www.cms-electronics.com\/en\/wp-json\/wp\/v2\/pages\/1735\/revisions"}],"up":[{"embeddable":true,"href":"https:\/\/www.cms-electronics.com\/en\/wp-json\/wp\/v2\/pages\/750"}],"wp:attachment":[{"href":"https:\/\/www.cms-electronics.com\/en\/wp-json\/wp\/v2\/media?parent=1735"}],"curies":[{"name":"wp","href":"https:\/\/api.w.org\/{rel}","templated":true}]}}