{"id":1770,"date":"2024-07-26T16:00:57","date_gmt":"2024-07-26T16:00:57","guid":{"rendered":"https:\/\/webhost346-1.tls-host.eu\/?page_id=1770"},"modified":"2024-11-21T11:23:00","modified_gmt":"2024-11-21T10:23:00","slug":"testkonzepte-testen","status":"publish","type":"page","link":"https:\/\/www.cms-electronics.com\/en\/leistungen\/testkonzepte-testen\/","title":{"rendered":"Test concepts &amp; testing"},"content":{"rendered":"<img decoding=\"async\" src=\"https:\/\/www.cms-electronics.com\/wp-content\/uploads\/2024\/07\/arrow-black.svg\" alt=\"arrow-black\"  \/>\n\t<h2>Safety for your product<\/h2>\n<h4>Quality, durability and reliability are the most important aspects for any product. Tests provide assurance that your product works and meets the defined parameters.<\/h4>\n\t<h6>Our test planning is as individual as your electronics. In order to guarantee that you as a customer receive high-quality and functional products, it is essential to carry out various tests.<\/h6>\n<h6>With Design for Testability, we ensure right from the start that your product can be tested easily and cost-effectively throughout the entire production process.<\/h6>\n<h2>\n\t\tTesting all-inclusive\n\t<\/h2>\n\t<h6>Our many years of experience in testing are reflected in our approach. Our test planning covers four areas so that we can offer individually tailored test systems for each product. These sub-areas are the creation of a\u00a0<strong>Test strategy<\/strong>, the preparation of a\u00a0<strong>Test concept<\/strong>, the in-house\u00a0<strong>Test equipment construction<\/strong>\u00a0and the implementation of the various\u00a0<strong>Testing<\/strong>.<\/h6>\n\t\t\t\t\t<a href=\"#\" id=\"fl-accordion--label-0\" tabindex=\"0\" aria-controls=\"fl-accordion--panel-0\">Test strategy<\/a>\n\t\t\t\t\t\t\t\t\t\t\t<a href=\"#\" id=\"fl-accordion--icon-0\" tabindex=\"-1\"><i>Expand<\/i><\/a>\n\t\t\t\t\t<p>A good strategy makes the difference! We develop the optimal strategy for your product for and with our customers. From the very beginning, we consider a wide range of testing systems and evaluate which ones are consistent with the customer requirements and therefore are incorporated into the testing strategy.<\/p>\n<p>Our solutions cover a wide range of testing options, from optical inspections, 3D paste inspection (SPI) and automated optical inspection (AOI), to functional tests and in-circuit tests, as well as customer-specific optical inspection and stress tests.<\/p>\n<p>We can achieve this with our individual test stations, rotary indexing tables and also robot-assisted automation.<\/p>\n\t\t\t\t\t<a href=\"#\" id=\"fl-accordion--label-1\" tabindex=\"0\" aria-controls=\"fl-accordion--panel-1\">Test concept<\/a>\n\t\t\t\t\t\t\t\t\t\t\t<a href=\"#\" id=\"fl-accordion--icon-1\" tabindex=\"-1\"><i>Expand<\/i><\/a>\n\t\t\t\t\t<p>Our test concepts are unique. Our concept is as individual as your product. Our employees plan and produce test hardware and software tailored to your product in order to be able to offer you a cost- and production-efficient solution.<\/p>\n<p>Using this approach, we have developed our own test system, UMS 2010. Individually applicable and completely flexible, this platform enables you to generate the optimum level of efficiency.<\/p>\n<p>The UMS 2010 is used daily in our in-house developed robot-based basic systems and enables simple, fast, fully automatic and therefore cost-efficient testing of the manufactured assemblies.<\/p>\n\t\t\t\t\t<a href=\"#\" id=\"fl-accordion--label-2\" tabindex=\"0\" aria-controls=\"fl-accordion--panel-2\">Test equipment construction<\/a>\n\t\t\t\t\t\t\t\t\t\t\t<a href=\"#\" id=\"fl-accordion--icon-2\" tabindex=\"-1\"><i>Expand<\/i><\/a>\n\t\t\t\t\t<p>Building on the uniqueness of our test concepts, we create the appropriate test devices in-house. Thanks to our many years of expertise, we can guarantee independent, fast and high-quality implementation and maintenance of the test devices.<\/p>\n<p>The basis of our test devices is the UMS 2010 test system that we have developed. This flexible basic system makes it possible to effectively combine the developed hardware and software and thus produce optimal test devices in line with your requirements at low cost.<\/p>\n<p>As we overcome new challenges and technological change progresses, our expertise also grows. This enables us to continuously develop our systems. As a customer, you can be confident that the most advanced technology is always used to test your product.<\/p>\n\t\t\t\t\t<a href=\"#\" id=\"fl-accordion--label-3\" tabindex=\"0\" aria-controls=\"fl-accordion--panel-3\">Testing<\/a>\n\t\t\t\t\t\t\t\t\t\t\t<a href=\"#\" id=\"fl-accordion--icon-3\" tabindex=\"-1\"><i>Expand<\/i><\/a>\n\t\t\t\t\t<p>The zero-defect philosophy is our maxim for the production of your electronics. Accordingly, it is important to develop and use a customized and sensible combination of the various test methods.<\/p>\n<p>As a customer, you benefit from the know-how of our employees and the strategies, concepts and test equipment we develop ourselves. We offer a wide range of test procedures: from in-circuit tests (ICT), to functional and high-voltage tests, to stress tests (burn-in tests \/ run-in tests), we cover everything.<\/p>\n<p>Depending on your specific requirements, wishes and quantities, we implement these test variants in the form of individual test stations or with our fully automated systems.<\/p>\n\t\t\t\t<img loading=\"lazy\" decoding=\"async\" src=\"https:\/\/www.cms-electronics.com\/wp-content\/uploads\/2024\/07\/csm_Basisanlage_f0eee9fee8-1.jpg\" alt=\"csm_Basisanlage_f0eee9fee8\" itemprop=\"image\" height=\"500\" width=\"1140\" title=\"csm_basic system_f0eee9fee8\" onerror=\"this.style.display='none'\"  \/>","protected":false},"excerpt":{"rendered":"<p>Safety for your product Quality, durability and reliability are the most important aspects for every product. Tests provide security that your product works and meets the defined parameters. Our test planning is as individual as your electronics. In order to guarantee that you as a customer receive high-quality and functional products, it is essential to carry out various tests. ... <a title=\"Test concepts &amp; testing\" class=\"read-more\" href=\"https:\/\/www.cms-electronics.com\/en\/leistungen\/testkonzepte-testen\/\" aria-label=\"Read more about Test Concepts &amp; Testing\">Read more<\/a><\/p>","protected":false},"author":4,"featured_media":0,"parent":638,"menu_order":0,"comment_status":"closed","ping_status":"closed","template":"","meta":{"_acf_changed":false,"footnotes":""},"class_list":["post-1770","page","type-page","status-publish"],"acf":[],"yoast_head":"<!-- This site is optimized with the Yoast SEO plugin v27.2 - https:\/\/yoast.com\/product\/yoast-seo-wordpress\/ -->\n<title>Testkonzepte &amp; Testen - cms electronics<\/title>\n<meta name=\"robots\" content=\"index, follow, max-snippet:-1, max-image-preview:large, max-video-preview:-1\" \/>\n<link rel=\"canonical\" href=\"https:\/\/www.cms-electronics.com\/en\/leistungen\/testkonzepte-testen\/\" \/>\n<meta property=\"og:locale\" content=\"en_GB\" \/>\n<meta property=\"og:type\" content=\"article\" \/>\n<meta property=\"og:title\" content=\"Testkonzepte &amp; Testen - cms electronics\" \/>\n<meta property=\"og:description\" content=\"Sicherheit f\u00fcr Ihr Produkt Qualit\u00e4t, Langlebigkeit und Zuverl\u00e4ssigkeit sind die wichtigsten Aspekte f\u00fcr jedes Produkt. Tests geben Sicherheit, dass ihr Produkt funktioniert und den definierten Parametern entspricht. So individuell Ihre Elektronik ist, so individuell ist unsere Testplanung. Um zu garantieren, dass Sie als Kunde hochwertige und funktionale Produkte erhalten, ist es unabdingbar diverse Tests durchzuf\u00fchren. ... Read more\" \/>\n<meta property=\"og:url\" content=\"https:\/\/www.cms-electronics.com\/en\/leistungen\/testkonzepte-testen\/\" \/>\n<meta property=\"og:site_name\" content=\"cms electronics\" \/>\n<meta property=\"article:modified_time\" content=\"2024-11-21T10:23:00+00:00\" \/>\n<meta property=\"og:image\" content=\"https:\/\/www.cms-electronics.com\/wp-content\/uploads\/2024\/07\/arrow-black.svg\" \/>\n<meta name=\"twitter:card\" content=\"summary_large_image\" \/>\n<script type=\"application\/ld+json\" class=\"yoast-schema-graph\">{\"@context\":\"https:\/\/schema.org\",\"@graph\":[{\"@type\":\"WebPage\",\"@id\":\"https:\/\/www.cms-electronics.com\/leistungen\/testkonzepte-testen\/\",\"url\":\"https:\/\/www.cms-electronics.com\/leistungen\/testkonzepte-testen\/\",\"name\":\"Testkonzepte &amp; Testen - cms electronics\",\"isPartOf\":{\"@id\":\"https:\/\/www.cms-electronics.com\/#website\"},\"primaryImageOfPage\":{\"@id\":\"https:\/\/www.cms-electronics.com\/leistungen\/testkonzepte-testen\/#primaryimage\"},\"image\":{\"@id\":\"https:\/\/www.cms-electronics.com\/leistungen\/testkonzepte-testen\/#primaryimage\"},\"thumbnailUrl\":\"https:\/\/www.cms-electronics.com\/wp-content\/uploads\/2024\/07\/arrow-black.svg\",\"datePublished\":\"2024-07-26T16:00:57+00:00\",\"dateModified\":\"2024-11-21T10:23:00+00:00\",\"breadcrumb\":{\"@id\":\"https:\/\/www.cms-electronics.com\/leistungen\/testkonzepte-testen\/#breadcrumb\"},\"inLanguage\":\"en-GB\",\"potentialAction\":[{\"@type\":\"ReadAction\",\"target\":[\"https:\/\/www.cms-electronics.com\/leistungen\/testkonzepte-testen\/\"]}]},{\"@type\":\"ImageObject\",\"inLanguage\":\"en-GB\",\"@id\":\"https:\/\/www.cms-electronics.com\/leistungen\/testkonzepte-testen\/#primaryimage\",\"url\":\"https:\/\/www.cms-electronics.com\/wp-content\/uploads\/2024\/07\/arrow-black.svg\",\"contentUrl\":\"https:\/\/www.cms-electronics.com\/wp-content\/uploads\/2024\/07\/arrow-black.svg\"},{\"@type\":\"BreadcrumbList\",\"@id\":\"https:\/\/www.cms-electronics.com\/leistungen\/testkonzepte-testen\/#breadcrumb\",\"itemListElement\":[{\"@type\":\"ListItem\",\"position\":1,\"name\":\"Home\",\"item\":\"https:\/\/www.cms-electronics.com\/\"},{\"@type\":\"ListItem\",\"position\":2,\"name\":\"Leistungen\",\"item\":\"https:\/\/www.cms-electronics.com\/leistungen\/\"},{\"@type\":\"ListItem\",\"position\":3,\"name\":\"Testkonzepte &amp; Testen\"}]},{\"@type\":\"WebSite\",\"@id\":\"https:\/\/www.cms-electronics.com\/#website\",\"url\":\"https:\/\/www.cms-electronics.com\/\",\"name\":\"cms electronics\",\"description\":\"Electronic Manufacturing Services\",\"alternateName\":\"cms electronics | Electronic Manufacturing Services\",\"potentialAction\":[{\"@type\":\"SearchAction\",\"target\":{\"@type\":\"EntryPoint\",\"urlTemplate\":\"https:\/\/www.cms-electronics.com\/?s={search_term_string}\"},\"query-input\":{\"@type\":\"PropertyValueSpecification\",\"valueRequired\":true,\"valueName\":\"search_term_string\"}}],\"inLanguage\":\"en-GB\"}]}<\/script>\n<!-- \/ Yoast SEO plugin. -->","yoast_head_json":{"title":"Testkonzepte &amp; Testen - cms electronics","robots":{"index":"index","follow":"follow","max-snippet":"max-snippet:-1","max-image-preview":"max-image-preview:large","max-video-preview":"max-video-preview:-1"},"canonical":"https:\/\/www.cms-electronics.com\/en\/leistungen\/testkonzepte-testen\/","og_locale":"en_GB","og_type":"article","og_title":"Testkonzepte &amp; Testen - cms electronics","og_description":"Sicherheit f\u00fcr Ihr Produkt Qualit\u00e4t, Langlebigkeit und Zuverl\u00e4ssigkeit sind die wichtigsten Aspekte f\u00fcr jedes Produkt. Tests geben Sicherheit, dass ihr Produkt funktioniert und den definierten Parametern entspricht. So individuell Ihre Elektronik ist, so individuell ist unsere Testplanung. Um zu garantieren, dass Sie als Kunde hochwertige und funktionale Produkte erhalten, ist es unabdingbar diverse Tests durchzuf\u00fchren. ... Read more","og_url":"https:\/\/www.cms-electronics.com\/en\/leistungen\/testkonzepte-testen\/","og_site_name":"cms electronics","article_modified_time":"2024-11-21T10:23:00+00:00","og_image":[{"url":"https:\/\/www.cms-electronics.com\/wp-content\/uploads\/2024\/07\/arrow-black.svg","type":"","width":"","height":""}],"twitter_card":"summary_large_image","schema":{"@context":"https:\/\/schema.org","@graph":[{"@type":"WebPage","@id":"https:\/\/www.cms-electronics.com\/leistungen\/testkonzepte-testen\/","url":"https:\/\/www.cms-electronics.com\/leistungen\/testkonzepte-testen\/","name":"Testkonzepte &amp; Testen - cms electronics","isPartOf":{"@id":"https:\/\/www.cms-electronics.com\/#website"},"primaryImageOfPage":{"@id":"https:\/\/www.cms-electronics.com\/leistungen\/testkonzepte-testen\/#primaryimage"},"image":{"@id":"https:\/\/www.cms-electronics.com\/leistungen\/testkonzepte-testen\/#primaryimage"},"thumbnailUrl":"https:\/\/www.cms-electronics.com\/wp-content\/uploads\/2024\/07\/arrow-black.svg","datePublished":"2024-07-26T16:00:57+00:00","dateModified":"2024-11-21T10:23:00+00:00","breadcrumb":{"@id":"https:\/\/www.cms-electronics.com\/leistungen\/testkonzepte-testen\/#breadcrumb"},"inLanguage":"en-GB","potentialAction":[{"@type":"ReadAction","target":["https:\/\/www.cms-electronics.com\/leistungen\/testkonzepte-testen\/"]}]},{"@type":"ImageObject","inLanguage":"en-GB","@id":"https:\/\/www.cms-electronics.com\/leistungen\/testkonzepte-testen\/#primaryimage","url":"https:\/\/www.cms-electronics.com\/wp-content\/uploads\/2024\/07\/arrow-black.svg","contentUrl":"https:\/\/www.cms-electronics.com\/wp-content\/uploads\/2024\/07\/arrow-black.svg"},{"@type":"BreadcrumbList","@id":"https:\/\/www.cms-electronics.com\/leistungen\/testkonzepte-testen\/#breadcrumb","itemListElement":[{"@type":"ListItem","position":1,"name":"Home","item":"https:\/\/www.cms-electronics.com\/"},{"@type":"ListItem","position":2,"name":"Leistungen","item":"https:\/\/www.cms-electronics.com\/leistungen\/"},{"@type":"ListItem","position":3,"name":"Testkonzepte &amp; Testen"}]},{"@type":"WebSite","@id":"https:\/\/www.cms-electronics.com\/#website","url":"https:\/\/www.cms-electronics.com\/","name":"cms electronics","description":"Electronic Manufacturing Services","alternateName":"cms electronics | Electronic Manufacturing Services","potentialAction":[{"@type":"SearchAction","target":{"@type":"EntryPoint","urlTemplate":"https:\/\/www.cms-electronics.com\/?s={search_term_string}"},"query-input":{"@type":"PropertyValueSpecification","valueRequired":true,"valueName":"search_term_string"}}],"inLanguage":"en-GB"}]}},"_links":{"self":[{"href":"https:\/\/www.cms-electronics.com\/en\/wp-json\/wp\/v2\/pages\/1770","targetHints":{"allow":["GET"]}}],"collection":[{"href":"https:\/\/www.cms-electronics.com\/en\/wp-json\/wp\/v2\/pages"}],"about":[{"href":"https:\/\/www.cms-electronics.com\/en\/wp-json\/wp\/v2\/types\/page"}],"author":[{"embeddable":true,"href":"https:\/\/www.cms-electronics.com\/en\/wp-json\/wp\/v2\/users\/4"}],"replies":[{"embeddable":true,"href":"https:\/\/www.cms-electronics.com\/en\/wp-json\/wp\/v2\/comments?post=1770"}],"version-history":[{"count":0,"href":"https:\/\/www.cms-electronics.com\/en\/wp-json\/wp\/v2\/pages\/1770\/revisions"}],"up":[{"embeddable":true,"href":"https:\/\/www.cms-electronics.com\/en\/wp-json\/wp\/v2\/pages\/638"}],"wp:attachment":[{"href":"https:\/\/www.cms-electronics.com\/en\/wp-json\/wp\/v2\/media?parent=1770"}],"curies":[{"name":"wp","href":"https:\/\/api.w.org\/{rel}","templated":true}]}}