{"id":1845,"date":"2024-07-29T18:21:59","date_gmt":"2024-07-29T18:21:59","guid":{"rendered":"https:\/\/webhost346-1.tls-host.eu\/?page_id=1845"},"modified":"2024-10-29T16:57:07","modified_gmt":"2024-10-29T15:57:07","slug":"industrie","status":"publish","type":"page","link":"https:\/\/www.cms-electronics.com\/en\/branchen\/industrie\/","title":{"rendered":"Industry"},"content":{"rendered":"<h4>\n\t\tCertificates\n\t<\/h4>\n    <a href=\"\/en\/wer-wir-sind\/zertifikate-auszeichnungen\/\">ISO 9001<\/a>\n    <a href=\"\/en\/wer-wir-sind\/zertifikate-auszeichnungen\/\">ISO14001<\/a>\n<h6>\n\t\tFAST AND RELIABLE\n\t<\/h6>\n\t<h3>Efficient and precise electronic solutions for industry \u2013 quality you can rely on<\/h3>\n\t<img decoding=\"async\" role=\"img\" src=\"https:\/\/www.cms-electronics.com\/wp-content\/uploads\/2024\/07\/arrow-black.svg\" alt=\"cms-logo-arrow\"  \/>\n    <img decoding=\"async\" src=\"\/wp-content\/uploads\/2024\/07\/cms-industry2.svg\" alt=\"industrie anim\"\/>\n\t<h6>The industry places high demands on the quality and variety of electronic components.<\/h6>\n<h6>At <b>cms electronics<\/b> The complexity and high component density of these applications drive us to always offer top performance.<\/h6>\n<h6>Our high-precision assembly machines and the specially developed robot-based basic system for depaneling, programming and testing enable fast and effective production.<\/h6>\n<h6>Together with our experienced team, we guarantee the highest precision and minimal PPM values. Trust in a partner who combines efficiency and quality in every production.<\/h6>\n<h6>\n\t\tIndustry\n\t<\/h6>\n<h2>\n\t\tApplications\n\t<\/h2>\n\t<h6>Diverse requirements require tailor-made solutions!<\/h6>\n<h6>At cms electronics we produce your industrial solutions, including embedded systems, measuring systems and sensors.<\/h6>\n<h6>Another significant contribution to our daily lives is the production of power supplies and power electronics that provide the necessary energy boost for various devices.<\/h6>\n<h6>In the area of communication, you will find our assembled circuit boards, including in radio transponders.<\/h6>\n<h6>We have the necessary know-how and precision to ensure the best quality as a manufacturing partner for industrial LED applications, heating technology and cooling devices.<\/h6>\n<h6>We guarantee the highest quality and reliability in every area to meet your requirements and support the success of your products.<\/h6>","protected":false},"excerpt":{"rendered":"<p>Certificates ISO 9001 ISO 14001 FAST AND RELIABLE Efficient and precise electronic solutions for industry \u2013 quality you can rely on Industry places high demands on the quality and variety of electronic components. At cms electronics, the complexity and high component density of these applications drive us to always offer top performance. Our high-precision assembly machines and ... <a title=\"Industry\" class=\"read-more\" href=\"https:\/\/www.cms-electronics.com\/en\/branchen\/industrie\/\" aria-label=\"Read more about Industry\">Read more<\/a><\/p>","protected":false},"author":4,"featured_media":0,"parent":789,"menu_order":0,"comment_status":"closed","ping_status":"closed","template":"","meta":{"_acf_changed":false,"footnotes":""},"class_list":["post-1845","page","type-page","status-publish"],"acf":[],"yoast_head":"<!-- This site is optimized with the Yoast SEO plugin v27.2 - https:\/\/yoast.com\/product\/yoast-seo-wordpress\/ -->\n<title>Industrie - cms electronics<\/title>\n<meta name=\"robots\" content=\"index, follow, max-snippet:-1, max-image-preview:large, max-video-preview:-1\" \/>\n<link rel=\"canonical\" href=\"https:\/\/www.cms-electronics.com\/en\/branchen\/industrie\/\" \/>\n<meta property=\"og:locale\" content=\"en_GB\" \/>\n<meta property=\"og:type\" content=\"article\" \/>\n<meta property=\"og:title\" content=\"Industrie - cms electronics\" \/>\n<meta property=\"og:description\" content=\"Zertifikate ISO 9001 ISO 14001 SCHNELL UND ZUVERL\u00c4SSIG Effiziente und pr\u00e4zise Elektronikl\u00f6sungen f\u00fcr die Industrie &#8211; Qualit\u00e4t, auf die Sie sich verlassen k\u00f6nnen Die Industrie stellt hohe Anforderungen an Qualit\u00e4t und Vielfalt elektronischer Komponenten. Bei cms electronics treiben uns die Komplexit\u00e4t und hohe Bauteildichte dieser Anwendungen an, stets H\u00f6chstleistung zu bieten. Unsere hochpr\u00e4zisen Best\u00fcckungsmaschinen und ... Read more\" \/>\n<meta property=\"og:url\" content=\"https:\/\/www.cms-electronics.com\/en\/branchen\/industrie\/\" \/>\n<meta property=\"og:site_name\" content=\"cms electronics\" \/>\n<meta property=\"article:modified_time\" content=\"2024-10-29T15:57:07+00:00\" \/>\n<meta property=\"og:image\" content=\"https:\/\/www.cms-electronics.com\/wp-content\/uploads\/2024\/07\/arrow-black.svg\" \/>\n<meta name=\"twitter:card\" content=\"summary_large_image\" \/>\n<script type=\"application\/ld+json\" class=\"yoast-schema-graph\">{\"@context\":\"https:\/\/schema.org\",\"@graph\":[{\"@type\":\"WebPage\",\"@id\":\"https:\/\/www.cms-electronics.com\/branchen\/industrie\/\",\"url\":\"https:\/\/www.cms-electronics.com\/branchen\/industrie\/\",\"name\":\"Industrie - cms electronics\",\"isPartOf\":{\"@id\":\"https:\/\/www.cms-electronics.com\/#website\"},\"primaryImageOfPage\":{\"@id\":\"https:\/\/www.cms-electronics.com\/branchen\/industrie\/#primaryimage\"},\"image\":{\"@id\":\"https:\/\/www.cms-electronics.com\/branchen\/industrie\/#primaryimage\"},\"thumbnailUrl\":\"https:\/\/www.cms-electronics.com\/wp-content\/uploads\/2024\/07\/arrow-black.svg\",\"datePublished\":\"2024-07-29T18:21:59+00:00\",\"dateModified\":\"2024-10-29T15:57:07+00:00\",\"breadcrumb\":{\"@id\":\"https:\/\/www.cms-electronics.com\/branchen\/industrie\/#breadcrumb\"},\"inLanguage\":\"en-GB\",\"potentialAction\":[{\"@type\":\"ReadAction\",\"target\":[\"https:\/\/www.cms-electronics.com\/branchen\/industrie\/\"]}]},{\"@type\":\"ImageObject\",\"inLanguage\":\"en-GB\",\"@id\":\"https:\/\/www.cms-electronics.com\/branchen\/industrie\/#primaryimage\",\"url\":\"https:\/\/www.cms-electronics.com\/wp-content\/uploads\/2024\/07\/arrow-black.svg\",\"contentUrl\":\"https:\/\/www.cms-electronics.com\/wp-content\/uploads\/2024\/07\/arrow-black.svg\"},{\"@type\":\"BreadcrumbList\",\"@id\":\"https:\/\/www.cms-electronics.com\/branchen\/industrie\/#breadcrumb\",\"itemListElement\":[{\"@type\":\"ListItem\",\"position\":1,\"name\":\"Home\",\"item\":\"https:\/\/www.cms-electronics.com\/\"},{\"@type\":\"ListItem\",\"position\":2,\"name\":\"Branchen\",\"item\":\"https:\/\/www.cms-electronics.com\/branchen\/\"},{\"@type\":\"ListItem\",\"position\":3,\"name\":\"Industrie\"}]},{\"@type\":\"WebSite\",\"@id\":\"https:\/\/www.cms-electronics.com\/#website\",\"url\":\"https:\/\/www.cms-electronics.com\/\",\"name\":\"cms electronics\",\"description\":\"Electronic Manufacturing Services\",\"alternateName\":\"cms electronics | Electronic Manufacturing Services\",\"potentialAction\":[{\"@type\":\"SearchAction\",\"target\":{\"@type\":\"EntryPoint\",\"urlTemplate\":\"https:\/\/www.cms-electronics.com\/?s={search_term_string}\"},\"query-input\":{\"@type\":\"PropertyValueSpecification\",\"valueRequired\":true,\"valueName\":\"search_term_string\"}}],\"inLanguage\":\"en-GB\"}]}<\/script>\n<!-- \/ Yoast SEO plugin. -->","yoast_head_json":{"title":"Industrie - cms electronics","robots":{"index":"index","follow":"follow","max-snippet":"max-snippet:-1","max-image-preview":"max-image-preview:large","max-video-preview":"max-video-preview:-1"},"canonical":"https:\/\/www.cms-electronics.com\/en\/branchen\/industrie\/","og_locale":"en_GB","og_type":"article","og_title":"Industrie - cms electronics","og_description":"Zertifikate ISO 9001 ISO 14001 SCHNELL UND ZUVERL\u00c4SSIG Effiziente und pr\u00e4zise Elektronikl\u00f6sungen f\u00fcr die Industrie &#8211; Qualit\u00e4t, auf die Sie sich verlassen k\u00f6nnen Die Industrie stellt hohe Anforderungen an Qualit\u00e4t und Vielfalt elektronischer Komponenten. Bei cms electronics treiben uns die Komplexit\u00e4t und hohe Bauteildichte dieser Anwendungen an, stets H\u00f6chstleistung zu bieten. Unsere hochpr\u00e4zisen Best\u00fcckungsmaschinen und ... Read more","og_url":"https:\/\/www.cms-electronics.com\/en\/branchen\/industrie\/","og_site_name":"cms electronics","article_modified_time":"2024-10-29T15:57:07+00:00","og_image":[{"url":"https:\/\/www.cms-electronics.com\/wp-content\/uploads\/2024\/07\/arrow-black.svg","type":"","width":"","height":""}],"twitter_card":"summary_large_image","schema":{"@context":"https:\/\/schema.org","@graph":[{"@type":"WebPage","@id":"https:\/\/www.cms-electronics.com\/branchen\/industrie\/","url":"https:\/\/www.cms-electronics.com\/branchen\/industrie\/","name":"Industrie - cms electronics","isPartOf":{"@id":"https:\/\/www.cms-electronics.com\/#website"},"primaryImageOfPage":{"@id":"https:\/\/www.cms-electronics.com\/branchen\/industrie\/#primaryimage"},"image":{"@id":"https:\/\/www.cms-electronics.com\/branchen\/industrie\/#primaryimage"},"thumbnailUrl":"https:\/\/www.cms-electronics.com\/wp-content\/uploads\/2024\/07\/arrow-black.svg","datePublished":"2024-07-29T18:21:59+00:00","dateModified":"2024-10-29T15:57:07+00:00","breadcrumb":{"@id":"https:\/\/www.cms-electronics.com\/branchen\/industrie\/#breadcrumb"},"inLanguage":"en-GB","potentialAction":[{"@type":"ReadAction","target":["https:\/\/www.cms-electronics.com\/branchen\/industrie\/"]}]},{"@type":"ImageObject","inLanguage":"en-GB","@id":"https:\/\/www.cms-electronics.com\/branchen\/industrie\/#primaryimage","url":"https:\/\/www.cms-electronics.com\/wp-content\/uploads\/2024\/07\/arrow-black.svg","contentUrl":"https:\/\/www.cms-electronics.com\/wp-content\/uploads\/2024\/07\/arrow-black.svg"},{"@type":"BreadcrumbList","@id":"https:\/\/www.cms-electronics.com\/branchen\/industrie\/#breadcrumb","itemListElement":[{"@type":"ListItem","position":1,"name":"Home","item":"https:\/\/www.cms-electronics.com\/"},{"@type":"ListItem","position":2,"name":"Branchen","item":"https:\/\/www.cms-electronics.com\/branchen\/"},{"@type":"ListItem","position":3,"name":"Industrie"}]},{"@type":"WebSite","@id":"https:\/\/www.cms-electronics.com\/#website","url":"https:\/\/www.cms-electronics.com\/","name":"cms electronics","description":"Electronic Manufacturing Services","alternateName":"cms electronics | Electronic Manufacturing Services","potentialAction":[{"@type":"SearchAction","target":{"@type":"EntryPoint","urlTemplate":"https:\/\/www.cms-electronics.com\/?s={search_term_string}"},"query-input":{"@type":"PropertyValueSpecification","valueRequired":true,"valueName":"search_term_string"}}],"inLanguage":"en-GB"}]}},"_links":{"self":[{"href":"https:\/\/www.cms-electronics.com\/en\/wp-json\/wp\/v2\/pages\/1845","targetHints":{"allow":["GET"]}}],"collection":[{"href":"https:\/\/www.cms-electronics.com\/en\/wp-json\/wp\/v2\/pages"}],"about":[{"href":"https:\/\/www.cms-electronics.com\/en\/wp-json\/wp\/v2\/types\/page"}],"author":[{"embeddable":true,"href":"https:\/\/www.cms-electronics.com\/en\/wp-json\/wp\/v2\/users\/4"}],"replies":[{"embeddable":true,"href":"https:\/\/www.cms-electronics.com\/en\/wp-json\/wp\/v2\/comments?post=1845"}],"version-history":[{"count":0,"href":"https:\/\/www.cms-electronics.com\/en\/wp-json\/wp\/v2\/pages\/1845\/revisions"}],"up":[{"embeddable":true,"href":"https:\/\/www.cms-electronics.com\/en\/wp-json\/wp\/v2\/pages\/789"}],"wp:attachment":[{"href":"https:\/\/www.cms-electronics.com\/en\/wp-json\/wp\/v2\/media?parent=1845"}],"curies":[{"name":"wp","href":"https:\/\/api.w.org\/{rel}","templated":true}]}}