{"id":1862,"date":"2024-07-30T11:25:30","date_gmt":"2024-07-30T11:25:30","guid":{"rendered":"https:\/\/webhost346-1.tls-host.eu\/?page_id=1862"},"modified":"2026-01-28T12:56:48","modified_gmt":"2026-01-28T11:56:48","slug":"qualitaet-umwelt","status":"publish","type":"page","link":"https:\/\/www.cms-electronics.com\/en\/leistungen\/qualitaet-umwelt\/","title":{"rendered":"Quality &amp; Environment"},"content":{"rendered":"<img decoding=\"async\" src=\"https:\/\/www.cms-electronics.com\/wp-content\/uploads\/2024\/07\/arrow-black.svg\" alt=\"arrow-black\"  \/>\n<h6>\n\t\tQuality\n\t<\/h6>\n\t<h3>\u201cHe who believes he is something has ceased to become something.\u201d<\/h3>\n<h5><em>(Socrates)<\/em><\/h5>\n<h4>We are a reliable, active and flexible partner to our customers and offer them innovative and high-quality solutions.<\/h4>\n\t<h6>In order to always be able to offer our customers \u201celectronics all inclusive\u201d in all areas, it is our task to never stand still and to constantly develop the quality concept in all areas.<\/h6>\n<h6>Versatility is our greatest strength, especially decades of experience in a wide range of areas of the electronics industry. That is why we have been awarded BestEMS in the quality category several times. For us, this is both recognition and an incentive to continue on our path.<\/h6>\n<h6>\n\t\tQuality all inclusive\n\t<\/h6>\n<h3>\n\t\tBy quality all inclusive we mean:\n\t<\/h3>\n\t<h6>not just the individual product, but the entire value creation process.<\/h6>\n<ul>\n<li>\n<h6>our culture of focusing on meeting all customer requirements and continuous improvement and development.<\/h6>\n<\/li>\n<li>\n<h6>our highly motivated and experienced employees.<\/h6>\n<\/li>\n<li>\n<h6>Actively managing our risks and opportunities for reliable products and sustainable corporate success.<\/h6>\n<\/li>\n<\/ul>\n<h6>This is not only a requirement for us, but is also proven by our certificates: ISO9001, ISO13485, ISO14001, IATF16949 and ISA.<\/h6>\n\t\t\t\t<img loading=\"lazy\" decoding=\"async\" src=\"https:\/\/www.cms-electronics.com\/wp-content\/uploads\/2024\/07\/csm_Qualitaet_header_v2_dd7e841ef8-1.jpg\" alt=\"csm_Qualitaet_header_v2_dd7e841ef8\" itemprop=\"image\" height=\"500\" width=\"1140\" title=\"csm_Qualitaet_header_v2_dd7e841ef8\" onerror=\"this.style.display='none'\"  \/>\n<h6>\n\t\tEnvironment\n\t<\/h6>\n\t<h3>Sustainable action secures the future of our company. We see environmental protection as an investment in our future and the future of our children.<\/h3>\n\t<h6>As a global company, we are also aware of our responsibility towards global and long-term challenges such as demographic change, climate change and limited resources and have therefore made environmental protection an integral part of our business activities.<\/h6>\n<h6>We offer our customers reliable, high-quality and environmentally friendly products that are manufactured in compliance with applicable environmental, occupational and health protection regulations.<\/h6>\n<h6>We are committed to continuously improving occupational health and safety and to measures that contribute to strengthening environmental protection and motivate our employees to act in an environmentally conscious manner.<\/h6>\n\t\t\t\t<img loading=\"lazy\" decoding=\"async\" src=\"https:\/\/www.cms-electronics.com\/wp-content\/uploads\/2024\/07\/vecteezy_ai-generated-a-green-hill-with-hills-and-a-tree_35821930.jpg\" alt=\"green-hill-with-hills-and-a-tree\" itemprop=\"image\" height=\"1316\" width=\"2400\" title=\"vecteezy_ai-generated-a-green-hill-with-hills-and-a-tree_35821930\" onerror=\"this.style.display='none'\"  \/>\n<h6>\n\t\teconomically viable\n\t<\/h6>\n<h2>\n\t\tEnvironmental protection all inclusive\n\t<\/h2>\n\t<p>As a technology company, we are dependent on a wide variety of raw materials. Due to the increasing scarcity of resources, the economical use of the materials we use is not only mandatory from an ecological point of view, but also makes economic sense. We are therefore constantly working to reduce resource consumption.<\/p>\n<p>The declared goal, which is anchored in the cms environmental policy, is to manufacture our products while avoiding environmental pollution and conserving resources as much as possible.<\/p>\n<p>All of our locations are certified according to the environmental management standard ISO14001 in order to systematically implement the requirements, from product development to procurement and production to disposal and recycling.<\/p>\n<p>In order to ensure the responsible handling of the materials used, we strictly adhere to the applicable regulations and also require our suppliers to comply with all legal provisions and to follow their duty to provide information when delivering hazardous substances.<\/p>","protected":false},"excerpt":{"rendered":"<p>Quality &quot;He who believes he is something has stopped becoming something.&quot; (Socrates) We are a reliable, active and flexible partner for our customers and offer them innovative and high-quality solutions. In order to always be able to offer our customers &quot;electronics all inclusive&quot; in all areas, it is our job to never stand still and to constantly pursue the idea of quality in all areas... <a title=\"Quality &amp; Environment\" class=\"read-more\" href=\"https:\/\/www.cms-electronics.com\/en\/leistungen\/qualitaet-umwelt\/\" aria-label=\"Read more about Quality &amp; Environment\">Read more<\/a><\/p>","protected":false},"author":4,"featured_media":0,"parent":638,"menu_order":0,"comment_status":"closed","ping_status":"closed","template":"","meta":{"_acf_changed":false,"footnotes":""},"class_list":["post-1862","page","type-page","status-publish"],"acf":[],"yoast_head":"<!-- This site is optimized with the Yoast SEO plugin v27.2 - https:\/\/yoast.com\/product\/yoast-seo-wordpress\/ -->\n<title>Qualit\u00e4t &amp; Umwelt - cms electronics<\/title>\n<meta name=\"robots\" content=\"index, follow, max-snippet:-1, max-image-preview:large, max-video-preview:-1\" \/>\n<link rel=\"canonical\" href=\"https:\/\/www.cms-electronics.com\/en\/leistungen\/qualitaet-umwelt\/\" \/>\n<meta property=\"og:locale\" content=\"en_GB\" \/>\n<meta property=\"og:type\" content=\"article\" \/>\n<meta property=\"og:title\" content=\"Qualit\u00e4t &amp; Umwelt - cms electronics\" \/>\n<meta property=\"og:description\" content=\"Qualit\u00e4t &#8222;Wer glaubt Etwas zu sein, hat aufgeh\u00f6rt Etwas zu werden.&#8220; (Sokrates) Wir sind unseren Kunden ein zuverl\u00e4ssiger, aktiver und flexibler Partner und bieten ihnen innovative und hochwertige L\u00f6sungen. Um unseren Kunden in s\u00e4mtlichen Bereichen stets &#8222;electronics all inclusive&#8220; bieten zu k\u00f6nnen, ist es unsere Aufgabe, nie stehenzubleiben und den Qualit\u00e4tsgedanken in allen Bereichen best\u00e4ndig ... Read more\" \/>\n<meta property=\"og:url\" content=\"https:\/\/www.cms-electronics.com\/en\/leistungen\/qualitaet-umwelt\/\" \/>\n<meta property=\"og:site_name\" content=\"cms electronics\" \/>\n<meta property=\"article:modified_time\" content=\"2026-01-28T11:56:48+00:00\" \/>\n<meta property=\"og:image\" content=\"https:\/\/www.cms-electronics.com\/wp-content\/uploads\/2024\/07\/arrow-black.svg\" \/>\n<meta name=\"twitter:card\" content=\"summary_large_image\" \/>\n<script type=\"application\/ld+json\" class=\"yoast-schema-graph\">{\"@context\":\"https:\/\/schema.org\",\"@graph\":[{\"@type\":\"WebPage\",\"@id\":\"https:\/\/www.cms-electronics.com\/leistungen\/qualitaet-umwelt\/\",\"url\":\"https:\/\/www.cms-electronics.com\/leistungen\/qualitaet-umwelt\/\",\"name\":\"Qualit\u00e4t &amp; Umwelt - cms electronics\",\"isPartOf\":{\"@id\":\"https:\/\/www.cms-electronics.com\/#website\"},\"primaryImageOfPage\":{\"@id\":\"https:\/\/www.cms-electronics.com\/leistungen\/qualitaet-umwelt\/#primaryimage\"},\"image\":{\"@id\":\"https:\/\/www.cms-electronics.com\/leistungen\/qualitaet-umwelt\/#primaryimage\"},\"thumbnailUrl\":\"https:\/\/www.cms-electronics.com\/wp-content\/uploads\/2024\/07\/arrow-black.svg\",\"datePublished\":\"2024-07-30T11:25:30+00:00\",\"dateModified\":\"2026-01-28T11:56:48+00:00\",\"breadcrumb\":{\"@id\":\"https:\/\/www.cms-electronics.com\/leistungen\/qualitaet-umwelt\/#breadcrumb\"},\"inLanguage\":\"en-GB\",\"potentialAction\":[{\"@type\":\"ReadAction\",\"target\":[\"https:\/\/www.cms-electronics.com\/leistungen\/qualitaet-umwelt\/\"]}]},{\"@type\":\"ImageObject\",\"inLanguage\":\"en-GB\",\"@id\":\"https:\/\/www.cms-electronics.com\/leistungen\/qualitaet-umwelt\/#primaryimage\",\"url\":\"https:\/\/www.cms-electronics.com\/wp-content\/uploads\/2024\/07\/arrow-black.svg\",\"contentUrl\":\"https:\/\/www.cms-electronics.com\/wp-content\/uploads\/2024\/07\/arrow-black.svg\"},{\"@type\":\"BreadcrumbList\",\"@id\":\"https:\/\/www.cms-electronics.com\/leistungen\/qualitaet-umwelt\/#breadcrumb\",\"itemListElement\":[{\"@type\":\"ListItem\",\"position\":1,\"name\":\"Home\",\"item\":\"https:\/\/www.cms-electronics.com\/\"},{\"@type\":\"ListItem\",\"position\":2,\"name\":\"Leistungen\",\"item\":\"https:\/\/www.cms-electronics.com\/leistungen\/\"},{\"@type\":\"ListItem\",\"position\":3,\"name\":\"Qualit\u00e4t &amp; Umwelt\"}]},{\"@type\":\"WebSite\",\"@id\":\"https:\/\/www.cms-electronics.com\/#website\",\"url\":\"https:\/\/www.cms-electronics.com\/\",\"name\":\"cms electronics\",\"description\":\"Electronic Manufacturing Services\",\"alternateName\":\"cms electronics | Electronic Manufacturing Services\",\"potentialAction\":[{\"@type\":\"SearchAction\",\"target\":{\"@type\":\"EntryPoint\",\"urlTemplate\":\"https:\/\/www.cms-electronics.com\/?s={search_term_string}\"},\"query-input\":{\"@type\":\"PropertyValueSpecification\",\"valueRequired\":true,\"valueName\":\"search_term_string\"}}],\"inLanguage\":\"en-GB\"}]}<\/script>\n<!-- \/ Yoast SEO plugin. -->","yoast_head_json":{"title":"Qualit\u00e4t &amp; Umwelt - cms electronics","robots":{"index":"index","follow":"follow","max-snippet":"max-snippet:-1","max-image-preview":"max-image-preview:large","max-video-preview":"max-video-preview:-1"},"canonical":"https:\/\/www.cms-electronics.com\/en\/leistungen\/qualitaet-umwelt\/","og_locale":"en_GB","og_type":"article","og_title":"Qualit\u00e4t &amp; Umwelt - cms electronics","og_description":"Qualit\u00e4t &#8222;Wer glaubt Etwas zu sein, hat aufgeh\u00f6rt Etwas zu werden.&#8220; (Sokrates) Wir sind unseren Kunden ein zuverl\u00e4ssiger, aktiver und flexibler Partner und bieten ihnen innovative und hochwertige L\u00f6sungen. Um unseren Kunden in s\u00e4mtlichen Bereichen stets &#8222;electronics all inclusive&#8220; bieten zu k\u00f6nnen, ist es unsere Aufgabe, nie stehenzubleiben und den Qualit\u00e4tsgedanken in allen Bereichen best\u00e4ndig ... Read more","og_url":"https:\/\/www.cms-electronics.com\/en\/leistungen\/qualitaet-umwelt\/","og_site_name":"cms electronics","article_modified_time":"2026-01-28T11:56:48+00:00","og_image":[{"url":"https:\/\/www.cms-electronics.com\/wp-content\/uploads\/2024\/07\/arrow-black.svg","type":"","width":"","height":""}],"twitter_card":"summary_large_image","schema":{"@context":"https:\/\/schema.org","@graph":[{"@type":"WebPage","@id":"https:\/\/www.cms-electronics.com\/leistungen\/qualitaet-umwelt\/","url":"https:\/\/www.cms-electronics.com\/leistungen\/qualitaet-umwelt\/","name":"Qualit\u00e4t &amp; Umwelt - cms electronics","isPartOf":{"@id":"https:\/\/www.cms-electronics.com\/#website"},"primaryImageOfPage":{"@id":"https:\/\/www.cms-electronics.com\/leistungen\/qualitaet-umwelt\/#primaryimage"},"image":{"@id":"https:\/\/www.cms-electronics.com\/leistungen\/qualitaet-umwelt\/#primaryimage"},"thumbnailUrl":"https:\/\/www.cms-electronics.com\/wp-content\/uploads\/2024\/07\/arrow-black.svg","datePublished":"2024-07-30T11:25:30+00:00","dateModified":"2026-01-28T11:56:48+00:00","breadcrumb":{"@id":"https:\/\/www.cms-electronics.com\/leistungen\/qualitaet-umwelt\/#breadcrumb"},"inLanguage":"en-GB","potentialAction":[{"@type":"ReadAction","target":["https:\/\/www.cms-electronics.com\/leistungen\/qualitaet-umwelt\/"]}]},{"@type":"ImageObject","inLanguage":"en-GB","@id":"https:\/\/www.cms-electronics.com\/leistungen\/qualitaet-umwelt\/#primaryimage","url":"https:\/\/www.cms-electronics.com\/wp-content\/uploads\/2024\/07\/arrow-black.svg","contentUrl":"https:\/\/www.cms-electronics.com\/wp-content\/uploads\/2024\/07\/arrow-black.svg"},{"@type":"BreadcrumbList","@id":"https:\/\/www.cms-electronics.com\/leistungen\/qualitaet-umwelt\/#breadcrumb","itemListElement":[{"@type":"ListItem","position":1,"name":"Home","item":"https:\/\/www.cms-electronics.com\/"},{"@type":"ListItem","position":2,"name":"Leistungen","item":"https:\/\/www.cms-electronics.com\/leistungen\/"},{"@type":"ListItem","position":3,"name":"Qualit\u00e4t &amp; Umwelt"}]},{"@type":"WebSite","@id":"https:\/\/www.cms-electronics.com\/#website","url":"https:\/\/www.cms-electronics.com\/","name":"cms electronics","description":"Electronic Manufacturing Services","alternateName":"cms electronics | Electronic Manufacturing Services","potentialAction":[{"@type":"SearchAction","target":{"@type":"EntryPoint","urlTemplate":"https:\/\/www.cms-electronics.com\/?s={search_term_string}"},"query-input":{"@type":"PropertyValueSpecification","valueRequired":true,"valueName":"search_term_string"}}],"inLanguage":"en-GB"}]}},"_links":{"self":[{"href":"https:\/\/www.cms-electronics.com\/en\/wp-json\/wp\/v2\/pages\/1862","targetHints":{"allow":["GET"]}}],"collection":[{"href":"https:\/\/www.cms-electronics.com\/en\/wp-json\/wp\/v2\/pages"}],"about":[{"href":"https:\/\/www.cms-electronics.com\/en\/wp-json\/wp\/v2\/types\/page"}],"author":[{"embeddable":true,"href":"https:\/\/www.cms-electronics.com\/en\/wp-json\/wp\/v2\/users\/4"}],"replies":[{"embeddable":true,"href":"https:\/\/www.cms-electronics.com\/en\/wp-json\/wp\/v2\/comments?post=1862"}],"version-history":[{"count":2,"href":"https:\/\/www.cms-electronics.com\/en\/wp-json\/wp\/v2\/pages\/1862\/revisions"}],"predecessor-version":[{"id":4465,"href":"https:\/\/www.cms-electronics.com\/en\/wp-json\/wp\/v2\/pages\/1862\/revisions\/4465"}],"up":[{"embeddable":true,"href":"https:\/\/www.cms-electronics.com\/en\/wp-json\/wp\/v2\/pages\/638"}],"wp:attachment":[{"href":"https:\/\/www.cms-electronics.com\/en\/wp-json\/wp\/v2\/media?parent=1862"}],"curies":[{"name":"wp","href":"https:\/\/api.w.org\/{rel}","templated":true}]}}