{"id":1877,"date":"2024-07-30T11:56:11","date_gmt":"2024-07-30T11:56:11","guid":{"rendered":"https:\/\/webhost346-1.tls-host.eu\/?page_id=1877"},"modified":"2024-11-21T12:26:13","modified_gmt":"2024-11-21T11:26:13","slug":"energie","status":"publish","type":"page","link":"https:\/\/www.cms-electronics.com\/en\/branchen\/energie\/","title":{"rendered":"energy"},"content":{"rendered":"<h4>\n\t\tCertificates\n\t<\/h4>\n    <a href=\"\/en\/wer-wir-sind\/zertifikate-auszeichnungen\/\">ISO 9001<\/a>\n    <a href=\"\/en\/wer-wir-sind\/zertifikate-auszeichnungen\/\">ISO14001<\/a>\n<h6>\n\t\thighly efficient electronics\n\t<\/h6>\n\t<h3>Energy is a fundamental physical quantity. Today it plays an important role for us more than ever.<\/h3>\n\t<img decoding=\"async\" role=\"img\" src=\"https:\/\/www.cms-electronics.com\/wp-content\/uploads\/2024\/07\/arrow-black.svg\" alt=\"cms-logo-arrow\"  \/>\n    <img decoding=\"async\" src=\"\/wp-content\/uploads\/2024\/07\/cms-energy3.svg\" alt=\"energie anim\"\/>\n\t<h6>Electricity and electricity generation are important pillars of our society. Hardly anything works without electricity these days. Whether it is TV sets, radios, computers, machines or cars, energy is omnipresent.<\/h6>\n<h6>We at cms electronics are therefore committed to producing highly efficient electronics for our energy technology customers.<\/h6>\n<h6>\n\t\tenergy\n\t<\/h6>\n<h2>\n\t\tApplications\n\t<\/h2>\n\t<h6>High performance is essential in energy technology. As cms electronics, we are able to offer powerful and durable <strong>Power electronics<\/strong> to develop and manufacture. Whether <strong>Photovoltaics<\/strong> or <strong>solar power<\/strong>\u00a0\u2013 we are your reliable and competent partner.<\/h6>\n<h6>In this area, however, not only performance is crucial, but also the <strong>regulation<\/strong> and <strong>Steering. <\/strong>Cms electronics develops and produces these according to your individual requirements and wishes.<\/h6>","protected":false},"excerpt":{"rendered":"<p>Certificates ISO 9001 ISO 14001 highly efficient electronics Energy is a fundamental physical quantity. Today it plays an important role for us more than ever. Electricity and electricity generation are important cornerstones of our society. Hardly anything works without electricity these days. Be it TV sets, radios, computers, machines or cars, energy is omnipresent. We at cms electronics are ... <a title=\"energy\" class=\"read-more\" href=\"https:\/\/www.cms-electronics.com\/en\/branchen\/energie\/\" aria-label=\"Read more about Energy\">Read more<\/a><\/p>","protected":false},"author":4,"featured_media":0,"parent":789,"menu_order":0,"comment_status":"closed","ping_status":"closed","template":"","meta":{"_acf_changed":false,"footnotes":""},"class_list":["post-1877","page","type-page","status-publish"],"acf":[],"yoast_head":"<!-- This site is optimized with the Yoast SEO plugin v27.2 - https:\/\/yoast.com\/product\/yoast-seo-wordpress\/ -->\n<title>Energie - cms electronics<\/title>\n<meta name=\"robots\" content=\"index, follow, max-snippet:-1, max-image-preview:large, max-video-preview:-1\" \/>\n<link rel=\"canonical\" href=\"https:\/\/www.cms-electronics.com\/en\/branchen\/energie\/\" \/>\n<meta property=\"og:locale\" content=\"en_GB\" \/>\n<meta property=\"og:type\" content=\"article\" \/>\n<meta property=\"og:title\" content=\"Energie - cms electronics\" \/>\n<meta property=\"og:description\" content=\"Zertifikate ISO 9001 ISO 14001 hocheffiziente Elektroniken Energie ist eine fundamentale physikalische Gr\u00f6sse. Heute spielt sie f\u00fcr uns mehr denn je eine wichtige Rolle. Strom und Stromerzeugung sind wichtige Grundpfeiler unserer Gesellschaft. Kaum etwas l\u00e4uft heutzutage noch ohne Strom. Seien es TV-Ger\u00e4te, Radios, Computer, Maschinen oder Autos, Energie ist allgegenw\u00e4rtig. Wir bei cms electronics sind ... Read more\" \/>\n<meta property=\"og:url\" content=\"https:\/\/www.cms-electronics.com\/en\/branchen\/energie\/\" \/>\n<meta property=\"og:site_name\" content=\"cms electronics\" \/>\n<meta property=\"article:modified_time\" content=\"2024-11-21T11:26:13+00:00\" \/>\n<meta property=\"og:image\" content=\"https:\/\/www.cms-electronics.com\/wp-content\/uploads\/2024\/07\/arrow-black.svg\" \/>\n<meta name=\"twitter:card\" content=\"summary_large_image\" \/>\n<script type=\"application\/ld+json\" class=\"yoast-schema-graph\">{\"@context\":\"https:\/\/schema.org\",\"@graph\":[{\"@type\":\"WebPage\",\"@id\":\"https:\/\/www.cms-electronics.com\/branchen\/energie\/\",\"url\":\"https:\/\/www.cms-electronics.com\/branchen\/energie\/\",\"name\":\"Energie - cms electronics\",\"isPartOf\":{\"@id\":\"https:\/\/www.cms-electronics.com\/#website\"},\"primaryImageOfPage\":{\"@id\":\"https:\/\/www.cms-electronics.com\/branchen\/energie\/#primaryimage\"},\"image\":{\"@id\":\"https:\/\/www.cms-electronics.com\/branchen\/energie\/#primaryimage\"},\"thumbnailUrl\":\"https:\/\/www.cms-electronics.com\/wp-content\/uploads\/2024\/07\/arrow-black.svg\",\"datePublished\":\"2024-07-30T11:56:11+00:00\",\"dateModified\":\"2024-11-21T11:26:13+00:00\",\"breadcrumb\":{\"@id\":\"https:\/\/www.cms-electronics.com\/branchen\/energie\/#breadcrumb\"},\"inLanguage\":\"en-GB\",\"potentialAction\":[{\"@type\":\"ReadAction\",\"target\":[\"https:\/\/www.cms-electronics.com\/branchen\/energie\/\"]}]},{\"@type\":\"ImageObject\",\"inLanguage\":\"en-GB\",\"@id\":\"https:\/\/www.cms-electronics.com\/branchen\/energie\/#primaryimage\",\"url\":\"https:\/\/www.cms-electronics.com\/wp-content\/uploads\/2024\/07\/arrow-black.svg\",\"contentUrl\":\"https:\/\/www.cms-electronics.com\/wp-content\/uploads\/2024\/07\/arrow-black.svg\"},{\"@type\":\"BreadcrumbList\",\"@id\":\"https:\/\/www.cms-electronics.com\/branchen\/energie\/#breadcrumb\",\"itemListElement\":[{\"@type\":\"ListItem\",\"position\":1,\"name\":\"Home\",\"item\":\"https:\/\/www.cms-electronics.com\/\"},{\"@type\":\"ListItem\",\"position\":2,\"name\":\"Branchen\",\"item\":\"https:\/\/www.cms-electronics.com\/branchen\/\"},{\"@type\":\"ListItem\",\"position\":3,\"name\":\"Energie\"}]},{\"@type\":\"WebSite\",\"@id\":\"https:\/\/www.cms-electronics.com\/#website\",\"url\":\"https:\/\/www.cms-electronics.com\/\",\"name\":\"cms electronics\",\"description\":\"Electronic Manufacturing Services\",\"alternateName\":\"cms electronics | Electronic Manufacturing Services\",\"potentialAction\":[{\"@type\":\"SearchAction\",\"target\":{\"@type\":\"EntryPoint\",\"urlTemplate\":\"https:\/\/www.cms-electronics.com\/?s={search_term_string}\"},\"query-input\":{\"@type\":\"PropertyValueSpecification\",\"valueRequired\":true,\"valueName\":\"search_term_string\"}}],\"inLanguage\":\"en-GB\"}]}<\/script>\n<!-- \/ Yoast SEO plugin. -->","yoast_head_json":{"title":"Energie - cms electronics","robots":{"index":"index","follow":"follow","max-snippet":"max-snippet:-1","max-image-preview":"max-image-preview:large","max-video-preview":"max-video-preview:-1"},"canonical":"https:\/\/www.cms-electronics.com\/en\/branchen\/energie\/","og_locale":"en_GB","og_type":"article","og_title":"Energie - cms electronics","og_description":"Zertifikate ISO 9001 ISO 14001 hocheffiziente Elektroniken Energie ist eine fundamentale physikalische Gr\u00f6sse. Heute spielt sie f\u00fcr uns mehr denn je eine wichtige Rolle. Strom und Stromerzeugung sind wichtige Grundpfeiler unserer Gesellschaft. Kaum etwas l\u00e4uft heutzutage noch ohne Strom. Seien es TV-Ger\u00e4te, Radios, Computer, Maschinen oder Autos, Energie ist allgegenw\u00e4rtig. Wir bei cms electronics sind ... Read more","og_url":"https:\/\/www.cms-electronics.com\/en\/branchen\/energie\/","og_site_name":"cms electronics","article_modified_time":"2024-11-21T11:26:13+00:00","og_image":[{"url":"https:\/\/www.cms-electronics.com\/wp-content\/uploads\/2024\/07\/arrow-black.svg","type":"","width":"","height":""}],"twitter_card":"summary_large_image","schema":{"@context":"https:\/\/schema.org","@graph":[{"@type":"WebPage","@id":"https:\/\/www.cms-electronics.com\/branchen\/energie\/","url":"https:\/\/www.cms-electronics.com\/branchen\/energie\/","name":"Energie - cms electronics","isPartOf":{"@id":"https:\/\/www.cms-electronics.com\/#website"},"primaryImageOfPage":{"@id":"https:\/\/www.cms-electronics.com\/branchen\/energie\/#primaryimage"},"image":{"@id":"https:\/\/www.cms-electronics.com\/branchen\/energie\/#primaryimage"},"thumbnailUrl":"https:\/\/www.cms-electronics.com\/wp-content\/uploads\/2024\/07\/arrow-black.svg","datePublished":"2024-07-30T11:56:11+00:00","dateModified":"2024-11-21T11:26:13+00:00","breadcrumb":{"@id":"https:\/\/www.cms-electronics.com\/branchen\/energie\/#breadcrumb"},"inLanguage":"en-GB","potentialAction":[{"@type":"ReadAction","target":["https:\/\/www.cms-electronics.com\/branchen\/energie\/"]}]},{"@type":"ImageObject","inLanguage":"en-GB","@id":"https:\/\/www.cms-electronics.com\/branchen\/energie\/#primaryimage","url":"https:\/\/www.cms-electronics.com\/wp-content\/uploads\/2024\/07\/arrow-black.svg","contentUrl":"https:\/\/www.cms-electronics.com\/wp-content\/uploads\/2024\/07\/arrow-black.svg"},{"@type":"BreadcrumbList","@id":"https:\/\/www.cms-electronics.com\/branchen\/energie\/#breadcrumb","itemListElement":[{"@type":"ListItem","position":1,"name":"Home","item":"https:\/\/www.cms-electronics.com\/"},{"@type":"ListItem","position":2,"name":"Branchen","item":"https:\/\/www.cms-electronics.com\/branchen\/"},{"@type":"ListItem","position":3,"name":"Energie"}]},{"@type":"WebSite","@id":"https:\/\/www.cms-electronics.com\/#website","url":"https:\/\/www.cms-electronics.com\/","name":"cms electronics","description":"Electronic Manufacturing Services","alternateName":"cms electronics | Electronic Manufacturing Services","potentialAction":[{"@type":"SearchAction","target":{"@type":"EntryPoint","urlTemplate":"https:\/\/www.cms-electronics.com\/?s={search_term_string}"},"query-input":{"@type":"PropertyValueSpecification","valueRequired":true,"valueName":"search_term_string"}}],"inLanguage":"en-GB"}]}},"_links":{"self":[{"href":"https:\/\/www.cms-electronics.com\/en\/wp-json\/wp\/v2\/pages\/1877","targetHints":{"allow":["GET"]}}],"collection":[{"href":"https:\/\/www.cms-electronics.com\/en\/wp-json\/wp\/v2\/pages"}],"about":[{"href":"https:\/\/www.cms-electronics.com\/en\/wp-json\/wp\/v2\/types\/page"}],"author":[{"embeddable":true,"href":"https:\/\/www.cms-electronics.com\/en\/wp-json\/wp\/v2\/users\/4"}],"replies":[{"embeddable":true,"href":"https:\/\/www.cms-electronics.com\/en\/wp-json\/wp\/v2\/comments?post=1877"}],"version-history":[{"count":0,"href":"https:\/\/www.cms-electronics.com\/en\/wp-json\/wp\/v2\/pages\/1877\/revisions"}],"up":[{"embeddable":true,"href":"https:\/\/www.cms-electronics.com\/en\/wp-json\/wp\/v2\/pages\/789"}],"wp:attachment":[{"href":"https:\/\/www.cms-electronics.com\/en\/wp-json\/wp\/v2\/media?parent=1877"}],"curies":[{"name":"wp","href":"https:\/\/api.w.org\/{rel}","templated":true}]}}