{"id":1968,"date":"2024-07-31T11:00:22","date_gmt":"2024-07-31T11:00:22","guid":{"rendered":"https:\/\/webhost346-1.tls-host.eu\/?page_id=1968"},"modified":"2026-03-10T11:53:53","modified_gmt":"2026-03-10T10:53:53","slug":"lehre","status":"publish","type":"page","link":"https:\/\/www.cms-electronics.com\/en\/karriere\/lehre\/","title":{"rendered":"Your apprenticeship at cms electronics"},"content":{"rendered":"\n\n\t\t\t\t<img decoding=\"async\" src=\"https:\/\/www.cms-electronics.com\/wp-content\/plugins\/bb-plugin\/img\/pixel.png\" alt=\"\" itemprop=\"image\" onerror=\"this.style.display='none'\"  \/>\n\t<img decoding=\"async\" src=\"https:\/\/www.cms-electronics.com\/wp-content\/uploads\/2024\/07\/arrow-black.svg\" alt=\"arrow-black\"  \/>\n\t<h3>Als international t\u00e4tiges, innovatives und erfolgreiches k\u00e4rntner Unternehmen bilden wir seit Jeher junge Menschen aus, um so in ihre und unsere Zukunft zu investieren.<\/h3>\n\t<h6>Jahr f\u00fcr Jahr schlie\u00dfen exzellente Facharbeiter ihre Ausbildung bei uns ab. Du erlernst den Gro\u00dfteil durch deine t\u00e4gliche praktische Arbeit direkt bei uns im Betrieb. Den theoretischen Hintergrund und eine Vertiefung des Allgemeinwissens erlernst du als Sch\u00fcler in der Berufsschule. Um deine Ausbildung abzurunden, nimmst du zus\u00e4tzlich an verschiedenen externen Kursen teil.<\/h6>\n\t<h2>Unser Lehrangebot<\/h2>\n<p>Du hast bei uns die M\u00f6glichkeit dich als Mechatroniker ausbilden zu lassen. Das Lernspektrum umfasst dabei die Planung, Herstellung, Montage, Wartung, Entst\u00f6rung und Instandsetzung von elektro-mechanischen und elektronischen Anlagen, Ger\u00e4ten und Baugruppen. Dies alles lernst du in 3,5 Jahren Ausbildungszeit.<\/p>\n<p>Elektronik und Mechanik sind nicht deine St\u00e4rken? Auch kein Problem! Wir bilden auch kaufm\u00e4nnische Lehrlinge aus.<\/p>\n<p>Du willst mehr f\u00fcr deine Zukunft? Wir bieten dir auch die M\u00f6glichkeit der Lehre mit Matura.<\/p>\n<h6>\n\t\t<a href=\"https:\/\/www.cms-electronics.com\/wp-content\/uploads\/2025\/12\/cms_Jobs_Mechatronik_Lehrling.pdf\" title=\"Unsere aktuelle Ausschreibung\" target=\"_blank\" rel=\"noopener\">\n\t\tUnsere aktuelle Ausschreibung\n\t\t<\/a>\n\t<\/h6>\n\t<p>Die Bewerbungsfrist endet am 25.02.2026.<\/p>\n<p><strong>Ein neuer Lehrling wird f\u00fcr den Herbst 2026 aufgenommen, Bewerbungen daf\u00fcr gerne ab sofort.<\/strong><\/p>\n\t\t\t\t<img loading=\"lazy\" decoding=\"async\" src=\"https:\/\/www.cms-electronics.com\/wp-content\/uploads\/2024\/07\/csm_Lehre_06a3e2e9a8.jpg\" alt=\"csm_Lehre\" itemprop=\"image\" height=\"500\" width=\"1140\" title=\"csm_Lehre_06a3e2e9a8\" onerror=\"this.style.display='none'\"  \/>\n<h6>\n\t\tBewerbungstipps\n\t<\/h6>\n<h3>\n\t\tGute Bewerbungsunterlagen sind immer wichtig!\n\t<\/h3>\n\t<p>Bewerbungen um eine Lehrstelle m\u00fcssen bei uns bis Ende Februar vollst\u00e4ndig eintreffen. Nach einer ersten Sichtung bekommst du eine Einladung zu einem Aufnahmetest.<\/p>\n<p>Eine Bewerbung besteht immer aus:<\/p>\n\t\t\t\t\t<a href=\"#\" id=\"fl-accordion--label-0\" tabindex=\"0\" aria-controls=\"fl-accordion--panel-0\">Das Anschreiben<\/a>\n\t\t\t\t\t\t\t\t\t\t\t<a href=\"#\" id=\"fl-accordion--icon-0\" tabindex=\"-1\"><i>Expand<\/i><\/a>\n\t\t\t\t\t<p>Das Anschreiben macht den ersten Eindruck! Und f\u00fcr einen ersten Eindruck gibt es keine zweite Chance!<\/p>\n<p>Darum ist es hier besonders wichtig, auf eine saubere und ordentliche Sprache zu achten. Weiters soll hier deine Individualit\u00e4t, dein Interesse und dein Lernwille widergespiegelt werden.<\/p>\n<p>Je mehr du dich hier bem\u00fchst, umso eher hast du die Chance eine Einladung f\u00fcr den Aufnahmetest zu bekommen.<\/p>\n<p>Wichtige Elemente hier sind:<\/p>\n<ul>\n<li>Briefkopf mit Absender und Empf\u00e4nger, Ort und Datum<\/li>\n<li>Betreff &#8211; wof\u00fcr du dich bewirbst<\/li>\n<li>Anrede<\/li>\n<li>Brieftext<\/li>\n<li>Anlagen &#8211; f\u00fchre alles an, was du in der Bewerbung mitsendest<\/li>\n<\/ul>\n\t\t\t\t\t<a href=\"#\" id=\"fl-accordion--label-1\" tabindex=\"0\" aria-controls=\"fl-accordion--panel-1\">Der Lebenslauf<\/a>\n\t\t\t\t\t\t\t\t\t\t\t<a href=\"#\" id=\"fl-accordion--icon-1\" tabindex=\"-1\"><i>Expand<\/i><\/a>\n\t\t\t\t\t<p>Der Lebenslauf ist das wichtigste Element einer jeden Bewerbung.<\/p>\n<p>Er spiegelt in kurzer Form dein bisheriges Leben wider. Achte hier besonders auf eine klare, strukturierte und chronologisches Form und ein aussagekr\u00e4ftiges Portraitbild.<\/p>\n<p>Die wichtigsten Inhalte sind:<\/p>\n<ul>\n<li>Foto (Passfoto, kein Freizeitfoto!)<\/li>\n<li>vollst\u00e4ndiger Name<\/li>\n<li>Adresse, Telefonnummer, E-Mail (bei mehreren Telefonnummern am besten untereinander)<\/li>\n<li>Geburtsdatum, Geburtsort, Familienstand, Staatsb\u00fcrgerschaft<\/li>\n<li>Bildungsweg: Schulbildung, Berufsausbildung, Weiterbildung &#8211; tabellarisch in zeitlicher Reihenfolge<\/li>\n<li>Berufserfahrung (Wo und was hast du schon gearbeitet?) &#8211; tabellarisch in zeitlicher Reihenfolge<\/li>\n<li>Besondere Kenntnisse und Qualifikationen (Fremdsprachen, EDV) &#8211; immer darauf achten, dass diese auch f\u00fcr die betreffende Stelle relevant sind<\/li>\n<li>Besondere Interessen (Hobbys) &#8211; wenn diese f\u00fcr eine positive Bewertung deiner Person hilfreich sind<\/li>\n<li>Datum, Ort (immer auf aktuelles Datum achten), Unterschrift<\/li>\n<\/ul>\n\t\t\t\t\t<a href=\"#\" id=\"fl-accordion--label-2\" tabindex=\"0\" aria-controls=\"fl-accordion--panel-2\">Die Anlagen<\/a>\n\t\t\t\t\t\t\t\t\t\t\t<a href=\"#\" id=\"fl-accordion--icon-2\" tabindex=\"-1\"><i>Expand<\/i><\/a>\n\t\t\t\t\t<p>Mit den Anlagen der Bewerbung gibst du uns zus\u00e4tzliche Informationen, damit wir uns vorab ein genaueres Bild von dir machen k\u00f6nnen. Zum Beispiel das Zeugnis: Es ist eine \u00dcbersicht \u00fcber deine bisher erbrachten Leistungen. Also achte bereits in der Schule darauf, dass du interessiert bist und mitlernst, umso ein entsprechend gutes Zeugnis bei deiner Bewerbung vorweisen zu k\u00f6nnen.<\/p>\n<p>Wichtige Anlagen hier sind:<\/p>\n<ul>\n<li>das letzte Halbjahreszeugnis<\/li>\n<li>Praktikumsnachweise<\/li>\n<li>sonstige Zeugnisse und Diplome von Zusatzqualifikationen<\/li>\n<li>bei Minderj\u00e4hrigen (bis 16 Jahren) die schriftliche Zustimmungserkl\u00e4rung der Eltern\/Obsorgeberechtigten f\u00fcr die Datenverarbeitung<\/li>\n<\/ul>\n\t\t\t\t\t<a href=\"#\" id=\"fl-accordion--label-3\" tabindex=\"0\" aria-controls=\"fl-accordion--panel-3\">Der Aufnahmetest<\/a>\n\t\t\t\t\t\t\t\t\t\t\t<a href=\"#\" id=\"fl-accordion--icon-3\" tabindex=\"-1\"><i>Expand<\/i><\/a>\n\t\t\t\t\t<p>Unser Aufnahmetest dient dazu, herauszufinden, inwieweit deine F\u00e4higkeiten und dein Interesse zu dem Lehrberuf des Mechatronikers passen. Denn f\u00fcr uns ist es wichtig, dass sowohl du den richtigen Lehrberuf w\u00e4hlst, als das auch wir engagierte und interessierte junge Menschen f\u00fcr die Zukunft ausbilden.<\/p>\n<p>In den Grundz\u00fcgen geht es bei dem Test um Allgemein- und bereits vorhandenes Wissen im Bereich der Elektronik bzw. Mechanik oder im kaufm\u00e4nnischen Bereich.<\/p>\n\t<p>Achte immer darauf, dass du uns alle geforderten Unterlagen schickst. Am besten elektronisch im pdf-Format oder nat\u00fcrlich auch per Post. In den nachstehenden Boxen einige Tipps f\u00fcr deine Bewerbung!<\/p>\n<h2>\n\t\tDein Traumjob wartet\n\t<\/h2>\n\t<h4>Fragen?<\/h4>\n<p>Nutze gerne das nebenstehende Formular, um deine Fragen zu unserem Lehrstellenangebot direkt an unsere HR Abteilung zu senden. Wir melden uns umgehend.<\/p>\n\t\t\t\t<img loading=\"lazy\" decoding=\"async\" src=\"https:\/\/www.cms-electronics.com\/wp-content\/uploads\/2024\/07\/csm_Guetezeichen_Familienfreundlicher_Arbeitgeber_neu2022_bf24282dbe.png\" alt=\"csm_Guetezeichen_Familienfreundlicher_Arbeitgeber_neu2022_bf24282dbe\" itemprop=\"image\" height=\"399\" width=\"400\" title=\"csm_Guetezeichen_Familienfreundlicher_Arbeitgeber_neu2022_bf24282dbe\" onerror=\"this.style.display='none'\"  \/>\n\t<p>Du m\u00f6chtest eine Lehre als Mechatroniker oder im kaufm\u00e4nnischen Bereich starten? Dann bewirb dich noch heute f\u00fcr deine zuk\u00fcnftige Lehrstelle bei uns!<\/p>\n<p>Wir freuen uns von dir zu h\u00f6ren!<\/p>\n<h4>Bewerbung &#8211; Lehrstelle<\/h4>\n<p>Bitte f\u00fcll das Formular vollst\u00e4ndig aus. Scanne alle deine Dokumente wie Zeugnisse usw. als PDF und h\u00e4nge sie hier an. Hast du irgendwelche anderen Anlagen? Dann scanne sie ebenfalls in ein PDF und h\u00e4nge sie hier an.<\/p>\n\t<div class=\"frm_forms  with_frm_style frm_style_divi\" id=\"frm_form_3_container\" data-token=\"2084aca3a15732aa3af329009b1f50c8\">\n<form enctype=\"multipart\/form-data\" method=\"post\" class=\"frm-show-form  frm_ajax_submit  frm_pro_form \" id=\"form_bewerbung2\" data-token=\"2084aca3a15732aa3af329009b1f50c8\">\n<div class=\"frm_form_fields \">\n<fieldset>\n<legend class=\"frm_screen_reader\">BEWERBUNG Lehrstelle<\/legend>\r\n\r\n<div class=\"frm_fields_container\">\n<input type=\"hidden\" name=\"frm_action\" value=\"create\" \/>\n<input type=\"hidden\" name=\"form_id\" value=\"3\" \/>\n<input type=\"hidden\" name=\"frm_hide_fields_3\" id=\"frm_hide_fields_3\" value=\"\" \/>\n<input type=\"hidden\" name=\"form_key\" value=\"bewerbung2\" \/>\n<input type=\"hidden\" name=\"item_meta[0]\" value=\"\" \/>\n<input type=\"hidden\" id=\"frm_submit_entry_3\" name=\"frm_submit_entry_3\" value=\"fa6fac7257\" \/><input type=\"hidden\" name=\"_wp_http_referer\" value=\"\/en\/wp-json\/wp\/v2\/pages\/1968\" \/>\t\t<input  type=\"hidden\" name=\"item_meta[25]\" id=\"field_ma8rk2\" value=\"Lehrstelle\"  data-frmval=\"Lehrstelle\"   \/>\n\t\t<div id=\"frm_field_26_container\" class=\"frm_form_field form-field  frm_required_field frm_inside_container frm6 frm_first\">\r\n\t<label for=\"field_jpnmm2\" id=\"field_jpnmm2_label\" class=\"frm_primary_label\">Vorname\r\n\t\t<span class=\"frm_required\" aria-hidden=\"true\">*<\/span>\r\n\t<\/label>\r\n\t<input  type=\"text\" id=\"field_jpnmm2\" name=\"item_meta[26]\" value=\"\"  data-reqmsg=\"Vorname darf nicht leer sein.\" aria-required=\"true\" data-invmsg=\"Vorname is invalid\" aria-invalid=\"false\"   \/>\r\n\t\r\n\t\r\n<\/div>\n<div id=\"frm_field_27_container\" class=\"frm_form_field form-field  frm_required_field frm_inside_container frm6\">\r\n\t<label for=\"field_g14sv2\" id=\"field_g14sv2_label\" class=\"frm_primary_label\">Familienname\r\n\t\t<span class=\"frm_required\" aria-hidden=\"true\">*<\/span>\r\n\t<\/label>\r\n\t<input  type=\"text\" id=\"field_g14sv2\" name=\"item_meta[27]\" value=\"\"  data-reqmsg=\"Familienname darf nicht leer sein.\" aria-required=\"true\" data-invmsg=\"Familienname is invalid\" aria-invalid=\"false\"   \/>\r\n\t\r\n\t\r\n<\/div>\n<div id=\"frm_field_28_container\" class=\"frm_form_field form-field  frm_required_field frm_inside_container frm6 frm_first\">\r\n\t<label for=\"field_fhlhr2\" id=\"field_fhlhr2_label\" class=\"frm_primary_label\">E-Mail\r\n\t\t<span class=\"frm_required\" aria-hidden=\"true\">*<\/span>\r\n\t<\/label>\r\n\t<input  type=\"text\" id=\"field_fhlhr2\" name=\"item_meta[28]\" value=\"\"  data-reqmsg=\"E-Mail darf nicht leer sein.\" aria-required=\"true\" data-invmsg=\"E-Mail is invalid\" aria-invalid=\"false\"   \/>\r\n\t\r\n\t\r\n<\/div>\n<div id=\"frm_field_29_container\" class=\"frm_form_field form-field  frm_required_field frm_inside_container frm6\">\r\n\t<label for=\"field_zxkb42\" id=\"field_zxkb42_label\" class=\"frm_primary_label\">Telefonnummer\r\n\t\t<span class=\"frm_required\" aria-hidden=\"true\">*<\/span>\r\n\t<\/label>\r\n\t<input  type=\"text\" id=\"field_zxkb42\" name=\"item_meta[29]\" value=\"\"  data-reqmsg=\"Telefonnummer darf nicht leer sein.\" aria-required=\"true\" data-invmsg=\"Telefonnummer is invalid\" aria-invalid=\"false\"   \/>\r\n\t\r\n\t\r\n<\/div>\n<div id=\"frm_field_30_container\" class=\"frm_form_field form-field  frm_required_field frm_inside_container frm6 frm_first\">\r\n\t<label for=\"field_utsll2\" id=\"field_utsll2_label\" class=\"frm_primary_label\">Strasse\r\n\t\t<span class=\"frm_required\" aria-hidden=\"true\">*<\/span>\r\n\t<\/label>\r\n\t<input  type=\"text\" id=\"field_utsll2\" name=\"item_meta[30]\" value=\"\"  data-reqmsg=\"Strasse darf nicht leer sein.\" aria-required=\"true\" data-invmsg=\"Strasse is invalid\" aria-invalid=\"false\"   \/>\r\n\t\r\n\t\r\n<\/div>\n<div id=\"frm_field_31_container\" class=\"frm_form_field form-field  frm_required_field frm_inside_container frm6\">\r\n\t<label for=\"field_n1k8k2\" id=\"field_n1k8k2_label\" class=\"frm_primary_label\">PLZ, Ort\r\n\t\t<span class=\"frm_required\" aria-hidden=\"true\">*<\/span>\r\n\t<\/label>\r\n\t<input  type=\"text\" id=\"field_n1k8k2\" name=\"item_meta[31]\" value=\"\"  data-reqmsg=\"PLZ, Ort darf nicht leer sein.\" aria-required=\"true\" data-invmsg=\"PLZ, Ort is invalid\" aria-invalid=\"false\"   \/>\r\n\t\r\n\t\r\n<\/div>\n<div id=\"frm_field_32_container\" class=\"frm_form_field form-field  frm_top_container\">\r\n\t<label for=\"field_liz4e2\" id=\"field_liz4e2_label\" class=\"frm_primary_label\">Datei-Upload\r\n\t\t<span class=\"frm_required\" aria-hidden=\"true\"><\/span>\r\n\t<\/label>\r\n\t<input type=\"hidden\"  data-invmsg=\"Datei-Upload is invalid\" class=\"auto_width\" aria-invalid=\"false\"   name=\"item_meta[32][]\"  value=\"\" data-frmfile=\"32\" \/>\n\n<div class=\"frm_dropzone frm_multi_upload frm_clearfix\" id=\"file32_dropzone\" role=\"group\" >\n\t<div class=\"fallback\">\n\t\t<input type=\"file\" name=\"file32[]\" id=\"field_liz4e2\"\n\t\t\t data-frmfile=\"32\" multiple=\"multiple\"  data-invmsg=\"Datei-Upload is invalid\" class=\"auto_width\" aria-invalid=\"false\"  \t\t\t\/>\n\t\t\t\t<div class=\"frm_clearfix \"><\/div>\n\t<\/div>\n\t<div class=\"dz-message needsclick\">\n\t\t\t\t<svg  viewBox=\"0 0 18 18\" class=\"frmsvg frm-svg-icon\">\n\t<path viewBox=\"0 0 18 18\" fill-rule=\"evenodd\" clip-rule=\"evenodd\" d=\"M8.2 4v8a.8.8 0 001.5 0V4l2.1 2.2A.7.7 0 1013 5L9.5 1.7a.7.7 0 00-1.1 0L5.1 5.2a.8.8 0 001 1l2.1-2zm7.6 4.3c.4 0 .7.3.7.7v6.8c0 .4-.3.7-.8.7H2.3a.8.8 0 01-.8-.8V9A.8.8 0 013 9v6h12V9c0-.4.3-.8.8-.8z\"><\/path>\n<\/svg>\t\t<span class=\"frm_upload_text\"><button type=\"button\" aria-label=\"Datei-Upload. Ziehen Sie eine Datei hierher oder klicken Sie zum Hochladen. Maximum file size: 20MB\">Ziehen Sie eine Datei hierher oder klicken Sie zum Hochladen<\/button><\/span>\n\t\t<span class=\"frm_compact_text\"><button type=\"button\" aria-label=\"Datei-Upload. Datei ausw\u00e4hlen. Maximum file size: 20MB\">Datei ausw\u00e4hlen<\/button><\/span>\n\t\t<div class=\"frm_small_text\">\n\t\t\t<p>Maximum file size: 20MB<\/p>\n\t\t<\/div>\n\t<\/div>\n<\/div>\n\t\r\n\t\r\n\t\r\n<\/div>\n<div id=\"frm_field_33_container\" class=\"frm_form_field form-field  frm_inside_container\">\r\n\t<label for=\"field_zcdul2\" id=\"field_zcdul2_label\" class=\"frm_primary_label\">Nachricht\r\n\t\t<span class=\"frm_required\" aria-hidden=\"true\"><\/span>\r\n\t<\/label>\r\n\t<textarea name=\"item_meta[33]\" id=\"field_zcdul2\" rows=\"5\"  data-invmsg=\"Nachricht is invalid\" aria-invalid=\"false\"  ><\/textarea>\r\n\t\r\n\t\r\n<\/div>\n<div id=\"frm_field_35_container\" class=\"frm_form_field form-field  frm_required_field frm_inside_container frm6 frm_first\">\r\n\t<label for=\"field_bvwdo2\" id=\"field_bvwdo2_label\" class=\"frm_primary_label\">Datenschutzerkl\u00e4rung\r\n\t\t<span class=\"frm_required\" aria-hidden=\"true\">*<\/span>\r\n\t<\/label>\r\n\t\n<div >\n    <label class=\"frm_switch_block\">\n\t\t\n\t\t<input type=\"checkbox\" name=\"item_meta[35][]\" id=\"field_bvwdo2\" value=\"Yes\"\n\t\t\t\t\t\t\t\t\t data-reqmsg=\"Datenschutzerkl\u00e4rung darf nicht leer sein.\" aria-required=\"true\" data-invmsg=\"Datenschutzerkl\u00e4rung is invalid\" aria-invalid=\"false\"   aria-describedby=\"frm_desc_field_bvwdo2\"\t\t\/>\n\n\t\t<span class=\"frm_switch\" tabindex=\"0\" role=\"switch\" aria-labelledby=\"field_bvwdo2_label\" aria-checked=\"false\">\n\t\t\t<span class=\"frm_slider\"><\/span>\n\t\t<\/span>\n\n\t\t\t<\/label>\n<\/div>\n\r\n\t<div class=\"frm_description\" id=\"frm_desc_field_bvwdo2\">Ich habe die Datenschutzerkl\u00e4rung zur Kenntnis genommen und verstanden. Ich willige hiermit ausdr\u00fccklich ein , dass die cms electronics gmbh meine bekannt gegebene Daten im Rahmen des Bewerbungsverfahrens verarbeitet.<\/div>\r\n\t\r\n<\/div>\n<div id=\"frm_field_36_container\" class=\"frm_form_field form-field  frm_inside_container frm6\">\r\n\t<label for=\"field_dwkul2\" id=\"field_dwkul2_label\" class=\"frm_primary_label\">Einwilligungserkl\u00e4rung\r\n\t\t<span class=\"frm_required\" aria-hidden=\"true\"><\/span>\r\n\t<\/label>\r\n\t\n<div >\n    <label class=\"frm_switch_block\">\n\t\t\n\t\t<input type=\"checkbox\" name=\"item_meta[36][]\" id=\"field_dwkul2\" value=\"Yes\"\n\t\t\t\t\t\t\t\t\t data-invmsg=\"Einwilligungserkl\u00e4rung is invalid\" aria-invalid=\"false\"   aria-describedby=\"frm_desc_field_dwkul2\"\t\t\/>\n\n\t\t<span class=\"frm_switch\" tabindex=\"0\" role=\"switch\" aria-labelledby=\"field_dwkul2_label\" aria-checked=\"false\">\n\t\t\t<span class=\"frm_slider\"><\/span>\n\t\t<\/span>\n\n\t\t\t<\/label>\n<\/div>\n\r\n\t<div class=\"frm_description\" id=\"frm_desc_field_dwkul2\">Ich willige ein, dass die cms electronics gmbh meine personenbezogenen Daten f\u00fcr k\u00fcnftige freie Stellen oder k\u00fcnftige Stellenangebote drei Jahre lang aufbewahrt werden.<\/div>\r\n\t\r\n<\/div>\n<div id=\"frm_field_37_container\" class=\"frm_form_field form-field \">\r\n\t<div class=\"frm_submit frm_flex\">\r\n\r\n<button class=\"button_primary\" type=\"submit\"   class=\"frm_final_submit\">\r\n\r\n<div class=\"button_primary_img\"> \r\n       <img decoding=\"async\" role=\"img\" src=\"\/wp-content\/uploads\/2024\/07\/arrow-green.svg\"  \/>\r\n   <\/div>\r\n   \r\n   <div class=\"button_primary_title\">Absenden<\/div>\r\n\r\n<\/button>\r\n\r\n<\/div>\r\n<\/div>\n\t<input type=\"hidden\" name=\"item_key\" value=\"\" \/>\n\t\t\t<div id=\"frm_field_52_container\">\n\t\t\t<label for=\"field_pq4yn\" >\n\t\t\t\tIf you are human, leave this field blank.\t\t\t<\/label>\n\t\t\t<input  id=\"field_pq4yn\" type=\"text\" class=\"frm_form_field form-field frm_verify\" name=\"item_meta[52]\" value=\"\"  \/>\n\t\t<\/div>\n\t\t<input name=\"frm_state\" type=\"hidden\" value=\"q1kd4xHiO3PJKpa3TkH5lJqOfJlSmUPhT9HZONPUe4X7x8yIzEqUB\/0K+Lk6J\/eK\" \/><\/div>\n<\/fieldset>\n<\/div>\n\n<\/form>\n<\/div>\n\n\n","protected":false},"excerpt":{"rendered":"<p>As an internationally active, innovative and successful Carinthian company, we have always trained young people in order to invest in their future and ours. Year after year, excellent skilled workers complete their training with us. You learn most of it through your daily practical work directly in our company. The theoretical background and an in-depth... <a title=\"Your apprenticeship at cms electronics\" class=\"read-more\" href=\"https:\/\/www.cms-electronics.com\/en\/karriere\/lehre\/\" aria-label=\"Read more about Your apprenticeship at cms electronics\">Read more<\/a><\/p>","protected":false},"author":4,"featured_media":0,"parent":1053,"menu_order":0,"comment_status":"closed","ping_status":"closed","template":"","meta":{"_acf_changed":false,"footnotes":""},"class_list":["post-1968","page","type-page","status-publish"],"acf":[],"yoast_head":"<!-- This site is optimized with the Yoast SEO plugin v27.2 - https:\/\/yoast.com\/product\/yoast-seo-wordpress\/ -->\n<title>Deine Lehre bei cms electronics - cms electronics<\/title>\n<meta name=\"robots\" content=\"index, follow, max-snippet:-1, max-image-preview:large, max-video-preview:-1\" \/>\n<link rel=\"canonical\" href=\"https:\/\/www.cms-electronics.com\/en\/karriere\/lehre\/\" \/>\n<meta property=\"og:locale\" content=\"en_GB\" \/>\n<meta property=\"og:type\" content=\"article\" \/>\n<meta property=\"og:title\" content=\"Deine Lehre bei cms electronics - cms electronics\" \/>\n<meta property=\"og:description\" content=\"Als international t\u00e4tiges, innovatives und erfolgreiches k\u00e4rntner Unternehmen bilden wir seit Jeher junge Menschen aus, um so in ihre und unsere Zukunft zu investieren. Jahr f\u00fcr Jahr schlie\u00dfen exzellente Facharbeiter ihre Ausbildung bei uns ab. Du erlernst den Gro\u00dfteil durch deine t\u00e4gliche praktische Arbeit direkt bei uns im Betrieb. Den theoretischen Hintergrund und eine Vertiefung ... Read more\" \/>\n<meta property=\"og:url\" content=\"https:\/\/www.cms-electronics.com\/en\/karriere\/lehre\/\" \/>\n<meta property=\"og:site_name\" content=\"cms electronics\" \/>\n<meta property=\"article:modified_time\" content=\"2026-03-10T10:53:53+00:00\" \/>\n<meta property=\"og:image\" content=\"https:\/\/www.cms-electronics.com\/wp-content\/plugins\/bb-plugin\/img\/pixel.png\" \/>\n<meta name=\"twitter:card\" content=\"summary_large_image\" \/>\n<script type=\"application\/ld+json\" class=\"yoast-schema-graph\">{\"@context\":\"https:\/\/schema.org\",\"@graph\":[{\"@type\":\"WebPage\",\"@id\":\"https:\/\/www.cms-electronics.com\/karriere\/lehre\/\",\"url\":\"https:\/\/www.cms-electronics.com\/karriere\/lehre\/\",\"name\":\"Deine Lehre bei cms electronics - cms electronics\",\"isPartOf\":{\"@id\":\"https:\/\/www.cms-electronics.com\/#website\"},\"primaryImageOfPage\":{\"@id\":\"https:\/\/www.cms-electronics.com\/karriere\/lehre\/#primaryimage\"},\"image\":{\"@id\":\"https:\/\/www.cms-electronics.com\/karriere\/lehre\/#primaryimage\"},\"thumbnailUrl\":\"https:\/\/www.cms-electronics.com\/wp-content\/plugins\/bb-plugin\/img\/pixel.png\",\"datePublished\":\"2024-07-31T11:00:22+00:00\",\"dateModified\":\"2026-03-10T10:53:53+00:00\",\"breadcrumb\":{\"@id\":\"https:\/\/www.cms-electronics.com\/karriere\/lehre\/#breadcrumb\"},\"inLanguage\":\"en-GB\",\"potentialAction\":[{\"@type\":\"ReadAction\",\"target\":[\"https:\/\/www.cms-electronics.com\/karriere\/lehre\/\"]}]},{\"@type\":\"ImageObject\",\"inLanguage\":\"en-GB\",\"@id\":\"https:\/\/www.cms-electronics.com\/karriere\/lehre\/#primaryimage\",\"url\":\"https:\/\/www.cms-electronics.com\/wp-content\/plugins\/bb-plugin\/img\/pixel.png\",\"contentUrl\":\"https:\/\/www.cms-electronics.com\/wp-content\/plugins\/bb-plugin\/img\/pixel.png\"},{\"@type\":\"BreadcrumbList\",\"@id\":\"https:\/\/www.cms-electronics.com\/karriere\/lehre\/#breadcrumb\",\"itemListElement\":[{\"@type\":\"ListItem\",\"position\":1,\"name\":\"Home\",\"item\":\"https:\/\/www.cms-electronics.com\/\"},{\"@type\":\"ListItem\",\"position\":2,\"name\":\"Karriere\",\"item\":\"https:\/\/www.cms-electronics.com\/karriere\/\"},{\"@type\":\"ListItem\",\"position\":3,\"name\":\"Deine Lehre bei cms electronics\"}]},{\"@type\":\"WebSite\",\"@id\":\"https:\/\/www.cms-electronics.com\/#website\",\"url\":\"https:\/\/www.cms-electronics.com\/\",\"name\":\"cms electronics\",\"description\":\"Electronic Manufacturing Services\",\"alternateName\":\"cms electronics | Electronic Manufacturing Services\",\"potentialAction\":[{\"@type\":\"SearchAction\",\"target\":{\"@type\":\"EntryPoint\",\"urlTemplate\":\"https:\/\/www.cms-electronics.com\/?s={search_term_string}\"},\"query-input\":{\"@type\":\"PropertyValueSpecification\",\"valueRequired\":true,\"valueName\":\"search_term_string\"}}],\"inLanguage\":\"en-GB\"}]}<\/script>\n<!-- \/ Yoast SEO plugin. -->","yoast_head_json":{"title":"Deine Lehre bei cms electronics - cms electronics","robots":{"index":"index","follow":"follow","max-snippet":"max-snippet:-1","max-image-preview":"max-image-preview:large","max-video-preview":"max-video-preview:-1"},"canonical":"https:\/\/www.cms-electronics.com\/en\/karriere\/lehre\/","og_locale":"en_GB","og_type":"article","og_title":"Deine Lehre bei cms electronics - cms electronics","og_description":"Als international t\u00e4tiges, innovatives und erfolgreiches k\u00e4rntner Unternehmen bilden wir seit Jeher junge Menschen aus, um so in ihre und unsere Zukunft zu investieren. Jahr f\u00fcr Jahr schlie\u00dfen exzellente Facharbeiter ihre Ausbildung bei uns ab. Du erlernst den Gro\u00dfteil durch deine t\u00e4gliche praktische Arbeit direkt bei uns im Betrieb. Den theoretischen Hintergrund und eine Vertiefung ... Read more","og_url":"https:\/\/www.cms-electronics.com\/en\/karriere\/lehre\/","og_site_name":"cms electronics","article_modified_time":"2026-03-10T10:53:53+00:00","og_image":[{"url":"https:\/\/www.cms-electronics.com\/wp-content\/plugins\/bb-plugin\/img\/pixel.png","type":"","width":"","height":""}],"twitter_card":"summary_large_image","schema":{"@context":"https:\/\/schema.org","@graph":[{"@type":"WebPage","@id":"https:\/\/www.cms-electronics.com\/karriere\/lehre\/","url":"https:\/\/www.cms-electronics.com\/karriere\/lehre\/","name":"Deine Lehre bei cms electronics - cms electronics","isPartOf":{"@id":"https:\/\/www.cms-electronics.com\/#website"},"primaryImageOfPage":{"@id":"https:\/\/www.cms-electronics.com\/karriere\/lehre\/#primaryimage"},"image":{"@id":"https:\/\/www.cms-electronics.com\/karriere\/lehre\/#primaryimage"},"thumbnailUrl":"https:\/\/www.cms-electronics.com\/wp-content\/plugins\/bb-plugin\/img\/pixel.png","datePublished":"2024-07-31T11:00:22+00:00","dateModified":"2026-03-10T10:53:53+00:00","breadcrumb":{"@id":"https:\/\/www.cms-electronics.com\/karriere\/lehre\/#breadcrumb"},"inLanguage":"en-GB","potentialAction":[{"@type":"ReadAction","target":["https:\/\/www.cms-electronics.com\/karriere\/lehre\/"]}]},{"@type":"ImageObject","inLanguage":"en-GB","@id":"https:\/\/www.cms-electronics.com\/karriere\/lehre\/#primaryimage","url":"https:\/\/www.cms-electronics.com\/wp-content\/plugins\/bb-plugin\/img\/pixel.png","contentUrl":"https:\/\/www.cms-electronics.com\/wp-content\/plugins\/bb-plugin\/img\/pixel.png"},{"@type":"BreadcrumbList","@id":"https:\/\/www.cms-electronics.com\/karriere\/lehre\/#breadcrumb","itemListElement":[{"@type":"ListItem","position":1,"name":"Home","item":"https:\/\/www.cms-electronics.com\/"},{"@type":"ListItem","position":2,"name":"Karriere","item":"https:\/\/www.cms-electronics.com\/karriere\/"},{"@type":"ListItem","position":3,"name":"Deine Lehre bei cms electronics"}]},{"@type":"WebSite","@id":"https:\/\/www.cms-electronics.com\/#website","url":"https:\/\/www.cms-electronics.com\/","name":"cms electronics","description":"Electronic Manufacturing Services","alternateName":"cms electronics | Electronic Manufacturing Services","potentialAction":[{"@type":"SearchAction","target":{"@type":"EntryPoint","urlTemplate":"https:\/\/www.cms-electronics.com\/?s={search_term_string}"},"query-input":{"@type":"PropertyValueSpecification","valueRequired":true,"valueName":"search_term_string"}}],"inLanguage":"en-GB"}]}},"_links":{"self":[{"href":"https:\/\/www.cms-electronics.com\/en\/wp-json\/wp\/v2\/pages\/1968","targetHints":{"allow":["GET"]}}],"collection":[{"href":"https:\/\/www.cms-electronics.com\/en\/wp-json\/wp\/v2\/pages"}],"about":[{"href":"https:\/\/www.cms-electronics.com\/en\/wp-json\/wp\/v2\/types\/page"}],"author":[{"embeddable":true,"href":"https:\/\/www.cms-electronics.com\/en\/wp-json\/wp\/v2\/users\/4"}],"replies":[{"embeddable":true,"href":"https:\/\/www.cms-electronics.com\/en\/wp-json\/wp\/v2\/comments?post=1968"}],"version-history":[{"count":22,"href":"https:\/\/www.cms-electronics.com\/en\/wp-json\/wp\/v2\/pages\/1968\/revisions"}],"predecessor-version":[{"id":4692,"href":"https:\/\/www.cms-electronics.com\/en\/wp-json\/wp\/v2\/pages\/1968\/revisions\/4692"}],"up":[{"embeddable":true,"href":"https:\/\/www.cms-electronics.com\/en\/wp-json\/wp\/v2\/pages\/1053"}],"wp:attachment":[{"href":"https:\/\/www.cms-electronics.com\/en\/wp-json\/wp\/v2\/media?parent=1968"}],"curies":[{"name":"wp","href":"https:\/\/api.w.org\/{rel}","templated":true}]}}