{"id":2338,"date":"2024-08-02T10:46:17","date_gmt":"2024-08-02T10:46:17","guid":{"rendered":"https:\/\/webhost346-1.tls-host.eu\/?page_id=2338"},"modified":"2025-08-25T08:20:47","modified_gmt":"2025-08-25T06:20:47","slug":"team","status":"publish","type":"page","link":"https:\/\/www.cms-electronics.com\/en\/wer-wir-sind\/team\/","title":{"rendered":"Our teams \u2013 your contact in development and sales"},"content":{"rendered":"\n\n<h6>\n\t\tcms electronics\n\t<\/h6>\n<h3>\n\t\tBei cms electronics steht der Kunde und seine W\u00fcnsche im Fokus. Getreu dem Motto &#8222;We make life easier, now and in future&#8220; sind wir f\u00fcr unsere Kunden t\u00e4tig.\n\t<\/h3>\n<h3>\n\t\tEntwicklung\n\t<\/h3>\n            <img decoding=\"async\" src=\"\/wp-content\/uploads\/2024\/09\/Polligger-Michael-1.jpg\" alt=\"Michael Polligger\"  \/>\n            <h3>Michael Polligger<\/h3> \n            <h6>CEO<br \/>cms innovates electronics<\/h6>\n            <img decoding=\"async\" src=\"\/wp-content\/uploads\/2024\/09\/Ondrisek-Thomas.jpg\" alt=\"Thomas Ondrisek\"  \/>\n            <h3>Thomas Ondrisek<\/h3> \n            <h6>CTO<br \/>cms innovates electronics<\/h6>\n<h3>\n\t\tBusiness Development\n\t<\/h3>\n            <img decoding=\"async\" src=\"\/wp-content\/uploads\/2024\/09\/Ribeiro-Jorge.jpg\" alt=\"Jorge Ribeiro\"  \/>\n            <h3>Jorge Ribeiro<\/h3> \n            <h6>Business Development Management<\/h6>\n            <img decoding=\"async\" src=\"\/wp-content\/uploads\/2025\/02\/Morla-Peter.jpg\" alt=\"Peter Morla\"  \/>\n            <h3>Peter Morla<\/h3> \n            <h6>Business Development Management<\/h6>\n            <img decoding=\"async\" src=\"\/wp-content\/uploads\/2025\/05\/Piesker-Armin.jpg\" alt=\"Armin Piesker\"  \/>\n            <h3>Armin Piesker<\/h3> \n            <h6>Business Development Management<\/h6>\n            <img decoding=\"async\" src=\"\/wp-content\/uploads\/2024\/09\/Pasterk-Harald.jpg\" alt=\"Harald Pasterk\"  \/>\n            <h3>Harald Pasterk<\/h3> \n            <h6>Technical Sales Management<\/h6>\n<h3>\n\t\tCore Customer Development\n\t<\/h3>\n            <img decoding=\"async\" src=\"\/wp-content\/uploads\/2024\/09\/Stroj-Martin.jpg\" alt=\"Martin Stroj\"  \/>\n            <h3>Martin Stroj<\/h3> \n            <h6>Key Account Management<\/h6>\n            <img decoding=\"async\" src=\"\/wp-content\/uploads\/2024\/09\/Kienzl-Roland.jpg\" alt=\"Roland Kienzl\"  \/>\n            <h3>Roland Kienzl<\/h3> \n            <h6>Key Account Management<\/h6>\n            <img decoding=\"async\" src=\"https:\/\/www.cms-electronics.com\/wp-content\/uploads\/2024\/09\/Kistroffy-Andras.jpg\" alt=\"Andras Kristoffy\"  \/>\n            <h3>Andras Kristoffy<\/h3> \n            <h6>Key Account Management<\/h6>\n            <img decoding=\"async\" src=\"\/wp-content\/uploads\/2024\/09\/Merl-Markus.jpg\" alt=\"Markus Merl\"  \/>\n            <h3>Markus Merl<\/h3> \n            <h6>Key Account Management<\/h6>\n            <img decoding=\"async\" src=\"\/wp-content\/uploads\/2024\/09\/Gratzer-Martin.jpg\" alt=\"Martin Gratzer\"  \/>\n            <h3>Martin Gratzer<\/h3> \n            <h6>Key Account Management<\/h6>\n\t\t\t\t<img loading=\"lazy\" decoding=\"async\" src=\"https:\/\/www.cms-electronics.com\/wp-content\/uploads\/2024\/07\/csm_cms_New_Location_2019_79d43183ac.jpg\" alt=\"csm_cms_New_Location_2019_79d43183ac\" itemprop=\"image\" height=\"756\" width=\"1140\" title=\"csm_cms_New_Location_2019_79d43183ac\" onerror=\"this.style.display='none'\"  \/>\n<h6>\n\t\tkontakt\n\t<\/h6>\n\t<strong>cms electronics gmbh<\/strong><br \/>\nIndustriering 7<br \/>\n9020 Klagenfurt a.W., \u00d6sterreich<br \/>\nTel.: <a href=\"tel:+43 463 330 340 0\">+43 463 330 340 0<\/a><br \/>\nFax.: +43 463 330 340 125\n\t<div class=\"frm_forms  with_frm_style frm_style_divi\" id=\"frm_form_4_container\" data-token=\"2084aca3a15732aa3af329009b1f50c8\">\n<form enctype=\"multipart\/form-data\" method=\"post\" class=\"frm-show-form  frm_ajax_submit  frm_pro_form \" id=\"form_kontakt3\" data-token=\"2084aca3a15732aa3af329009b1f50c8\">\n<div class=\"frm_form_fields \">\n<fieldset>\n<legend class=\"frm_screen_reader\">KONTAKT<\/legend>\r\n\r\n<div class=\"frm_fields_container\">\n<input type=\"hidden\" name=\"frm_action\" value=\"create\" \/>\n<input type=\"hidden\" name=\"form_id\" value=\"4\" \/>\n<input type=\"hidden\" name=\"frm_hide_fields_4\" id=\"frm_hide_fields_4\" value=\"\" \/>\n<input type=\"hidden\" name=\"form_key\" value=\"kontakt3\" \/>\n<input type=\"hidden\" name=\"item_meta[0]\" value=\"\" \/>\n<input type=\"hidden\" id=\"frm_submit_entry_4\" name=\"frm_submit_entry_4\" value=\"fa6fac7257\" \/><input type=\"hidden\" name=\"_wp_http_referer\" value=\"\/en\/wp-json\/wp\/v2\/pages\/2338\" \/><div id=\"frm_field_39_container\" class=\"frm_form_field form-field  frm_required_field frm_inside_container frm6 frm_first\">\r\n\t<label for=\"field_jpnmm3\" id=\"field_jpnmm3_label\" class=\"frm_primary_label\">Name\r\n\t\t<span class=\"frm_required\" aria-hidden=\"true\">*<\/span>\r\n\t<\/label>\r\n\t<input  type=\"text\" id=\"field_jpnmm3\" name=\"item_meta[39]\" value=\"\"  data-reqmsg=\"Name darf nicht leer sein.\" aria-required=\"true\" data-invmsg=\"Name is invalid\" aria-invalid=\"false\"   \/>\r\n\t\r\n\t\r\n<\/div>\n<div id=\"frm_field_41_container\" class=\"frm_form_field form-field  frm_required_field frm_inside_container frm6\">\r\n\t<label for=\"field_fhlhr3\" id=\"field_fhlhr3_label\" class=\"frm_primary_label\">E-Mail\r\n\t\t<span class=\"frm_required\" aria-hidden=\"true\">*<\/span>\r\n\t<\/label>\r\n\t<input  type=\"text\" id=\"field_fhlhr3\" name=\"item_meta[41]\" value=\"\"  data-reqmsg=\"E-Mail darf nicht leer sein.\" aria-required=\"true\" data-invmsg=\"E-Mail is invalid\" aria-invalid=\"false\"   \/>\r\n\t\r\n\t\r\n<\/div>\n<div id=\"frm_field_42_container\" class=\"frm_form_field form-field  frm_required_field frm_inside_container frm6 frm_first\">\r\n\t<label for=\"field_zxkb43\" id=\"field_zxkb43_label\" class=\"frm_primary_label\">Telefonnummer\r\n\t\t<span class=\"frm_required\" aria-hidden=\"true\">*<\/span>\r\n\t<\/label>\r\n\t<input  type=\"text\" id=\"field_zxkb43\" name=\"item_meta[42]\" value=\"\"  data-reqmsg=\"Telefonnummer darf nicht leer sein.\" aria-required=\"true\" data-invmsg=\"Telefonnummer is invalid\" aria-invalid=\"false\"   \/>\r\n\t\r\n\t\r\n<\/div>\n<div id=\"frm_field_44_container\" class=\"frm_form_field form-field  frm_required_field frm_inside_container frm6\">\r\n\t<label for=\"field_n1k8k3\" id=\"field_n1k8k3_label\" class=\"frm_primary_label\">Betreff\r\n\t\t<span class=\"frm_required\" aria-hidden=\"true\">*<\/span>\r\n\t<\/label>\r\n\t<input  type=\"text\" id=\"field_n1k8k3\" name=\"item_meta[44]\" value=\"\"  data-reqmsg=\"Betreff darf nicht leer sein.\" aria-required=\"true\" data-invmsg=\"Betreff is invalid\" aria-invalid=\"false\"   \/>\r\n\t\r\n\t\r\n<\/div>\n<div id=\"frm_field_46_container\" class=\"frm_form_field form-field  frm_required_field frm_inside_container\">\r\n\t<label for=\"field_zcdul3\" id=\"field_zcdul3_label\" class=\"frm_primary_label\">Anfrage\r\n\t\t<span class=\"frm_required\" aria-hidden=\"true\">*<\/span>\r\n\t<\/label>\r\n\t<textarea name=\"item_meta[46]\" id=\"field_zcdul3\" rows=\"5\"  data-reqmsg=\"Anfrage darf nicht leer sein.\" aria-required=\"true\" data-invmsg=\"Anfrage is invalid\" aria-invalid=\"false\"  ><\/textarea>\r\n\t\r\n\t\r\n<\/div>\n<div id=\"frm_field_48_container\" class=\"frm_form_field form-field  frm_required_field frm_inside_container frm12 frm_first\">\r\n\t<label for=\"field_bvwdo3\" id=\"field_bvwdo3_label\" class=\"frm_primary_label\">Datenschutzerkl\u00e4rung\r\n\t\t<span class=\"frm_required\" aria-hidden=\"true\">*<\/span>\r\n\t<\/label>\r\n\t\n<div >\n    <label class=\"frm_switch_block\">\n\t\t\n\t\t<input type=\"checkbox\" name=\"item_meta[48][]\" id=\"field_bvwdo3\" value=\"Yes\"\n\t\t\t\t\t\t\t\t\t data-reqmsg=\"Datenschutzerkl\u00e4rung darf nicht leer sein.\" aria-required=\"true\" data-invmsg=\"Datenschutzerkl\u00e4rung is invalid\" aria-invalid=\"false\"   aria-describedby=\"frm_desc_field_bvwdo3\"\t\t\/>\n\n\t\t<span class=\"frm_switch\" tabindex=\"0\" role=\"switch\" aria-labelledby=\"field_bvwdo3_label\" aria-checked=\"false\">\n\t\t\t<span class=\"frm_slider\"><\/span>\n\t\t<\/span>\n\n\t\t\t<\/label>\n<\/div>\n\r\n\t<div class=\"frm_description\" id=\"frm_desc_field_bvwdo3\">Ich habe die Datenschutzerkl\u00e4rung zur Kenntnis genommen und verstanden. Ich willige hiermit ausdr\u00fccklich ein , dass die cms electronics gmbh meine bekannt gegebene Daten im Rahmen des Bewerbungsverfahrens verarbeitet.<\/div>\r\n\t\r\n<\/div>\n<div id=\"frm_field_51_container\" class=\"frm_form_field form-field  frm_none_container\">\n\t<label for=\"h-captcha-response\" id=\"field_sitik_label\" class=\"frm_primary_label\">Captcha\n\t\t<span class=\"frm_required\" aria-hidden=\"true\"><\/span>\n\t<\/label>\n\t<div  id=\"field_sitik\" class=\"h-captcha\" data-sitekey=\"82a216d4-af7e-485c-b1ea-b37452a45f98\" data-size=\"normal\" data-theme=\"light\"><\/div>\n\t\n\t\n<\/div>\n<div id=\"frm_field_50_container\" class=\"frm_form_field form-field \">\r\n\t<div class=\"frm_submit frm_flex\">\r\n\r\n<button class=\"button_primary\" type=\"submit\"   class=\"frm_final_submit\">\r\n\r\n<div class=\"button_primary_img\"> \r\n       <img decoding=\"async\" role=\"img\" src=\"\/wp-content\/uploads\/2024\/07\/arrow-green.svg\"  \/>\r\n   <\/div>\r\n   \r\n   <div class=\"button_primary_title\">Absenden<\/div>\r\n\r\n<\/button>\r\n\r\n<\/div>\r\n<\/div>\n\t<input type=\"hidden\" name=\"item_key\" value=\"\" \/>\n\t\t\t<div id=\"frm_field_52_container\">\n\t\t\t<label for=\"field_ra3fr\" >\n\t\t\t\tIf you are human, leave this field blank.\t\t\t<\/label>\n\t\t\t<input  id=\"field_ra3fr\" type=\"text\" class=\"frm_form_field form-field frm_verify\" name=\"item_meta[52]\" value=\"\"  \/>\n\t\t<\/div>\n\t\t<input name=\"frm_state\" type=\"hidden\" value=\"q1kd4xHiO3PJKpa3TkH5lHRJDk2lkaaUmemG+RjCrRf7x8yIzEqUB\/0K+Lk6J\/eK\" \/><\/div>\n<\/fieldset>\n<\/div>\n\n<\/form>\n<\/div>\n\n\n","protected":false},"excerpt":{"rendered":"<p>At cms electronics, the focus is on the customer and their needs. True to the motto &quot;We make life easier, now and in the future,&quot; we work for our customers. Development Michael Polligger CEO of cms innovates electronics Thomas Ondrisek CTO of cms innovates electronics Business Development Jorge Ribeiro Business Development Management Peter Morla Business Development Management Armin Piesker \u2026 <a title=\"Our teams \u2013 your contact in development and sales\" class=\"read-more\" href=\"https:\/\/www.cms-electronics.com\/en\/wer-wir-sind\/team\/\" aria-label=\"Read more about Our teams \u2013 your contact in development and sales\">Read more<\/a><\/p>","protected":false},"author":4,"featured_media":0,"parent":750,"menu_order":0,"comment_status":"closed","ping_status":"closed","template":"","meta":{"_acf_changed":false,"footnotes":""},"class_list":["post-2338","page","type-page","status-publish"],"acf":[],"yoast_head":"<!-- This site is optimized with the Yoast SEO plugin v27.2 - https:\/\/yoast.com\/product\/yoast-seo-wordpress\/ -->\n<title>Unsere Teams - Ihr Kontakt in Entwicklung und Vertrieb - cms electronics<\/title>\n<meta name=\"robots\" content=\"index, follow, max-snippet:-1, max-image-preview:large, max-video-preview:-1\" \/>\n<link rel=\"canonical\" href=\"https:\/\/www.cms-electronics.com\/en\/wer-wir-sind\/team\/\" \/>\n<meta property=\"og:locale\" content=\"en_GB\" \/>\n<meta property=\"og:type\" content=\"article\" \/>\n<meta property=\"og:title\" content=\"Unsere Teams - Ihr Kontakt in Entwicklung und Vertrieb - cms electronics\" \/>\n<meta property=\"og:description\" content=\"cms electronics Bei cms electronics steht der Kunde und seine W\u00fcnsche im Fokus. Getreu dem Motto &#8222;We make life easier, now and in future&#8220; sind wir f\u00fcr unsere Kunden t\u00e4tig. Entwicklung Michael Polligger CEOcms innovates electronics Thomas Ondrisek CTOcms innovates electronics Business Development Jorge Ribeiro Business Development Management Peter Morla Business Development Management Armin Piesker ... Read more\" \/>\n<meta property=\"og:url\" content=\"https:\/\/www.cms-electronics.com\/en\/wer-wir-sind\/team\/\" \/>\n<meta property=\"og:site_name\" content=\"cms electronics\" \/>\n<meta property=\"article:modified_time\" content=\"2025-08-25T06:20:47+00:00\" \/>\n<meta property=\"og:image\" content=\"https:\/\/www.cms-electronics.com\/wp-content\/uploads\/2024\/09\/Kistroffy-Andras.jpg\" \/>\n<meta name=\"twitter:card\" content=\"summary_large_image\" \/>\n<script type=\"application\/ld+json\" class=\"yoast-schema-graph\">{\"@context\":\"https:\/\/schema.org\",\"@graph\":[{\"@type\":\"WebPage\",\"@id\":\"https:\/\/www.cms-electronics.com\/wer-wir-sind\/team\/\",\"url\":\"https:\/\/www.cms-electronics.com\/wer-wir-sind\/team\/\",\"name\":\"Unsere Teams - Ihr Kontakt in Entwicklung und Vertrieb - cms electronics\",\"isPartOf\":{\"@id\":\"https:\/\/www.cms-electronics.com\/#website\"},\"primaryImageOfPage\":{\"@id\":\"https:\/\/www.cms-electronics.com\/wer-wir-sind\/team\/#primaryimage\"},\"image\":{\"@id\":\"https:\/\/www.cms-electronics.com\/wer-wir-sind\/team\/#primaryimage\"},\"thumbnailUrl\":\"https:\/\/www.cms-electronics.com\/wp-content\/uploads\/2024\/09\/Kistroffy-Andras.jpg\",\"datePublished\":\"2024-08-02T10:46:17+00:00\",\"dateModified\":\"2025-08-25T06:20:47+00:00\",\"breadcrumb\":{\"@id\":\"https:\/\/www.cms-electronics.com\/wer-wir-sind\/team\/#breadcrumb\"},\"inLanguage\":\"en-GB\",\"potentialAction\":[{\"@type\":\"ReadAction\",\"target\":[\"https:\/\/www.cms-electronics.com\/wer-wir-sind\/team\/\"]}]},{\"@type\":\"ImageObject\",\"inLanguage\":\"en-GB\",\"@id\":\"https:\/\/www.cms-electronics.com\/wer-wir-sind\/team\/#primaryimage\",\"url\":\"https:\/\/www.cms-electronics.com\/wp-content\/uploads\/2024\/09\/Kistroffy-Andras.jpg\",\"contentUrl\":\"https:\/\/www.cms-electronics.com\/wp-content\/uploads\/2024\/09\/Kistroffy-Andras.jpg\"},{\"@type\":\"BreadcrumbList\",\"@id\":\"https:\/\/www.cms-electronics.com\/wer-wir-sind\/team\/#breadcrumb\",\"itemListElement\":[{\"@type\":\"ListItem\",\"position\":1,\"name\":\"Home\",\"item\":\"https:\/\/www.cms-electronics.com\/\"},{\"@type\":\"ListItem\",\"position\":2,\"name\":\"Wer wir sind\",\"item\":\"https:\/\/www.cms-electronics.com\/en\/wer-wir-sind\/\"},{\"@type\":\"ListItem\",\"position\":3,\"name\":\"Unsere Teams &#8211; Ihr Kontakt in Entwicklung und Vertrieb\"}]},{\"@type\":\"WebSite\",\"@id\":\"https:\/\/www.cms-electronics.com\/#website\",\"url\":\"https:\/\/www.cms-electronics.com\/\",\"name\":\"cms electronics\",\"description\":\"Electronic Manufacturing Services\",\"alternateName\":\"cms electronics | Electronic Manufacturing Services\",\"potentialAction\":[{\"@type\":\"SearchAction\",\"target\":{\"@type\":\"EntryPoint\",\"urlTemplate\":\"https:\/\/www.cms-electronics.com\/?s={search_term_string}\"},\"query-input\":{\"@type\":\"PropertyValueSpecification\",\"valueRequired\":true,\"valueName\":\"search_term_string\"}}],\"inLanguage\":\"en-GB\"}]}<\/script>\n<!-- \/ Yoast SEO plugin. -->","yoast_head_json":{"title":"Unsere Teams - Ihr Kontakt in Entwicklung und Vertrieb - cms electronics","robots":{"index":"index","follow":"follow","max-snippet":"max-snippet:-1","max-image-preview":"max-image-preview:large","max-video-preview":"max-video-preview:-1"},"canonical":"https:\/\/www.cms-electronics.com\/en\/wer-wir-sind\/team\/","og_locale":"en_GB","og_type":"article","og_title":"Unsere Teams - Ihr Kontakt in Entwicklung und Vertrieb - cms electronics","og_description":"cms electronics Bei cms electronics steht der Kunde und seine W\u00fcnsche im Fokus. Getreu dem Motto &#8222;We make life easier, now and in future&#8220; sind wir f\u00fcr unsere Kunden t\u00e4tig. Entwicklung Michael Polligger CEOcms innovates electronics Thomas Ondrisek CTOcms innovates electronics Business Development Jorge Ribeiro Business Development Management Peter Morla Business Development Management Armin Piesker ... Read more","og_url":"https:\/\/www.cms-electronics.com\/en\/wer-wir-sind\/team\/","og_site_name":"cms electronics","article_modified_time":"2025-08-25T06:20:47+00:00","og_image":[{"url":"https:\/\/www.cms-electronics.com\/wp-content\/uploads\/2024\/09\/Kistroffy-Andras.jpg","type":"","width":"","height":""}],"twitter_card":"summary_large_image","schema":{"@context":"https:\/\/schema.org","@graph":[{"@type":"WebPage","@id":"https:\/\/www.cms-electronics.com\/wer-wir-sind\/team\/","url":"https:\/\/www.cms-electronics.com\/wer-wir-sind\/team\/","name":"Unsere Teams - Ihr Kontakt in Entwicklung und Vertrieb - cms electronics","isPartOf":{"@id":"https:\/\/www.cms-electronics.com\/#website"},"primaryImageOfPage":{"@id":"https:\/\/www.cms-electronics.com\/wer-wir-sind\/team\/#primaryimage"},"image":{"@id":"https:\/\/www.cms-electronics.com\/wer-wir-sind\/team\/#primaryimage"},"thumbnailUrl":"https:\/\/www.cms-electronics.com\/wp-content\/uploads\/2024\/09\/Kistroffy-Andras.jpg","datePublished":"2024-08-02T10:46:17+00:00","dateModified":"2025-08-25T06:20:47+00:00","breadcrumb":{"@id":"https:\/\/www.cms-electronics.com\/wer-wir-sind\/team\/#breadcrumb"},"inLanguage":"en-GB","potentialAction":[{"@type":"ReadAction","target":["https:\/\/www.cms-electronics.com\/wer-wir-sind\/team\/"]}]},{"@type":"ImageObject","inLanguage":"en-GB","@id":"https:\/\/www.cms-electronics.com\/wer-wir-sind\/team\/#primaryimage","url":"https:\/\/www.cms-electronics.com\/wp-content\/uploads\/2024\/09\/Kistroffy-Andras.jpg","contentUrl":"https:\/\/www.cms-electronics.com\/wp-content\/uploads\/2024\/09\/Kistroffy-Andras.jpg"},{"@type":"BreadcrumbList","@id":"https:\/\/www.cms-electronics.com\/wer-wir-sind\/team\/#breadcrumb","itemListElement":[{"@type":"ListItem","position":1,"name":"Home","item":"https:\/\/www.cms-electronics.com\/"},{"@type":"ListItem","position":2,"name":"Wer wir sind","item":"https:\/\/www.cms-electronics.com\/en\/wer-wir-sind\/"},{"@type":"ListItem","position":3,"name":"Unsere Teams &#8211; Ihr Kontakt in Entwicklung und Vertrieb"}]},{"@type":"WebSite","@id":"https:\/\/www.cms-electronics.com\/#website","url":"https:\/\/www.cms-electronics.com\/","name":"cms electronics","description":"Electronic Manufacturing Services","alternateName":"cms electronics | Electronic Manufacturing Services","potentialAction":[{"@type":"SearchAction","target":{"@type":"EntryPoint","urlTemplate":"https:\/\/www.cms-electronics.com\/?s={search_term_string}"},"query-input":{"@type":"PropertyValueSpecification","valueRequired":true,"valueName":"search_term_string"}}],"inLanguage":"en-GB"}]}},"_links":{"self":[{"href":"https:\/\/www.cms-electronics.com\/en\/wp-json\/wp\/v2\/pages\/2338","targetHints":{"allow":["GET"]}}],"collection":[{"href":"https:\/\/www.cms-electronics.com\/en\/wp-json\/wp\/v2\/pages"}],"about":[{"href":"https:\/\/www.cms-electronics.com\/en\/wp-json\/wp\/v2\/types\/page"}],"author":[{"embeddable":true,"href":"https:\/\/www.cms-electronics.com\/en\/wp-json\/wp\/v2\/users\/4"}],"replies":[{"embeddable":true,"href":"https:\/\/www.cms-electronics.com\/en\/wp-json\/wp\/v2\/comments?post=2338"}],"version-history":[{"count":0,"href":"https:\/\/www.cms-electronics.com\/en\/wp-json\/wp\/v2\/pages\/2338\/revisions"}],"up":[{"embeddable":true,"href":"https:\/\/www.cms-electronics.com\/en\/wp-json\/wp\/v2\/pages\/750"}],"wp:attachment":[{"href":"https:\/\/www.cms-electronics.com\/en\/wp-json\/wp\/v2\/media?parent=2338"}],"curies":[{"name":"wp","href":"https:\/\/api.w.org\/{rel}","templated":true}]}}