{"id":3945,"date":"2025-09-09T11:06:33","date_gmt":"2025-09-09T09:06:33","guid":{"rendered":"https:\/\/www.cms-electronics.com\/?page_id=3945"},"modified":"2026-03-20T09:30:15","modified_gmt":"2026-03-20T08:30:15","slug":"prototypen-kleinserien","status":"publish","type":"page","link":"https:\/\/www.cms-electronics.com\/en\/leistungen\/prototypen-kleinserien\/","title":{"rendered":"Prototypes &amp; small series"},"content":{"rendered":"<img decoding=\"async\" src=\"https:\/\/www.cms-electronics.com\/wp-content\/uploads\/2024\/07\/arrow-black.svg\" alt=\"arrow-black\"  \/>\n<h6>\n\t\tPrototypes &amp; small series production with pcbwhiz \u2013 fast, easy, reliable\n\t<\/h6>\n\t<h3>pcbwhiz \u2013 a subsidiary of cms electronics group \u2013 offers digital solutions for companies that need flexible prototypes or small production runs.<\/h3>\n\t\t\t\t<img loading=\"lazy\" decoding=\"async\" src=\"https:\/\/www.cms-electronics.com\/wp-content\/uploads\/2025\/09\/color_pcbwhiz_cms_logo_3309_1339-600x243.png\" alt=\"color_pcbwhiz_cms_logo_3309_1339\" itemprop=\"image\" height=\"243\" width=\"600\" title=\"color_pcbwhiz_cms_logo_3309_1339\" onerror=\"this.style.display='none'\"  \/>\n\t\t\t\t<img decoding=\"async\" src=\"https:\/\/www.cms-electronics.com\/wp-content\/plugins\/bb-plugin\/img\/pixel.png\" alt=\"\" itemprop=\"image\" onerror=\"this.style.display='none'\"  \/>\n\t<h6>We offer speed, precision, and digital efficiency, particularly for rapid developments, pilot projects, or innovative products. Universities, institutes, and startups also benefit from rapid prototypes and flexible production volumes.<\/h6>\n\t\t\t\t<img decoding=\"async\" src=\"https:\/\/www.cms-electronics.com\/wp-content\/plugins\/bb-plugin\/img\/pixel.png\" alt=\"\" itemprop=\"image\" onerror=\"this.style.display='none'\"  \/>\n\t\t\t<a href=\"https:\/\/app-apac.pcbwhiz.com\/auth\/signup\/customer\" target=\"_blank\" rel=\"noopener\">\n\t\t\t\t\t\tStart your project directly with pcbwhiz\n\t\t\t\t\t<\/a>\n\t\t\t\t<img loading=\"lazy\" decoding=\"async\" src=\"https:\/\/www.cms-electronics.com\/wp-content\/uploads\/2025\/09\/Express-Service-EN-2.png\" alt=\"Express-Service DE 2\" itemprop=\"image\" height=\"500\" width=\"1140\" title=\"Express Service EN\" onerror=\"this.style.display='none'\"  \/>\n<h6>\n\t\tHow it works\n\t<\/h6>\n<h2>\n\t\tYour path to the prototype\n\t<\/h2>\n\t\t\t\t\t<a href=\"#\" id=\"fl-accordion--label-0\" tabindex=\"0\" aria-controls=\"fl-accordion--panel-0\">1\ufe0f\u20e3 Simply log in<\/a>\n\t\t\t\t\t\t\t\t\t\t\t<a href=\"#\" id=\"fl-accordion--icon-0\" tabindex=\"-1\"><i>Expand<\/i><\/a>\n\t\t\t\t\t<p>Log in to the pcbwhiz online portal. Our AI-powered platform automatically analyzes your data and enables efficient quote requests.<\/p>\n\t\t\t\t\t<a href=\"#\" id=\"fl-accordion--label-1\" tabindex=\"0\" aria-controls=\"fl-accordion--panel-1\">2\ufe0f\u20e3 Upload data<\/a>\n\t\t\t\t\t\t\t\t\t\t\t<a href=\"#\" id=\"fl-accordion--icon-1\" tabindex=\"-1\"><i>Expand<\/i><\/a>\n\t\t\t\t\t<p>Upload Gerber files and bill of materials (BOMs). The software automatically extracts all relevant information and checks inventory in real time.<\/p>\n\t\t\t\t\t<a href=\"#\" id=\"fl-accordion--label-2\" tabindex=\"0\" aria-controls=\"fl-accordion--panel-2\">Answer 3\ufe0f\u20e3 engineering questions online<\/a>\n\t\t\t\t\t\t\t\t\t\t\t<a href=\"#\" id=\"fl-accordion--icon-2\" tabindex=\"-1\"><i>Expand<\/i><\/a>\n\t\t\t\t\t<p>Our system generates suitable engineering questions. Review, adjust, and confirm them directly online \u2013 quickly and transparently.<\/p>\n\t\t\t\t\t<a href=\"#\" id=\"fl-accordion--label-3\" tabindex=\"0\" aria-controls=\"fl-accordion--panel-3\">4\ufe0f\u20e3 Receive an offer<\/a>\n\t\t\t\t\t\t\t\t\t\t\t<a href=\"#\" id=\"fl-accordion--icon-3\" tabindex=\"-1\"><i>Expand<\/i><\/a>\n\t\t\t\t\t<p>Within 24 hours you will receive your individual online quote \u2013 clear, reliable and without delay.<\/p>\n\t\t\t\t\t<a href=\"#\" id=\"fl-accordion--label-4\" tabindex=\"0\" aria-controls=\"fl-accordion--panel-4\">5\ufe0f\u20e3 Pay conveniently &amp; download your invoice<\/a>\n\t\t\t\t\t\t\t\t\t\t\t<a href=\"#\" id=\"fl-accordion--icon-4\" tabindex=\"-1\"><i>Expand<\/i><\/a>\n\t\t\t\t\t<p>Pay online and download your invoice directly. Simple, secure, and hassle-free.<\/p>\n\t\t\t\t\t<a href=\"#\" id=\"fl-accordion--label-5\" tabindex=\"0\" aria-controls=\"fl-accordion--panel-5\">6\ufe0f\u20e3 Production &amp; Delivery<\/a>\n\t\t\t\t\t\t\t\t\t\t\t<a href=\"#\" id=\"fl-accordion--icon-5\" tabindex=\"-1\"><i>Expand<\/i><\/a>\n\t\t\t\t\t<p>Your order will go into production immediately \u2013 either in Asia or the EU, as you prefer. We will keep you informed about the progress of your parts at all times.<\/p>\n\t\t\t<a href=\"https:\/\/app-apac.pcbwhiz.com\/auth\/signup\/customer\" target=\"_blank\" rel=\"noopener\">\n\t\t\t\t\t\tStart your project directly with pcbwhiz\n\t\t\t\t\t<\/a>\n<h2>\n\t\tTypical areas of application\n\t<\/h2>\n<h3>\n\t\tMedical technology &amp; clinics\n\t<\/h3>\n\t<ul>\n<li>Prototypes for research &amp; development<\/li>\n<li>Small series for test devices<\/li>\n<\/ul>\n<h3>\n\t\tAutomotive industry &amp; suppliers\n\t<\/h3>\n\t<ul>\n<li>Pilot series<\/li>\n<li>Electronics tests<\/li>\n<li>Validation of small quantities<\/li>\n<\/ul>\n<h3>\n\t\tIndustry &amp; Mechanical Engineering\n\t<\/h3>\n\t<ul>\n<li>Special machine controls<\/li>\n<li>Custom modules or spare parts<\/li>\n<\/ul>\n<h3>\n\t\tConsumer Goods &amp; Electronics\n\t<\/h3>\n\t<ul>\n<li>Test runs<\/li>\n<li>Limited small series<\/li>\n<li>Market launches of new products<\/li>\n<\/ul>","protected":false},"excerpt":{"rendered":"<p>Prototypes &amp; Small Production Runs with pcbwhiz \u2013 Fast, Easy, Reliable. pcbwhiz \u2013 a subsidiary of the cms electronics group \u2013 offers digital solutions for companies that need flexible prototypes or small production runs. We excel in speed, precision, and digital efficiency, especially for rapid development, pilot projects, or innovative products. Universities, research institutes, and startups also benefit from rapid prototyping and\u2026 <a title=\"Prototypes &amp; small series\" class=\"read-more\" href=\"https:\/\/www.cms-electronics.com\/en\/leistungen\/prototypen-kleinserien\/\" aria-label=\"Read more about prototypes &amp; small series\">Read more<\/a><\/p>","protected":false},"author":4,"featured_media":0,"parent":638,"menu_order":0,"comment_status":"closed","ping_status":"closed","template":"","meta":{"_acf_changed":false,"footnotes":""},"class_list":["post-3945","page","type-page","status-publish"],"acf":[],"yoast_head":"<!-- This site is optimized with the Yoast SEO plugin v27.2 - https:\/\/yoast.com\/product\/yoast-seo-wordpress\/ -->\n<title>Prototypen &amp; Kleinserien - cms electronics<\/title>\n<meta name=\"robots\" content=\"index, follow, max-snippet:-1, max-image-preview:large, max-video-preview:-1\" \/>\n<link rel=\"canonical\" href=\"https:\/\/www.cms-electronics.com\/en\/leistungen\/prototypen-kleinserien\/\" \/>\n<meta property=\"og:locale\" content=\"en_GB\" \/>\n<meta property=\"og:type\" content=\"article\" \/>\n<meta property=\"og:title\" content=\"Prototypen &amp; Kleinserien - cms electronics\" \/>\n<meta property=\"og:description\" content=\"Prototypen &#038; Kleinserien mit pcbwhiz &#8211; schnell, einfach, zuverl\u00e4ssig pcbwhiz &#8211; ein Tochterunternehmen der cms electronics group &#8211; bietet digitale L\u00f6sungen f\u00fcr Unternehmen, die flexible Prototypen oder Kleinserien ben\u00f6tigen. Besonders f\u00fcr schnelle Entwicklungen, Pilotprojekte oder innovative Produkte \u00fcberzeugen wir durch Geschwindigkeit, Pr\u00e4zision und digitale Effizienz. Auch Universit\u00e4ten, Institute und Start-ups profitieren von schnellen Prototypen und ... Read more\" \/>\n<meta property=\"og:url\" content=\"https:\/\/www.cms-electronics.com\/en\/leistungen\/prototypen-kleinserien\/\" \/>\n<meta property=\"og:site_name\" content=\"cms electronics\" \/>\n<meta property=\"article:modified_time\" content=\"2026-03-20T08:30:15+00:00\" \/>\n<meta property=\"og:image\" content=\"https:\/\/www.cms-electronics.com\/wp-content\/uploads\/2024\/07\/arrow-black.svg\" \/>\n<meta name=\"twitter:card\" content=\"summary_large_image\" \/>\n<script type=\"application\/ld+json\" class=\"yoast-schema-graph\">{\"@context\":\"https:\/\/schema.org\",\"@graph\":[{\"@type\":\"WebPage\",\"@id\":\"https:\/\/www.cms-electronics.com\/leistungen\/prototypen-kleinserien\/\",\"url\":\"https:\/\/www.cms-electronics.com\/leistungen\/prototypen-kleinserien\/\",\"name\":\"Prototypen &amp; Kleinserien - cms electronics\",\"isPartOf\":{\"@id\":\"https:\/\/www.cms-electronics.com\/#website\"},\"primaryImageOfPage\":{\"@id\":\"https:\/\/www.cms-electronics.com\/leistungen\/prototypen-kleinserien\/#primaryimage\"},\"image\":{\"@id\":\"https:\/\/www.cms-electronics.com\/leistungen\/prototypen-kleinserien\/#primaryimage\"},\"thumbnailUrl\":\"https:\/\/www.cms-electronics.com\/wp-content\/uploads\/2024\/07\/arrow-black.svg\",\"datePublished\":\"2025-09-09T09:06:33+00:00\",\"dateModified\":\"2026-03-20T08:30:15+00:00\",\"breadcrumb\":{\"@id\":\"https:\/\/www.cms-electronics.com\/leistungen\/prototypen-kleinserien\/#breadcrumb\"},\"inLanguage\":\"en-GB\",\"potentialAction\":[{\"@type\":\"ReadAction\",\"target\":[\"https:\/\/www.cms-electronics.com\/leistungen\/prototypen-kleinserien\/\"]}]},{\"@type\":\"ImageObject\",\"inLanguage\":\"en-GB\",\"@id\":\"https:\/\/www.cms-electronics.com\/leistungen\/prototypen-kleinserien\/#primaryimage\",\"url\":\"https:\/\/www.cms-electronics.com\/wp-content\/uploads\/2024\/07\/arrow-black.svg\",\"contentUrl\":\"https:\/\/www.cms-electronics.com\/wp-content\/uploads\/2024\/07\/arrow-black.svg\"},{\"@type\":\"BreadcrumbList\",\"@id\":\"https:\/\/www.cms-electronics.com\/leistungen\/prototypen-kleinserien\/#breadcrumb\",\"itemListElement\":[{\"@type\":\"ListItem\",\"position\":1,\"name\":\"Home\",\"item\":\"https:\/\/www.cms-electronics.com\/\"},{\"@type\":\"ListItem\",\"position\":2,\"name\":\"Leistungen\",\"item\":\"https:\/\/www.cms-electronics.com\/leistungen\/\"},{\"@type\":\"ListItem\",\"position\":3,\"name\":\"Prototypen &amp; Kleinserien\"}]},{\"@type\":\"WebSite\",\"@id\":\"https:\/\/www.cms-electronics.com\/#website\",\"url\":\"https:\/\/www.cms-electronics.com\/\",\"name\":\"cms electronics\",\"description\":\"Electronic Manufacturing Services\",\"alternateName\":\"cms electronics | Electronic Manufacturing Services\",\"potentialAction\":[{\"@type\":\"SearchAction\",\"target\":{\"@type\":\"EntryPoint\",\"urlTemplate\":\"https:\/\/www.cms-electronics.com\/?s={search_term_string}\"},\"query-input\":{\"@type\":\"PropertyValueSpecification\",\"valueRequired\":true,\"valueName\":\"search_term_string\"}}],\"inLanguage\":\"en-GB\"}]}<\/script>\n<!-- \/ Yoast SEO plugin. -->","yoast_head_json":{"title":"Prototypen &amp; Kleinserien - cms electronics","robots":{"index":"index","follow":"follow","max-snippet":"max-snippet:-1","max-image-preview":"max-image-preview:large","max-video-preview":"max-video-preview:-1"},"canonical":"https:\/\/www.cms-electronics.com\/en\/leistungen\/prototypen-kleinserien\/","og_locale":"en_GB","og_type":"article","og_title":"Prototypen &amp; Kleinserien - cms electronics","og_description":"Prototypen &#038; Kleinserien mit pcbwhiz &#8211; schnell, einfach, zuverl\u00e4ssig pcbwhiz &#8211; ein Tochterunternehmen der cms electronics group &#8211; bietet digitale L\u00f6sungen f\u00fcr Unternehmen, die flexible Prototypen oder Kleinserien ben\u00f6tigen. Besonders f\u00fcr schnelle Entwicklungen, Pilotprojekte oder innovative Produkte \u00fcberzeugen wir durch Geschwindigkeit, Pr\u00e4zision und digitale Effizienz. Auch Universit\u00e4ten, Institute und Start-ups profitieren von schnellen Prototypen und ... Read more","og_url":"https:\/\/www.cms-electronics.com\/en\/leistungen\/prototypen-kleinserien\/","og_site_name":"cms electronics","article_modified_time":"2026-03-20T08:30:15+00:00","og_image":[{"url":"https:\/\/www.cms-electronics.com\/wp-content\/uploads\/2024\/07\/arrow-black.svg","type":"","width":"","height":""}],"twitter_card":"summary_large_image","schema":{"@context":"https:\/\/schema.org","@graph":[{"@type":"WebPage","@id":"https:\/\/www.cms-electronics.com\/leistungen\/prototypen-kleinserien\/","url":"https:\/\/www.cms-electronics.com\/leistungen\/prototypen-kleinserien\/","name":"Prototypen &amp; Kleinserien - cms electronics","isPartOf":{"@id":"https:\/\/www.cms-electronics.com\/#website"},"primaryImageOfPage":{"@id":"https:\/\/www.cms-electronics.com\/leistungen\/prototypen-kleinserien\/#primaryimage"},"image":{"@id":"https:\/\/www.cms-electronics.com\/leistungen\/prototypen-kleinserien\/#primaryimage"},"thumbnailUrl":"https:\/\/www.cms-electronics.com\/wp-content\/uploads\/2024\/07\/arrow-black.svg","datePublished":"2025-09-09T09:06:33+00:00","dateModified":"2026-03-20T08:30:15+00:00","breadcrumb":{"@id":"https:\/\/www.cms-electronics.com\/leistungen\/prototypen-kleinserien\/#breadcrumb"},"inLanguage":"en-GB","potentialAction":[{"@type":"ReadAction","target":["https:\/\/www.cms-electronics.com\/leistungen\/prototypen-kleinserien\/"]}]},{"@type":"ImageObject","inLanguage":"en-GB","@id":"https:\/\/www.cms-electronics.com\/leistungen\/prototypen-kleinserien\/#primaryimage","url":"https:\/\/www.cms-electronics.com\/wp-content\/uploads\/2024\/07\/arrow-black.svg","contentUrl":"https:\/\/www.cms-electronics.com\/wp-content\/uploads\/2024\/07\/arrow-black.svg"},{"@type":"BreadcrumbList","@id":"https:\/\/www.cms-electronics.com\/leistungen\/prototypen-kleinserien\/#breadcrumb","itemListElement":[{"@type":"ListItem","position":1,"name":"Home","item":"https:\/\/www.cms-electronics.com\/"},{"@type":"ListItem","position":2,"name":"Leistungen","item":"https:\/\/www.cms-electronics.com\/leistungen\/"},{"@type":"ListItem","position":3,"name":"Prototypen &amp; Kleinserien"}]},{"@type":"WebSite","@id":"https:\/\/www.cms-electronics.com\/#website","url":"https:\/\/www.cms-electronics.com\/","name":"cms electronics","description":"Electronic Manufacturing Services","alternateName":"cms electronics | Electronic Manufacturing Services","potentialAction":[{"@type":"SearchAction","target":{"@type":"EntryPoint","urlTemplate":"https:\/\/www.cms-electronics.com\/?s={search_term_string}"},"query-input":{"@type":"PropertyValueSpecification","valueRequired":true,"valueName":"search_term_string"}}],"inLanguage":"en-GB"}]}},"_links":{"self":[{"href":"https:\/\/www.cms-electronics.com\/en\/wp-json\/wp\/v2\/pages\/3945","targetHints":{"allow":["GET"]}}],"collection":[{"href":"https:\/\/www.cms-electronics.com\/en\/wp-json\/wp\/v2\/pages"}],"about":[{"href":"https:\/\/www.cms-electronics.com\/en\/wp-json\/wp\/v2\/types\/page"}],"author":[{"embeddable":true,"href":"https:\/\/www.cms-electronics.com\/en\/wp-json\/wp\/v2\/users\/4"}],"replies":[{"embeddable":true,"href":"https:\/\/www.cms-electronics.com\/en\/wp-json\/wp\/v2\/comments?post=3945"}],"version-history":[{"count":1,"href":"https:\/\/www.cms-electronics.com\/en\/wp-json\/wp\/v2\/pages\/3945\/revisions"}],"predecessor-version":[{"id":4798,"href":"https:\/\/www.cms-electronics.com\/en\/wp-json\/wp\/v2\/pages\/3945\/revisions\/4798"}],"up":[{"embeddable":true,"href":"https:\/\/www.cms-electronics.com\/en\/wp-json\/wp\/v2\/pages\/638"}],"wp:attachment":[{"href":"https:\/\/www.cms-electronics.com\/en\/wp-json\/wp\/v2\/media?parent=3945"}],"curies":[{"name":"wp","href":"https:\/\/api.w.org\/{rel}","templated":true}]}}