{"id":4707,"date":"2026-03-13T13:52:34","date_gmt":"2026-03-13T12:52:34","guid":{"rendered":"https:\/\/www.cms-electronics.com\/?page_id=4707"},"modified":"2026-03-13T13:55:08","modified_gmt":"2026-03-13T12:55:08","slug":"bahnindustrie","status":"publish","type":"page","link":"https:\/\/www.cms-electronics.com\/en\/branchen\/bahnindustrie\/","title":{"rendered":"Railway industry"},"content":{"rendered":"<h4>\n\t\tCertificates\n\t<\/h4>\n    <a href=\"\/en\/wer-wir-sind\/zertifikate-auszeichnungen\/\">ISO 9001<\/a>\n    <a href=\"\/en\/wer-wir-sind\/zertifikate-auszeichnungen\/\">ISO14001<\/a>\n<h6>\n\t\tsustainable mobility\n\t<\/h6>\n\t<h3>Die Bahnindustrie spielt eine Schl\u00fcsselrolle f\u00fcr klimafreundliche Mobilit\u00e4t und die Verkehrswende. Moderne Schienenfahrzeuge, Infrastruktur- und Leitsysteme basieren zunehmend auf leistungsf\u00e4higer Elektronik &#8211; von Steuer- und Leistungselektronik \u00fcber Sensorik bis hin zu Kommunikations- und Connectivity-L\u00f6sungen.<\/h3>\n\t<img decoding=\"async\" role=\"img\" src=\"https:\/\/www.cms-electronics.com\/wp-content\/uploads\/2024\/07\/arrow-black.svg\" alt=\"cms-logo-arrow\"  \/>\n    <img decoding=\"async\" src=\"\/wp-content\/uploads\/2026\/03\/cms-train-anim.svg\" alt=\"Bahnindustrie\"\/>\n\t<h6>As a full-service provider of electronic manufacturing services, we support our customers throughout the entire product lifecycle: from electronics development and design through prototyping and industrialization to series production, testing, and system assembly. Quality, reliability, and sustainability are crucial for critical applications in the railway sector.<\/h6>\n<h6>\n\t\tRailway industry\n\t<\/h6>\n<h2>\n\t\tApplications\n\t<\/h2>\n\t<h6>cms electronics implements a wide range of applications for the railway sector, including <strong>Control and regulation electronics<\/strong> for rail vehicles <strong>Network and communication technology<\/strong> as well as electronics for <strong>Energy supply<\/strong> and vehicle electrical systems.<\/h6>\n<h6>For precise tasks such as <strong>Sensor technology<\/strong>For condition monitoring and communication or interface modules, we rely on modern manufacturing technologies and produce our extensive test concepts in-house.<br \/>\nOur electronic assemblies are also used in <strong>Lighting, information and comfort systems<\/strong> zum Einsatz &#8211; entwickelt f\u00fcr hohe Verf\u00fcgbarkeit, Robustheit und maximale Sicherheit im t\u00e4glichen Bahnverkehr.<\/h6>","protected":false},"excerpt":{"rendered":"<p>Zertifikate ISO 9001 ISO 14001 nachhaltige Mobilit\u00e4t Die Bahnindustrie spielt eine Schl\u00fcsselrolle f\u00fcr klimafreundliche Mobilit\u00e4t und die Verkehrswende. Moderne Schienenfahrzeuge, Infrastruktur- und Leitsysteme basieren zunehmend auf leistungsf\u00e4higer Elektronik &#8211; von Steuer- und Leistungselektronik \u00fcber Sensorik bis hin zu Kommunikations- und Connectivity-L\u00f6sungen. Als Komplettanbieter f\u00fcr Electronic-Manufacturing-Services begleiten wir unsere Kunden entlang des gesamten Produktlebenszyklus: von der &#8230; <a title=\"Railway industry\" class=\"read-more\" href=\"https:\/\/www.cms-electronics.com\/en\/branchen\/bahnindustrie\/\" aria-label=\"Read more about Bahnindustrie\">Read more<\/a><\/p>","protected":false},"author":4,"featured_media":0,"parent":789,"menu_order":0,"comment_status":"closed","ping_status":"closed","template":"","meta":{"_acf_changed":false,"footnotes":""},"class_list":["post-4707","page","type-page","status-publish"],"acf":[],"_links":{"self":[{"href":"https:\/\/www.cms-electronics.com\/en\/wp-json\/wp\/v2\/pages\/4707","targetHints":{"allow":["GET"]}}],"collection":[{"href":"https:\/\/www.cms-electronics.com\/en\/wp-json\/wp\/v2\/pages"}],"about":[{"href":"https:\/\/www.cms-electronics.com\/en\/wp-json\/wp\/v2\/types\/page"}],"author":[{"embeddable":true,"href":"https:\/\/www.cms-electronics.com\/en\/wp-json\/wp\/v2\/users\/4"}],"replies":[{"embeddable":true,"href":"https:\/\/www.cms-electronics.com\/en\/wp-json\/wp\/v2\/comments?post=4707"}],"version-history":[{"count":8,"href":"https:\/\/www.cms-electronics.com\/en\/wp-json\/wp\/v2\/pages\/4707\/revisions"}],"predecessor-version":[{"id":4771,"href":"https:\/\/www.cms-electronics.com\/en\/wp-json\/wp\/v2\/pages\/4707\/revisions\/4771"}],"up":[{"embeddable":true,"href":"https:\/\/www.cms-electronics.com\/en\/wp-json\/wp\/v2\/pages\/789"}],"wp:attachment":[{"href":"https:\/\/www.cms-electronics.com\/en\/wp-json\/wp\/v2\/media?parent=4707"}],"curies":[{"name":"wp","href":"https:\/\/api.w.org\/{rel}","templated":true}]}}