{"id":559,"date":"2024-07-11T16:56:08","date_gmt":"2024-07-11T16:56:08","guid":{"rendered":"https:\/\/webhost346-1.tls-host.eu\/?page_id=559"},"modified":"2025-09-19T12:56:08","modified_gmt":"2025-09-19T10:56:08","slug":"procurement-services-in-asia","status":"publish","type":"page","link":"https:\/\/www.cms-electronics.com\/en\/leistungen\/procurement-services-in-asia\/","title":{"rendered":"Procurement Services in ASIA"},"content":{"rendered":"<img decoding=\"async\" src=\"https:\/\/www.cms-electronics.com\/wp-content\/uploads\/2024\/07\/arrow-black.svg\" alt=\"arrow-black\"  \/>\n<h6>\n\t\t successful international supplier base\n\t<\/h6>\n\t<h3>Global supply chains offer numerous possibilities and opportunities to increase the value contribution of procurement to corporate success. At the same time, however, various risks must be considered and assessed.<\/h3>\n\t<h6>Over the past few years, cms electronics has established a broad, stable, and successful international supplier base. Building on this supplier base and years of international experience, we embrace the challenges of a global supply chain. This allows cms electronics to offer customer-oriented and sustainable procurement and standards strategies directly to individual customers.<\/h6>\n\t\t\t\t<img loading=\"lazy\" decoding=\"async\" src=\"https:\/\/www.cms-electronics.com\/wp-content\/uploads\/2024\/07\/csm_cms_electronics_Procurement_Services_in_Asia_V2_db896c6d6d.jpg\" alt=\"csm_cms_electronics_Procurement_Services_in_Asia_V2_db896c6d6d\" itemprop=\"image\" height=\"500\" width=\"1140\" title=\"csm_cms_electronics_Procurement_Services_in_Asia_V2_db896c6d6d\" onerror=\"this.style.display='none'\"  \/>\n<h6>\n\t\tcms electronics\n\t<\/h6>\n<h2>\n\t\tSmartSourcing\n\t<\/h2>\n\t<p>In this constellation, the Procurement Services Asia of cms electronics include the efficient <strong>Procurement strategies<\/strong>, the sustainable <strong>Quality management<\/strong> and the <strong>effective purchasing<\/strong>.<\/p>\n<p>In these three sub-areas, a wide variety of things play an important role and yet interact with each other so that you as a customer benefit from a variable overall concept.<\/p>\n\t\t\t\t\t<a href=\"#\" id=\"fl-accordion--label-0\" tabindex=\"0\" aria-controls=\"fl-accordion--panel-0\">Procurement<\/a>\n\t\t\t\t\t\t\t\t\t\t\t<a href=\"#\" id=\"fl-accordion--icon-0\" tabindex=\"-1\"><i>Expand<\/i><\/a>\n\t\t\t\t\t<p>Procurement here includes all supplier coordination, sample management and negotiations.<\/p>\n<p>Based on the evaluation of suitable suppliers and the negotiation of suitable business terms, we develop and improve supplier relationships. This enables us to negotiate your supplier contracts in the best possible way on site at the customer&#039;s request. This also guarantees optimal definition and coordination of sample production.<\/p>\n<p>All of this means that at cms electronics we always have a complete overview of the supply chain and can thus mitigate risks.<\/p>\n\t\t\t\t\t<a href=\"#\" id=\"fl-accordion--label-1\" tabindex=\"0\" aria-controls=\"fl-accordion--panel-1\">Quality Assurance<\/a>\n\t\t\t\t\t\t\t\t\t\t\t<a href=\"#\" id=\"fl-accordion--icon-1\" tabindex=\"-1\"><i>Expand<\/i><\/a>\n\t\t\t\t\t<p>Procurement in Asia requires a strong interaction of <strong>Quality Assurance<\/strong> and <strong>Quality Management Systems<\/strong>to ensure the highest standards and sustainable results. Through audited suppliers and a structured quality management system, products and services are systematically monitored, tested, and continuously improved.<\/p>\n<p>Our local experts coordinate supplier approvals and audits according to ISO 9001, IATF 16969, and VDA 6.3, ensuring seamless process control. We rely on direct communication with local partners in English, Cantonese, and Mandarin \u2013 fostering transparency, trust, and efficient solutions for demanding global supply chains.<\/p>\n<p>We also attach particular importance to the protection of intellectual property, clear documentation, and adherence to international standards and compliance requirements.<\/p>\n\t\t\t\t\t<a href=\"#\" id=\"fl-accordion--label-2\" tabindex=\"0\" aria-controls=\"fl-accordion--panel-2\">Purchasing <\/a>\n\t\t\t\t\t\t\t\t\t\t\t<a href=\"#\" id=\"fl-accordion--icon-2\" tabindex=\"-1\"><i>Expand<\/i><\/a>\n\t\t\t\t\t<p>Time and coordination play a big role in purchasing.<\/p>\n<p>In order to ensure optimal logistics, we establish the appropriate logistics systems (HUB, consolidation, ...) so that you can always be sure that your goods will arrive at your desired location on time.<\/p>\n<p>Should something not work properly, our employees are on site and will resolve all issues within the framework of complaints management.<\/p>\n<h2>\n\t\tAdvantages\n\t<\/h2>\n<h3>\n\t\tcommunication\n\t<\/h3>\n\t<ul>\n<li>Next to <strong>English<\/strong> we communicate in <strong>Cantonese<\/strong> and <strong>Mandarin<\/strong>to create mutual trust, negotiate clear conditions and solve problems quickly.<\/li>\n<li>Awareness of the cultural differences between European customers and Chinese suppliers ensures that negotiations can be <strong>best results<\/strong> comes.<\/li>\n<\/ul>\n<h3>\n\t\tmarket knowledge &amp; market access\n\t<\/h3>\n\t<ul>\n<li>Checked and <strong>well-maintained supplier database<\/strong>to find the right supplier for you quickly and accurately.<\/li>\n<li><strong>Personal contact<\/strong> to suppliers \u2013 this enables attractive purchasing opportunities for industry experts and decision makers<\/li>\n<\/ul>\n<h3>\n\t\tQuality\n\t<\/h3>\n\t<ul>\n<li>We place a strong focus on finding <strong>suitable suppliers<\/strong> and the <strong>quality assurance<\/strong> during the production.<\/li>\n<li>We rely on global partner companies or internal engineers to <strong>best solutions<\/strong> to find.<\/li>\n<li><strong>We protect your intellectual property rights<\/strong>All drawings and confidential documents are processed in an anonymized form.<\/li>\n<\/ul>\n<h3>\n\t\tCost\n\t<\/h3>\n\t<ul>\n<li>Lower labor and manufacturing costs in Asia means a <strong>Cost reduction<\/strong> in the low to mid double-digit percentage range.<\/li>\n<li>Clear contract manufacturing with a strong focus on <strong>Process control<\/strong>.<\/li>\n<\/ul>","protected":false},"excerpt":{"rendered":"<p>Successful international supplier base Global supply chains open up numerous possibilities and opportunities to increase the value contribution of procurement to corporate success. At the same time, however, various risks must be considered and assessed. Over the past few years, cms electronics has established a broad, stable, and successful international supplier base. Building on this supplier base and years of international experience, we\u2026 <a title=\"Procurement Services in ASIA\" class=\"read-more\" href=\"https:\/\/www.cms-electronics.com\/en\/leistungen\/procurement-services-in-asia\/\" aria-label=\"Read more about Procurement Services in ASIA\">Read more<\/a><\/p>","protected":false},"author":4,"featured_media":0,"parent":638,"menu_order":0,"comment_status":"closed","ping_status":"closed","template":"","meta":{"_acf_changed":false,"footnotes":""},"class_list":["post-559","page","type-page","status-publish"],"acf":[],"yoast_head":"<!-- This site is optimized with the Yoast SEO plugin v27.2 - https:\/\/yoast.com\/product\/yoast-seo-wordpress\/ -->\n<title>Procurement Services in ASIA - cms electronics<\/title>\n<meta name=\"robots\" content=\"index, follow, max-snippet:-1, max-image-preview:large, max-video-preview:-1\" \/>\n<link rel=\"canonical\" href=\"https:\/\/www.cms-electronics.com\/en\/leistungen\/procurement-services-in-asia\/\" \/>\n<meta property=\"og:locale\" content=\"en_GB\" \/>\n<meta property=\"og:type\" content=\"article\" \/>\n<meta property=\"og:title\" content=\"Procurement Services in ASIA - cms electronics\" \/>\n<meta property=\"og:description\" content=\"erfolgreiche internationale Lieferantenbasis Global angesiedelte Supply Chains er\u00f6ffnen viele M\u00f6glichkeiten und Chancen den Wertbeitrag der Beschaffung zum Unternehmenserfolg zu erh\u00f6hen. Gleichzeitig m\u00fcssen aber verschiedene Risiken ber\u00fccksichtigt und bewertet werden. \u00dcber die letzten Jahre hat cms electronics eine breite, stabile und erfolgreiche internationale Lieferantenbasis etabliert. Aufbauend auf dieser Lieferantenbasis und der jahrelangen internationalen Erfahrung nehmen wir ... Read more\" \/>\n<meta property=\"og:url\" content=\"https:\/\/www.cms-electronics.com\/en\/leistungen\/procurement-services-in-asia\/\" \/>\n<meta property=\"og:site_name\" content=\"cms electronics\" \/>\n<meta property=\"article:modified_time\" content=\"2025-09-19T10:56:08+00:00\" \/>\n<meta property=\"og:image\" content=\"https:\/\/www.cms-electronics.com\/wp-content\/uploads\/2024\/07\/arrow-black.svg\" \/>\n<meta name=\"twitter:card\" content=\"summary_large_image\" \/>\n<script type=\"application\/ld+json\" class=\"yoast-schema-graph\">{\"@context\":\"https:\/\/schema.org\",\"@graph\":[{\"@type\":\"WebPage\",\"@id\":\"https:\/\/www.cms-electronics.com\/leistungen\/procurement-services-in-asia\/\",\"url\":\"https:\/\/www.cms-electronics.com\/leistungen\/procurement-services-in-asia\/\",\"name\":\"Procurement Services in ASIA - cms electronics\",\"isPartOf\":{\"@id\":\"https:\/\/www.cms-electronics.com\/#website\"},\"primaryImageOfPage\":{\"@id\":\"https:\/\/www.cms-electronics.com\/leistungen\/procurement-services-in-asia\/#primaryimage\"},\"image\":{\"@id\":\"https:\/\/www.cms-electronics.com\/leistungen\/procurement-services-in-asia\/#primaryimage\"},\"thumbnailUrl\":\"https:\/\/www.cms-electronics.com\/wp-content\/uploads\/2024\/07\/arrow-black.svg\",\"datePublished\":\"2024-07-11T16:56:08+00:00\",\"dateModified\":\"2025-09-19T10:56:08+00:00\",\"breadcrumb\":{\"@id\":\"https:\/\/www.cms-electronics.com\/leistungen\/procurement-services-in-asia\/#breadcrumb\"},\"inLanguage\":\"en-GB\",\"potentialAction\":[{\"@type\":\"ReadAction\",\"target\":[\"https:\/\/www.cms-electronics.com\/leistungen\/procurement-services-in-asia\/\"]}]},{\"@type\":\"ImageObject\",\"inLanguage\":\"en-GB\",\"@id\":\"https:\/\/www.cms-electronics.com\/leistungen\/procurement-services-in-asia\/#primaryimage\",\"url\":\"https:\/\/www.cms-electronics.com\/wp-content\/uploads\/2024\/07\/arrow-black.svg\",\"contentUrl\":\"https:\/\/www.cms-electronics.com\/wp-content\/uploads\/2024\/07\/arrow-black.svg\"},{\"@type\":\"BreadcrumbList\",\"@id\":\"https:\/\/www.cms-electronics.com\/leistungen\/procurement-services-in-asia\/#breadcrumb\",\"itemListElement\":[{\"@type\":\"ListItem\",\"position\":1,\"name\":\"Home\",\"item\":\"https:\/\/www.cms-electronics.com\/\"},{\"@type\":\"ListItem\",\"position\":2,\"name\":\"Leistungen\",\"item\":\"https:\/\/www.cms-electronics.com\/leistungen\/\"},{\"@type\":\"ListItem\",\"position\":3,\"name\":\"Procurement Services in ASIA\"}]},{\"@type\":\"WebSite\",\"@id\":\"https:\/\/www.cms-electronics.com\/#website\",\"url\":\"https:\/\/www.cms-electronics.com\/\",\"name\":\"cms electronics\",\"description\":\"Electronic Manufacturing Services\",\"alternateName\":\"cms electronics | Electronic Manufacturing Services\",\"potentialAction\":[{\"@type\":\"SearchAction\",\"target\":{\"@type\":\"EntryPoint\",\"urlTemplate\":\"https:\/\/www.cms-electronics.com\/?s={search_term_string}\"},\"query-input\":{\"@type\":\"PropertyValueSpecification\",\"valueRequired\":true,\"valueName\":\"search_term_string\"}}],\"inLanguage\":\"en-GB\"}]}<\/script>\n<!-- \/ Yoast SEO plugin. -->","yoast_head_json":{"title":"Procurement Services in ASIA - cms electronics","robots":{"index":"index","follow":"follow","max-snippet":"max-snippet:-1","max-image-preview":"max-image-preview:large","max-video-preview":"max-video-preview:-1"},"canonical":"https:\/\/www.cms-electronics.com\/en\/leistungen\/procurement-services-in-asia\/","og_locale":"en_GB","og_type":"article","og_title":"Procurement Services in ASIA - cms electronics","og_description":"erfolgreiche internationale Lieferantenbasis Global angesiedelte Supply Chains er\u00f6ffnen viele M\u00f6glichkeiten und Chancen den Wertbeitrag der Beschaffung zum Unternehmenserfolg zu erh\u00f6hen. Gleichzeitig m\u00fcssen aber verschiedene Risiken ber\u00fccksichtigt und bewertet werden. \u00dcber die letzten Jahre hat cms electronics eine breite, stabile und erfolgreiche internationale Lieferantenbasis etabliert. Aufbauend auf dieser Lieferantenbasis und der jahrelangen internationalen Erfahrung nehmen wir ... Read more","og_url":"https:\/\/www.cms-electronics.com\/en\/leistungen\/procurement-services-in-asia\/","og_site_name":"cms electronics","article_modified_time":"2025-09-19T10:56:08+00:00","og_image":[{"url":"https:\/\/www.cms-electronics.com\/wp-content\/uploads\/2024\/07\/arrow-black.svg","type":"","width":"","height":""}],"twitter_card":"summary_large_image","schema":{"@context":"https:\/\/schema.org","@graph":[{"@type":"WebPage","@id":"https:\/\/www.cms-electronics.com\/leistungen\/procurement-services-in-asia\/","url":"https:\/\/www.cms-electronics.com\/leistungen\/procurement-services-in-asia\/","name":"Procurement Services in ASIA - cms electronics","isPartOf":{"@id":"https:\/\/www.cms-electronics.com\/#website"},"primaryImageOfPage":{"@id":"https:\/\/www.cms-electronics.com\/leistungen\/procurement-services-in-asia\/#primaryimage"},"image":{"@id":"https:\/\/www.cms-electronics.com\/leistungen\/procurement-services-in-asia\/#primaryimage"},"thumbnailUrl":"https:\/\/www.cms-electronics.com\/wp-content\/uploads\/2024\/07\/arrow-black.svg","datePublished":"2024-07-11T16:56:08+00:00","dateModified":"2025-09-19T10:56:08+00:00","breadcrumb":{"@id":"https:\/\/www.cms-electronics.com\/leistungen\/procurement-services-in-asia\/#breadcrumb"},"inLanguage":"en-GB","potentialAction":[{"@type":"ReadAction","target":["https:\/\/www.cms-electronics.com\/leistungen\/procurement-services-in-asia\/"]}]},{"@type":"ImageObject","inLanguage":"en-GB","@id":"https:\/\/www.cms-electronics.com\/leistungen\/procurement-services-in-asia\/#primaryimage","url":"https:\/\/www.cms-electronics.com\/wp-content\/uploads\/2024\/07\/arrow-black.svg","contentUrl":"https:\/\/www.cms-electronics.com\/wp-content\/uploads\/2024\/07\/arrow-black.svg"},{"@type":"BreadcrumbList","@id":"https:\/\/www.cms-electronics.com\/leistungen\/procurement-services-in-asia\/#breadcrumb","itemListElement":[{"@type":"ListItem","position":1,"name":"Home","item":"https:\/\/www.cms-electronics.com\/"},{"@type":"ListItem","position":2,"name":"Leistungen","item":"https:\/\/www.cms-electronics.com\/leistungen\/"},{"@type":"ListItem","position":3,"name":"Procurement Services in ASIA"}]},{"@type":"WebSite","@id":"https:\/\/www.cms-electronics.com\/#website","url":"https:\/\/www.cms-electronics.com\/","name":"cms electronics","description":"Electronic Manufacturing Services","alternateName":"cms electronics | Electronic Manufacturing Services","potentialAction":[{"@type":"SearchAction","target":{"@type":"EntryPoint","urlTemplate":"https:\/\/www.cms-electronics.com\/?s={search_term_string}"},"query-input":{"@type":"PropertyValueSpecification","valueRequired":true,"valueName":"search_term_string"}}],"inLanguage":"en-GB"}]}},"_links":{"self":[{"href":"https:\/\/www.cms-electronics.com\/en\/wp-json\/wp\/v2\/pages\/559","targetHints":{"allow":["GET"]}}],"collection":[{"href":"https:\/\/www.cms-electronics.com\/en\/wp-json\/wp\/v2\/pages"}],"about":[{"href":"https:\/\/www.cms-electronics.com\/en\/wp-json\/wp\/v2\/types\/page"}],"author":[{"embeddable":true,"href":"https:\/\/www.cms-electronics.com\/en\/wp-json\/wp\/v2\/users\/4"}],"replies":[{"embeddable":true,"href":"https:\/\/www.cms-electronics.com\/en\/wp-json\/wp\/v2\/comments?post=559"}],"version-history":[{"count":0,"href":"https:\/\/www.cms-electronics.com\/en\/wp-json\/wp\/v2\/pages\/559\/revisions"}],"up":[{"embeddable":true,"href":"https:\/\/www.cms-electronics.com\/en\/wp-json\/wp\/v2\/pages\/638"}],"wp:attachment":[{"href":"https:\/\/www.cms-electronics.com\/en\/wp-json\/wp\/v2\/media?parent=559"}],"curies":[{"name":"wp","href":"https:\/\/api.w.org\/{rel}","templated":true}]}}