{"id":791,"date":"2024-07-13T10:33:58","date_gmt":"2024-07-13T10:33:58","guid":{"rendered":"https:\/\/webhost346-1.tls-host.eu\/?page_id=791"},"modified":"2024-10-29T16:32:12","modified_gmt":"2024-10-29T15:32:12","slug":"automotive","status":"publish","type":"page","link":"https:\/\/www.cms-electronics.com\/en\/branchen\/automotive\/","title":{"rendered":"Automotive"},"content":{"rendered":"<h4>\n\t\tCertificates\n\t<\/h4>\n    <a href=\"\/en\/wer-wir-sind\/zertifikate-auszeichnungen\/\">ISO 9001<\/a>\n    <a href=\"\/en\/wer-wir-sind\/zertifikate-auszeichnungen\/\">ISO14001<\/a>\n    <a href=\"\/en\/wer-wir-sind\/zertifikate-auszeichnungen\/\">IATF 16949<\/a>\n<h6>\n\t\tin use worldwide\n\t<\/h6>\n\t<h3>Quality, trust and flexibility: your ideal partner for automotive electronics<\/h3>\n\t<img decoding=\"async\" role=\"img\" src=\"https:\/\/www.cms-electronics.com\/wp-content\/uploads\/2024\/07\/arrow-black.svg\" alt=\"cms-logo-arrow\"  \/>\n    <img decoding=\"async\" src=\"\/wp-content\/uploads\/2024\/07\/cms4.svg\" alt=\"automotive anim\"\/>\n\t<h6>For years, cms electronics has stood for excellent, reliable and flexible electronic solutions in the automotive industry.<\/h6>\n<h6>Our production capacities range from large series in the millions to tailor-made control units for complex requirements. <\/h6>\n<h6>With our focus on low error rates, efficient manufacturing processes and future-oriented technologies, we offer you stability and innovation from a single source.<\/h6>\n<h6>Rely on a partner who understands your requirements and supports your goals with uncompromising quality.<\/h6>\n<h6>\n\t\tautomotive\n\t<\/h6>\n<h2>\n\t\tApplications\n\t<\/h2>\n\t<h6>cms electronics offers an extensive portfolio of applications, including <strong>Body Control Systems<\/strong>, <strong>Powertrain<\/strong> and <strong>e-mobility solutions<\/strong>.<\/h6>\n<h6>For precise requirements such as <strong>LED applications<\/strong> as well as <strong>actuators and sensors<\/strong> We rely on the latest high-precision machines and optical drilling technologies.<\/h6>\n<h6>Our electronic components also cover controls, regulations and infotainment applications \u2013 developed for the highest precision and reliability and ready to meet the quality requirements of leading automotive brands worldwide.<\/h6>","protected":false},"excerpt":{"rendered":"<p>Certificates ISO 9001 ISO 14001 IATF 16949 in use worldwide Quality, trust and flexibility: your ideal partner for automotive electronics cms electronics has stood for excellent, reliable and flexible electronic solutions in the automotive industry for years. Our production capacities range from large series in the millions to customized control units for complex requirements. With our focus on low error rates, ... <a title=\"Automotive\" class=\"read-more\" href=\"https:\/\/www.cms-electronics.com\/en\/branchen\/automotive\/\" aria-label=\"Read more about Automotive\">Read more<\/a><\/p>","protected":false},"author":4,"featured_media":0,"parent":789,"menu_order":0,"comment_status":"closed","ping_status":"closed","template":"","meta":{"_acf_changed":false,"footnotes":""},"class_list":["post-791","page","type-page","status-publish"],"acf":[],"yoast_head":"<!-- This site is optimized with the Yoast SEO plugin v27.2 - https:\/\/yoast.com\/product\/yoast-seo-wordpress\/ -->\n<title>Automotive - cms electronics<\/title>\n<meta name=\"robots\" content=\"index, follow, max-snippet:-1, max-image-preview:large, max-video-preview:-1\" \/>\n<link rel=\"canonical\" href=\"https:\/\/www.cms-electronics.com\/en\/branchen\/automotive\/\" \/>\n<meta property=\"og:locale\" content=\"en_GB\" \/>\n<meta property=\"og:type\" content=\"article\" \/>\n<meta property=\"og:title\" content=\"Automotive - cms electronics\" \/>\n<meta property=\"og:description\" content=\"Zertifikate ISO 9001 ISO 14001 IATF 16949 weltweit im einsatz Qualit\u00e4t, Vertrauen und Flexibilit\u00e4t: Ihr idealer Partner f\u00fcr Automotive-Elektronik cms electronics steht seit Jahren f\u00fcr exzellente, zuverl\u00e4ssige und flexible Elektronikl\u00f6sungen in der Automobilindustrie. Unsere Produktionskapazit\u00e4ten erstrecken sich von Gro\u00dfserien in Millionenh\u00f6he bis hin zu ma\u00dfgeschneiderten Steuerger\u00e4ten f\u00fcr komplexe Anforderungen. Mit unserem Fokus auf niedrige Fehlerquoten, ... Read more\" \/>\n<meta property=\"og:url\" content=\"https:\/\/www.cms-electronics.com\/en\/branchen\/automotive\/\" \/>\n<meta property=\"og:site_name\" content=\"cms electronics\" \/>\n<meta property=\"article:modified_time\" content=\"2024-10-29T15:32:12+00:00\" \/>\n<meta property=\"og:image\" content=\"https:\/\/www.cms-electronics.com\/wp-content\/uploads\/2024\/07\/arrow-black.svg\" \/>\n<meta name=\"twitter:card\" content=\"summary_large_image\" \/>\n<script type=\"application\/ld+json\" class=\"yoast-schema-graph\">{\"@context\":\"https:\/\/schema.org\",\"@graph\":[{\"@type\":\"WebPage\",\"@id\":\"https:\/\/www.cms-electronics.com\/branchen\/automotive\/\",\"url\":\"https:\/\/www.cms-electronics.com\/branchen\/automotive\/\",\"name\":\"Automotive - cms electronics\",\"isPartOf\":{\"@id\":\"https:\/\/www.cms-electronics.com\/#website\"},\"primaryImageOfPage\":{\"@id\":\"https:\/\/www.cms-electronics.com\/branchen\/automotive\/#primaryimage\"},\"image\":{\"@id\":\"https:\/\/www.cms-electronics.com\/branchen\/automotive\/#primaryimage\"},\"thumbnailUrl\":\"https:\/\/www.cms-electronics.com\/wp-content\/uploads\/2024\/07\/arrow-black.svg\",\"datePublished\":\"2024-07-13T10:33:58+00:00\",\"dateModified\":\"2024-10-29T15:32:12+00:00\",\"breadcrumb\":{\"@id\":\"https:\/\/www.cms-electronics.com\/branchen\/automotive\/#breadcrumb\"},\"inLanguage\":\"en-GB\",\"potentialAction\":[{\"@type\":\"ReadAction\",\"target\":[\"https:\/\/www.cms-electronics.com\/branchen\/automotive\/\"]}]},{\"@type\":\"ImageObject\",\"inLanguage\":\"en-GB\",\"@id\":\"https:\/\/www.cms-electronics.com\/branchen\/automotive\/#primaryimage\",\"url\":\"https:\/\/www.cms-electronics.com\/wp-content\/uploads\/2024\/07\/arrow-black.svg\",\"contentUrl\":\"https:\/\/www.cms-electronics.com\/wp-content\/uploads\/2024\/07\/arrow-black.svg\"},{\"@type\":\"BreadcrumbList\",\"@id\":\"https:\/\/www.cms-electronics.com\/branchen\/automotive\/#breadcrumb\",\"itemListElement\":[{\"@type\":\"ListItem\",\"position\":1,\"name\":\"Home\",\"item\":\"https:\/\/www.cms-electronics.com\/\"},{\"@type\":\"ListItem\",\"position\":2,\"name\":\"Branchen\",\"item\":\"https:\/\/www.cms-electronics.com\/branchen\/\"},{\"@type\":\"ListItem\",\"position\":3,\"name\":\"Automotive\"}]},{\"@type\":\"WebSite\",\"@id\":\"https:\/\/www.cms-electronics.com\/#website\",\"url\":\"https:\/\/www.cms-electronics.com\/\",\"name\":\"cms electronics\",\"description\":\"Electronic Manufacturing Services\",\"alternateName\":\"cms electronics | Electronic Manufacturing Services\",\"potentialAction\":[{\"@type\":\"SearchAction\",\"target\":{\"@type\":\"EntryPoint\",\"urlTemplate\":\"https:\/\/www.cms-electronics.com\/?s={search_term_string}\"},\"query-input\":{\"@type\":\"PropertyValueSpecification\",\"valueRequired\":true,\"valueName\":\"search_term_string\"}}],\"inLanguage\":\"en-GB\"}]}<\/script>\n<!-- \/ Yoast SEO plugin. -->","yoast_head_json":{"title":"Automotive - cms electronics","robots":{"index":"index","follow":"follow","max-snippet":"max-snippet:-1","max-image-preview":"max-image-preview:large","max-video-preview":"max-video-preview:-1"},"canonical":"https:\/\/www.cms-electronics.com\/en\/branchen\/automotive\/","og_locale":"en_GB","og_type":"article","og_title":"Automotive - cms electronics","og_description":"Zertifikate ISO 9001 ISO 14001 IATF 16949 weltweit im einsatz Qualit\u00e4t, Vertrauen und Flexibilit\u00e4t: Ihr idealer Partner f\u00fcr Automotive-Elektronik cms electronics steht seit Jahren f\u00fcr exzellente, zuverl\u00e4ssige und flexible Elektronikl\u00f6sungen in der Automobilindustrie. Unsere Produktionskapazit\u00e4ten erstrecken sich von Gro\u00dfserien in Millionenh\u00f6he bis hin zu ma\u00dfgeschneiderten Steuerger\u00e4ten f\u00fcr komplexe Anforderungen. Mit unserem Fokus auf niedrige Fehlerquoten, ... Read more","og_url":"https:\/\/www.cms-electronics.com\/en\/branchen\/automotive\/","og_site_name":"cms electronics","article_modified_time":"2024-10-29T15:32:12+00:00","og_image":[{"url":"https:\/\/www.cms-electronics.com\/wp-content\/uploads\/2024\/07\/arrow-black.svg","type":"","width":"","height":""}],"twitter_card":"summary_large_image","schema":{"@context":"https:\/\/schema.org","@graph":[{"@type":"WebPage","@id":"https:\/\/www.cms-electronics.com\/branchen\/automotive\/","url":"https:\/\/www.cms-electronics.com\/branchen\/automotive\/","name":"Automotive - cms electronics","isPartOf":{"@id":"https:\/\/www.cms-electronics.com\/#website"},"primaryImageOfPage":{"@id":"https:\/\/www.cms-electronics.com\/branchen\/automotive\/#primaryimage"},"image":{"@id":"https:\/\/www.cms-electronics.com\/branchen\/automotive\/#primaryimage"},"thumbnailUrl":"https:\/\/www.cms-electronics.com\/wp-content\/uploads\/2024\/07\/arrow-black.svg","datePublished":"2024-07-13T10:33:58+00:00","dateModified":"2024-10-29T15:32:12+00:00","breadcrumb":{"@id":"https:\/\/www.cms-electronics.com\/branchen\/automotive\/#breadcrumb"},"inLanguage":"en-GB","potentialAction":[{"@type":"ReadAction","target":["https:\/\/www.cms-electronics.com\/branchen\/automotive\/"]}]},{"@type":"ImageObject","inLanguage":"en-GB","@id":"https:\/\/www.cms-electronics.com\/branchen\/automotive\/#primaryimage","url":"https:\/\/www.cms-electronics.com\/wp-content\/uploads\/2024\/07\/arrow-black.svg","contentUrl":"https:\/\/www.cms-electronics.com\/wp-content\/uploads\/2024\/07\/arrow-black.svg"},{"@type":"BreadcrumbList","@id":"https:\/\/www.cms-electronics.com\/branchen\/automotive\/#breadcrumb","itemListElement":[{"@type":"ListItem","position":1,"name":"Home","item":"https:\/\/www.cms-electronics.com\/"},{"@type":"ListItem","position":2,"name":"Branchen","item":"https:\/\/www.cms-electronics.com\/branchen\/"},{"@type":"ListItem","position":3,"name":"Automotive"}]},{"@type":"WebSite","@id":"https:\/\/www.cms-electronics.com\/#website","url":"https:\/\/www.cms-electronics.com\/","name":"cms electronics","description":"Electronic Manufacturing Services","alternateName":"cms electronics | Electronic Manufacturing Services","potentialAction":[{"@type":"SearchAction","target":{"@type":"EntryPoint","urlTemplate":"https:\/\/www.cms-electronics.com\/?s={search_term_string}"},"query-input":{"@type":"PropertyValueSpecification","valueRequired":true,"valueName":"search_term_string"}}],"inLanguage":"en-GB"}]}},"_links":{"self":[{"href":"https:\/\/www.cms-electronics.com\/en\/wp-json\/wp\/v2\/pages\/791","targetHints":{"allow":["GET"]}}],"collection":[{"href":"https:\/\/www.cms-electronics.com\/en\/wp-json\/wp\/v2\/pages"}],"about":[{"href":"https:\/\/www.cms-electronics.com\/en\/wp-json\/wp\/v2\/types\/page"}],"author":[{"embeddable":true,"href":"https:\/\/www.cms-electronics.com\/en\/wp-json\/wp\/v2\/users\/4"}],"replies":[{"embeddable":true,"href":"https:\/\/www.cms-electronics.com\/en\/wp-json\/wp\/v2\/comments?post=791"}],"version-history":[{"count":0,"href":"https:\/\/www.cms-electronics.com\/en\/wp-json\/wp\/v2\/pages\/791\/revisions"}],"up":[{"embeddable":true,"href":"https:\/\/www.cms-electronics.com\/en\/wp-json\/wp\/v2\/pages\/789"}],"wp:attachment":[{"href":"https:\/\/www.cms-electronics.com\/en\/wp-json\/wp\/v2\/media?parent=791"}],"curies":[{"name":"wp","href":"https:\/\/api.w.org\/{rel}","templated":true}]}}