{"id":810,"date":"2024-07-13T10:59:19","date_gmt":"2024-07-13T10:59:19","guid":{"rendered":"https:\/\/webhost346-1.tls-host.eu\/?page_id=810"},"modified":"2026-03-03T09:44:11","modified_gmt":"2026-03-03T08:44:11","slug":"zertifikate-auszeichnungen","status":"publish","type":"page","link":"https:\/\/www.cms-electronics.com\/en\/wer-wir-sind\/zertifikate-auszeichnungen\/","title":{"rendered":"Certificates &amp; Awards"},"content":{"rendered":"<img decoding=\"async\" src=\"https:\/\/www.cms-electronics.com\/wp-content\/uploads\/2024\/07\/arrow-black.svg\" alt=\"arrow-black\"  \/>\n<h2>\n\t\tSuccess &amp; Quality\n\t<\/h2>\n\t<h4>Certificates prove compliance with internationally valid standards and norms through independent testing. This means we can offer our customers the highest quality through traceable processes and highly trained employees. This is reflected in the numerous awards we have received.<\/h4>\n\t<img decoding=\"async\" role=\"img\" src=\"https:\/\/www.cms-electronics.com\/wp-content\/uploads\/2024\/07\/arrow-black.svg\" alt=\"cms-logo-arrow\"  \/>\n\t<h6>With highly motivated employees and thanks to a perfectly automated and lean production organization, extensive know-how and central location to the key markets for electronics manufacturing, we have placed our international market position on a secure foundation. This is demonstrated by our numerous awards from customers and expert juries.<\/h6>\n<h2>\n\t\tCertificates\n\t<\/h2>\n        <h6>ISO 9001<\/h6>\n        <h3>Quality management systems (QM)<\/h3>\n            <a href=\"https:\/\/www.cms-electronics.com\/wp-content\/uploads\/2026\/03\/ISO9001_en_bis-2029.pdf\" target=\"_blank\" rel=\"noopener\"><img decoding=\"async\" src=\"\/wp-content\/uploads\/2024\/07\/download-minimalistic-svgrepo-com.svg\" alt=\"download-minimalistic\"\/>AT<\/a>\n            <a href=\"\/wp-content\/uploads\/2026\/01\/Englisch_ISO9001.pdf\" target=\"_blank\" rel=\"noopener\"><img decoding=\"async\" src=\"\/wp-content\/uploads\/2024\/07\/download-minimalistic-svgrepo-com.svg\" alt=\"download-minimalistic\"\/>DE<\/a>\n            <a href=\"https:\/\/www.cms-electronics.com\/wp-content\/uploads\/2026\/03\/ISO9001_en_bis-2029_HU.pdf\" target=\"_blank\" rel=\"noopener\"><img decoding=\"async\" src=\"\/wp-content\/uploads\/2024\/07\/download-minimalistic-svgrepo-com.svg\" alt=\"download-minimalistic\"\/>HU<\/a>\n        <h6>ISO13485<\/h6>\n        <h3>Medical Devices &amp; QM<\/h3>\n            <a href=\"\/wp-content\/uploads\/2026\/01\/Englisch_ISO13485.pdf\" target=\"_blank\" rel=\"noopener\"><img decoding=\"async\" src=\"\/wp-content\/uploads\/2024\/07\/download-minimalistic-svgrepo-com.svg\" alt=\"download-minimalistic\"\/>DE<\/a>\n        <h6>ISO14001<\/h6>\n        <h3>Environmental management systems<\/h3>\n            <a href=\"\/wp-content\/uploads\/2024\/07\/ISO14001_de.pdf\" target=\"_blank\" rel=\"noopener\"><img decoding=\"async\" src=\"\/wp-content\/uploads\/2024\/07\/download-minimalistic-svgrepo-com.svg\" alt=\"download-minimalistic\"\/>AT<\/a>\n            <a href=\"\/wp-content\/uploads\/2024\/07\/ISO_14001_EN_DE_2024_Ungarn.pdf\" target=\"_blank\" rel=\"noopener\"><img decoding=\"async\" src=\"\/wp-content\/uploads\/2024\/07\/download-minimalistic-svgrepo-com.svg\" alt=\"download-minimalistic\"\/>HU<\/a>\n        <h6>IATF 16949<\/h6>\n        <h3>Technical Specification &amp; QM in the Automotive Industry<\/h3>\n            <a href=\"https:\/\/www.cms-electronics.com\/wp-content\/uploads\/2026\/03\/IATF16949_en_until-2029.pdf\" target=\"_blank\" rel=\"noopener\"><img decoding=\"async\" src=\"\/wp-content\/uploads\/2024\/07\/download-minimalistic-svgrepo-com.svg\" alt=\"download-minimalistic\"\/>AT<\/a>\n            <a href=\"https:\/\/www.cms-electronics.com\/wp-content\/uploads\/2026\/03\/IATF16949_en_bis-2029_HU.pdf\" target=\"_blank\" rel=\"noopener\"><img decoding=\"async\" src=\"\/wp-content\/uploads\/2024\/07\/download-minimalistic-svgrepo-com.svg\" alt=\"download-minimalistic\"\/>HU<\/a>\n        <h6>ISA<\/h6>\n        <h3>Information Security Assessment<\/h3>\n            <a href=\"https:\/\/portal.enx.com\/de-DE\/TISAX\/tisaxassessmentresults\/\" target=\"_blank\" rel=\"noopener noreferrer\" title=\"External link - opens in new tab\"><img decoding=\"async\" src=\"\/wp-content\/uploads\/2024\/07\/download-minimalistic-svgrepo-com.svg\" alt=\"download-minimalistic\"\/>AT \/ HU (external link)<\/a>\n        <h6>Certificate for work and family\n        <h3>State award as a family-friendly employer<\/h3>\n            <a href=\"\/wp-content\/uploads\/2026\/01\/cms-zertifikat-2025-A4.pdf\" target=\"_blank\" rel=\"noopener\"><img decoding=\"async\" src=\"\/wp-content\/uploads\/2024\/07\/download-minimalistic-svgrepo-com.svg\" alt=\"download-minimalistic\"\/>AT<\/a>\n\t<\/h6><h6><em>Resting on our laurels is not the aim of cms electronics. Rather, what we have achieved so far is an incentive for improvement and growth. This makes us one of the best in the EMS industry.<\/em><\/h6>\n\t\t\t\t<img loading=\"lazy\" decoding=\"async\" src=\"https:\/\/www.cms-electronics.com\/wp-content\/uploads\/2024\/07\/csm_bg-test4_2c26901cea.jpg\" alt=\"csm_bg-test4_2c26901cea\" itemprop=\"image\" height=\"500\" width=\"1140\" title=\"csm_bg-test4_2c26901cea\" onerror=\"this.style.display='none'\"  \/>\n<h6>\n\t\tcms electronics\n\t<\/h6>\n<h2>\n\t\tAwards\n\t<\/h2>\n\t<table>\n    <thead>\n        <tr>\n            <th>Year<\/th>\n            <th>Type<\/th>\n        <\/tr>\n    <\/thead>\n    <tbody>\n         <tr>\n            <td>2024<\/td>\n            <td>Winner of the Carinthian Export Prize in the category \u201cLarge Companies\u201d<\/td>\n        <\/tr>\n        <tr>\n            <td>2022<\/td>\n            <td>Certificate berufundfamilie \u2013 State quality mark for a family-friendly personnel policyNomination for the Carinthian Export Prize<\/td>\n        <\/tr>\n        <tr>\n            <td>2019<\/td>\n            <td>Winner of the Best EMS Award in the category \u201cLeading Edge Manufacturing Technologies\u201d<\/td>\n        <\/tr>\n        <tr>\n            <td>2015<\/td>\n            <td>Nomination for the E\u00b2MS Award in the category \u201cProcess Innovation\u201d<\/td>\n        <\/tr>\n        <tr>\n            <td>2014<\/td>\n            <td>\n                Hidden Champion of the Austrian Chamber of Commerce Nomination for the Carinthian Export Award \u201cRuban d&#039;Honneur\u201d medal at the European Business Award\n            <\/td>\n        <\/tr>\n        <tr>\n            <td>2013<\/td>\n            <td>\n                Winner of the Best EMS Award 1st place in the category \u201cDevelopment Competence\u201d Winner of the E\u00b2MS Award in the category \u201cBusiness Processes\u201d\n            <\/td>\n        <\/tr>\n        <tr>\n            <td>2012<\/td>\n            <td>\n                Winner of the Best EMS Award 1st place in the category \u201cDelivery punctuality\u201d &amp; 2nd place in the category \u201cFlexibility\u201d Winner of the Carinthian Export Award Awarded the Quality Austria Award for 20 years of ISO 9001 certification\n            <\/td>\n        <\/tr>\n        <tr>\n            <td>2011<\/td>\n            <td>\n                Winner of the E\u00b2MS Award in the category \u201cCorporate Management\u201d Winner of the Austrian Supply Excellence Award for \u201ce-Business Excellence in the Supply Chain\u201d\n            <\/td>\n        <\/tr>\n        <tr>\n            <td>2010<\/td>\n            <td>\n                Winner of the Carinthian Export Special Prize Winner of the Best EMS Award: 1st place in the category \u201cProduct Quality\u201d, 1st place in the category \u201cFlexibility\u201d &amp; 2nd place in the category \u201cDelivery Punctuality\u201d\n            <\/td>\n        <\/tr>\n        <tr>\n            <td>2009<\/td>\n            <td>\n                Winner of the Best EMS Award: 1st place in the \u201cFlexibility\u201d category &amp; 2nd place in the \u201cProduct Quality\u201d category; nominated in 5 of 6 categories among the top 5 Nominated for the E\u00b2MS Award in the \u201cCorporate Management\u201d category\n            <\/td>\n        <\/tr>\n        <tr>\n            <td>2006<\/td>\n            <td>\n                Winner of the Carinthian Export Prize\n            <\/td>\n        <\/tr>\n    <\/tbody>\n<\/table>","protected":false},"excerpt":{"rendered":"<p>Success &amp; Quality Certificates prove compliance with internationally valid standards and norms through independent testing. This means we can offer our customers the highest quality through traceable processes and highly trained employees. This is reflected in the numerous awards we have received. With highly motivated employees and thanks to a perfectly automated and lean production organization, the great know-how and ... <a title=\"Certificates &amp; Awards\" class=\"read-more\" href=\"https:\/\/www.cms-electronics.com\/en\/wer-wir-sind\/zertifikate-auszeichnungen\/\" aria-label=\"Read more about Certificates &amp; Awards\">Read more<\/a><\/p>","protected":false},"author":4,"featured_media":0,"parent":750,"menu_order":0,"comment_status":"closed","ping_status":"closed","template":"","meta":{"_acf_changed":false,"footnotes":""},"class_list":["post-810","page","type-page","status-publish"],"acf":[],"yoast_head":"<!-- This site is optimized with the Yoast SEO plugin v27.2 - https:\/\/yoast.com\/product\/yoast-seo-wordpress\/ -->\n<title>Zertifikate &amp; Auszeichnungen - cms electronics<\/title>\n<meta name=\"robots\" content=\"index, follow, max-snippet:-1, max-image-preview:large, max-video-preview:-1\" \/>\n<link rel=\"canonical\" href=\"https:\/\/www.cms-electronics.com\/en\/wer-wir-sind\/zertifikate-auszeichnungen\/\" \/>\n<meta property=\"og:locale\" content=\"en_GB\" \/>\n<meta property=\"og:type\" content=\"article\" \/>\n<meta property=\"og:title\" content=\"Zertifikate &amp; Auszeichnungen - cms electronics\" \/>\n<meta property=\"og:description\" content=\"Erfolg &#038; Qualit\u00e4t Zertifikate belegen durch unabh\u00e4ngige Pr\u00fcfungen die Einhaltung international g\u00fcltiger Standards und Normen. Dadurch bieten wir unsern Kunden h\u00f6chste Qualit\u00e4t durch nachvollziehbare Prozesse und bestgeschulte Mitarbeiter. Sie spiegelt sich in den zahlreichen Auszeichnungen, die wir erhalten haben, wider. Mit hochmotivierten Mitarbeitern und Dank einer perfekt automatisierten und schlanken Fertigungsorganisation, dem gro\u00dfen Know-how und ... Read more\" \/>\n<meta property=\"og:url\" content=\"https:\/\/www.cms-electronics.com\/en\/wer-wir-sind\/zertifikate-auszeichnungen\/\" \/>\n<meta property=\"og:site_name\" content=\"cms electronics\" \/>\n<meta property=\"article:modified_time\" content=\"2026-03-03T08:44:11+00:00\" \/>\n<meta property=\"og:image\" content=\"https:\/\/www.cms-electronics.com\/wp-content\/uploads\/2024\/07\/arrow-black.svg\" \/>\n<meta name=\"twitter:card\" content=\"summary_large_image\" \/>\n<script type=\"application\/ld+json\" class=\"yoast-schema-graph\">{\"@context\":\"https:\/\/schema.org\",\"@graph\":[{\"@type\":\"WebPage\",\"@id\":\"https:\/\/www.cms-electronics.com\/en\/wer-wir-sind\/zertifikate-auszeichnungen\/\",\"url\":\"https:\/\/www.cms-electronics.com\/en\/wer-wir-sind\/zertifikate-auszeichnungen\/\",\"name\":\"Zertifikate & Auszeichnungen - cms electronics\",\"isPartOf\":{\"@id\":\"https:\/\/www.cms-electronics.com\/#website\"},\"primaryImageOfPage\":{\"@id\":\"https:\/\/www.cms-electronics.com\/en\/wer-wir-sind\/zertifikate-auszeichnungen\/#primaryimage\"},\"image\":{\"@id\":\"https:\/\/www.cms-electronics.com\/en\/wer-wir-sind\/zertifikate-auszeichnungen\/#primaryimage\"},\"thumbnailUrl\":\"https:\/\/www.cms-electronics.com\/wp-content\/uploads\/2024\/07\/arrow-black.svg\",\"datePublished\":\"2024-07-13T10:59:19+00:00\",\"dateModified\":\"2026-03-03T08:44:11+00:00\",\"breadcrumb\":{\"@id\":\"https:\/\/www.cms-electronics.com\/en\/wer-wir-sind\/zertifikate-auszeichnungen\/#breadcrumb\"},\"inLanguage\":\"en-GB\",\"potentialAction\":[{\"@type\":\"ReadAction\",\"target\":[\"https:\/\/www.cms-electronics.com\/en\/wer-wir-sind\/zertifikate-auszeichnungen\/\"]}]},{\"@type\":\"ImageObject\",\"inLanguage\":\"en-GB\",\"@id\":\"https:\/\/www.cms-electronics.com\/en\/wer-wir-sind\/zertifikate-auszeichnungen\/#primaryimage\",\"url\":\"https:\/\/www.cms-electronics.com\/wp-content\/uploads\/2024\/07\/arrow-black.svg\",\"contentUrl\":\"https:\/\/www.cms-electronics.com\/wp-content\/uploads\/2024\/07\/arrow-black.svg\"},{\"@type\":\"BreadcrumbList\",\"@id\":\"https:\/\/www.cms-electronics.com\/en\/wer-wir-sind\/zertifikate-auszeichnungen\/#breadcrumb\",\"itemListElement\":[{\"@type\":\"ListItem\",\"position\":1,\"name\":\"Home\",\"item\":\"https:\/\/www.cms-electronics.com\/\"},{\"@type\":\"ListItem\",\"position\":2,\"name\":\"Wer wir sind\",\"item\":\"https:\/\/www.cms-electronics.com\/en\/wer-wir-sind\/\"},{\"@type\":\"ListItem\",\"position\":3,\"name\":\"Zertifikate &#038; Auszeichnungen\"}]},{\"@type\":\"WebSite\",\"@id\":\"https:\/\/www.cms-electronics.com\/#website\",\"url\":\"https:\/\/www.cms-electronics.com\/\",\"name\":\"cms electronics\",\"description\":\"Electronic Manufacturing Services\",\"alternateName\":\"cms electronics | Electronic Manufacturing Services\",\"potentialAction\":[{\"@type\":\"SearchAction\",\"target\":{\"@type\":\"EntryPoint\",\"urlTemplate\":\"https:\/\/www.cms-electronics.com\/?s={search_term_string}\"},\"query-input\":{\"@type\":\"PropertyValueSpecification\",\"valueRequired\":true,\"valueName\":\"search_term_string\"}}],\"inLanguage\":\"en-GB\"}]}<\/script>\n<!-- \/ Yoast SEO plugin. -->","yoast_head_json":{"title":"Zertifikate & Auszeichnungen - cms electronics","robots":{"index":"index","follow":"follow","max-snippet":"max-snippet:-1","max-image-preview":"max-image-preview:large","max-video-preview":"max-video-preview:-1"},"canonical":"https:\/\/www.cms-electronics.com\/en\/wer-wir-sind\/zertifikate-auszeichnungen\/","og_locale":"en_GB","og_type":"article","og_title":"Zertifikate & Auszeichnungen - cms electronics","og_description":"Erfolg &#038; Qualit\u00e4t Zertifikate belegen durch unabh\u00e4ngige Pr\u00fcfungen die Einhaltung international g\u00fcltiger Standards und Normen. Dadurch bieten wir unsern Kunden h\u00f6chste Qualit\u00e4t durch nachvollziehbare Prozesse und bestgeschulte Mitarbeiter. Sie spiegelt sich in den zahlreichen Auszeichnungen, die wir erhalten haben, wider. Mit hochmotivierten Mitarbeitern und Dank einer perfekt automatisierten und schlanken Fertigungsorganisation, dem gro\u00dfen Know-how und ... Read more","og_url":"https:\/\/www.cms-electronics.com\/en\/wer-wir-sind\/zertifikate-auszeichnungen\/","og_site_name":"cms electronics","article_modified_time":"2026-03-03T08:44:11+00:00","og_image":[{"url":"https:\/\/www.cms-electronics.com\/wp-content\/uploads\/2024\/07\/arrow-black.svg","type":"","width":"","height":""}],"twitter_card":"summary_large_image","schema":{"@context":"https:\/\/schema.org","@graph":[{"@type":"WebPage","@id":"https:\/\/www.cms-electronics.com\/en\/wer-wir-sind\/zertifikate-auszeichnungen\/","url":"https:\/\/www.cms-electronics.com\/en\/wer-wir-sind\/zertifikate-auszeichnungen\/","name":"Zertifikate & Auszeichnungen - cms electronics","isPartOf":{"@id":"https:\/\/www.cms-electronics.com\/#website"},"primaryImageOfPage":{"@id":"https:\/\/www.cms-electronics.com\/en\/wer-wir-sind\/zertifikate-auszeichnungen\/#primaryimage"},"image":{"@id":"https:\/\/www.cms-electronics.com\/en\/wer-wir-sind\/zertifikate-auszeichnungen\/#primaryimage"},"thumbnailUrl":"https:\/\/www.cms-electronics.com\/wp-content\/uploads\/2024\/07\/arrow-black.svg","datePublished":"2024-07-13T10:59:19+00:00","dateModified":"2026-03-03T08:44:11+00:00","breadcrumb":{"@id":"https:\/\/www.cms-electronics.com\/en\/wer-wir-sind\/zertifikate-auszeichnungen\/#breadcrumb"},"inLanguage":"en-GB","potentialAction":[{"@type":"ReadAction","target":["https:\/\/www.cms-electronics.com\/en\/wer-wir-sind\/zertifikate-auszeichnungen\/"]}]},{"@type":"ImageObject","inLanguage":"en-GB","@id":"https:\/\/www.cms-electronics.com\/en\/wer-wir-sind\/zertifikate-auszeichnungen\/#primaryimage","url":"https:\/\/www.cms-electronics.com\/wp-content\/uploads\/2024\/07\/arrow-black.svg","contentUrl":"https:\/\/www.cms-electronics.com\/wp-content\/uploads\/2024\/07\/arrow-black.svg"},{"@type":"BreadcrumbList","@id":"https:\/\/www.cms-electronics.com\/en\/wer-wir-sind\/zertifikate-auszeichnungen\/#breadcrumb","itemListElement":[{"@type":"ListItem","position":1,"name":"Home","item":"https:\/\/www.cms-electronics.com\/"},{"@type":"ListItem","position":2,"name":"Wer wir sind","item":"https:\/\/www.cms-electronics.com\/en\/wer-wir-sind\/"},{"@type":"ListItem","position":3,"name":"Zertifikate &#038; Auszeichnungen"}]},{"@type":"WebSite","@id":"https:\/\/www.cms-electronics.com\/#website","url":"https:\/\/www.cms-electronics.com\/","name":"cms electronics","description":"Electronic Manufacturing Services","alternateName":"cms electronics | Electronic Manufacturing Services","potentialAction":[{"@type":"SearchAction","target":{"@type":"EntryPoint","urlTemplate":"https:\/\/www.cms-electronics.com\/?s={search_term_string}"},"query-input":{"@type":"PropertyValueSpecification","valueRequired":true,"valueName":"search_term_string"}}],"inLanguage":"en-GB"}]}},"_links":{"self":[{"href":"https:\/\/www.cms-electronics.com\/en\/wp-json\/wp\/v2\/pages\/810","targetHints":{"allow":["GET"]}}],"collection":[{"href":"https:\/\/www.cms-electronics.com\/en\/wp-json\/wp\/v2\/pages"}],"about":[{"href":"https:\/\/www.cms-electronics.com\/en\/wp-json\/wp\/v2\/types\/page"}],"author":[{"embeddable":true,"href":"https:\/\/www.cms-electronics.com\/en\/wp-json\/wp\/v2\/users\/4"}],"replies":[{"embeddable":true,"href":"https:\/\/www.cms-electronics.com\/en\/wp-json\/wp\/v2\/comments?post=810"}],"version-history":[{"count":5,"href":"https:\/\/www.cms-electronics.com\/en\/wp-json\/wp\/v2\/pages\/810\/revisions"}],"predecessor-version":[{"id":4646,"href":"https:\/\/www.cms-electronics.com\/en\/wp-json\/wp\/v2\/pages\/810\/revisions\/4646"}],"up":[{"embeddable":true,"href":"https:\/\/www.cms-electronics.com\/en\/wp-json\/wp\/v2\/pages\/750"}],"wp:attachment":[{"href":"https:\/\/www.cms-electronics.com\/en\/wp-json\/wp\/v2\/media?parent=810"}],"curies":[{"name":"wp","href":"https:\/\/api.w.org\/{rel}","templated":true}]}}