{"id":860,"date":"2024-07-13T11:43:09","date_gmt":"2024-07-13T11:43:09","guid":{"rendered":"https:\/\/webhost346-1.tls-host.eu\/?page_id=860"},"modified":"2024-11-27T09:35:29","modified_gmt":"2024-11-27T08:35:29","slug":"fertigung-produktion","status":"publish","type":"page","link":"https:\/\/www.cms-electronics.com\/en\/leistungen\/fertigung-produktion\/","title":{"rendered":"Manufacturing &amp; Production"},"content":{"rendered":"<img decoding=\"async\" src=\"https:\/\/www.cms-electronics.com\/wp-content\/uploads\/2024\/07\/arrow-black.svg\" alt=\"arrow-black\"  \/>\n<h6>\n\t\trealization of customer wishes\n\t<\/h6>\n\t<h2>Pioneering manufacturing technology<\/h2>\n<h4>The core competence of cms electronics is the realization of customer requirements in the area of manufacturing electronic assemblies, systems and devices.<\/h4>\n\t<h6>The spirit of innovation, the constant development of know-how by our employees and the growth strategy of management make our success story possible.<\/h6>\n<h6>Increasing production capacities and the rapid development of our manufacturing technologies at our locations in Austria, Hungary and Germany are setting the course for future projects.<\/h6>\n<h6>The strengths of our locations, e.g. the favorable cost structure of the plant in Hungary, the specialization in medical technology and for small series in Germany or the high degree of automation of Austrian production, are used specifically in the interests of our customers.<\/h6>\n<h2>\n\t\tOur technology portfolio\n\t<\/h2>\n\t\t\t\t\t<a href=\"#\" id=\"fl-accordion--label-0\" tabindex=\"0\" aria-controls=\"fl-accordion--panel-0\">Assembly technologies<\/a>\n\t\t\t\t\t\t\t\t\t\t\t<a href=\"#\" id=\"fl-accordion--icon-0\" tabindex=\"-1\"><i>Expand<\/i><\/a>\n\t\t\t\t\t<h6>simple &amp; efficient \u2013 highly precise &amp; hybrid<\/h6>\n<p>To the limits of physics\u2026<\/p>\n<p>Doubling assembly capacity, increasing accuracy and increasing production performance are clear reasons to be the preferred partner for our customers and to grow together. New requirements in the electronics market are the driving force behind further development in terms of miniaturization, speed and process-capable accuracy.<\/p>\n<p>On the one hand, this requires choosing the right partners who accompany us along the way with a lot of commitment and intelligent solutions, and on the other hand, highly motivated employees who understand customer requirements and implement them effectively with innovative problem-solving skills. The spectrum ranges from tried-and-tested contract assembly with low complexity to complex high-tech applications for future markets.<\/p>\n<p>&nbsp;<\/p>\n<p><img loading=\"lazy\" decoding=\"async\" src=\"https:\/\/www.cms-electronics.com\/wp-content\/uploads\/2024\/07\/Bestucktechnologien.png\" alt=\"\" width=\"1778\" height=\"947\" \/><\/p>\n\t\t\t\t\t<a href=\"#\" id=\"fl-accordion--label-1\" tabindex=\"0\" aria-controls=\"fl-accordion--panel-1\">surface and connection technologies<\/a>\n\t\t\t\t\t\t\t\t\t\t\t<a href=\"#\" id=\"fl-accordion--icon-1\" tabindex=\"-1\"><i>Expand<\/i><\/a>\n\t\t\t\t\t<h6>tested &amp; safe \u2013 innovative &amp; flexible<\/h6>\n<p>We stay together \u2013 for life\u2026<\/p>\n<p>This applies not only to the connection to our customers and partners but also, in particular, to our products. All connection technologies available on the market can be used for specific applications.<\/p>\n<p>Depending on our customers&#039; requirements, we can choose between different levels of automation, connection media and processes and combine the processes to achieve the highest possible reliability in an economically optimized manner.<\/p>\n\t\t\t\t\t<a href=\"#\" id=\"fl-accordion--label-2\" tabindex=\"0\" aria-controls=\"fl-accordion--panel-2\">testing and analysis technologies<\/a>\n\t\t\t\t\t\t\t\t\t\t\t<a href=\"#\" id=\"fl-accordion--icon-2\" tabindex=\"-1\"><i>Expand<\/i><\/a>\n\t\t\t\t\t<h6>standardized &amp; cost-efficient \u2013 highly complex &amp; individual<\/h6>\n<p>Quality must be tested\u2026<\/p>\n<p>Uncompromising testing strategies are the basis for the zero-defect strategy pursued by cms electronics. The test path of a product begins with the simulations in the design phase, extends to the fully automated SPI, AOI and X-ray processes in production, the DVP tests and analyses, and up to the EOL tests with ICT\/FCT.<\/p>\n<p>Automated and line-integrated testing is standard for our production. High-tech testing strategies can also be used for the areas of mechanics, electronics, audio and lighting. The testing technologies developed by cms electronics meet all technological challenges.<\/p>\n\t\t\t\t\t<a href=\"#\" id=\"fl-accordion--label-3\" tabindex=\"0\" aria-controls=\"fl-accordion--panel-3\">automation and assembly technologies<\/a>\n\t\t\t\t\t\t\t\t\t\t\t<a href=\"#\" id=\"fl-accordion--icon-3\" tabindex=\"-1\"><i>Expand<\/i><\/a>\n\t\t\t\t\t<h6>semi-automatic &amp; adaptable \u2013 fully automated &amp; highly economical<\/h6>\n<p>Man and machine shake hands\u2026<\/p>\n<p>The innovative power of our employees combined with a wide range of high-tech robotics solutions form the foundation for our automation technologies. These are used in electronic and mechanical manufacturing, depaneling, testing and assembly processes. Smart and cyber are terms that need to be implemented, such as intuitive user interfaces or decentralized monitoring.<\/p>\n<p>Economics and process stability are the focus of the conception and implementation. The level of automation is designed according to the requirements and optimally implemented in practice with flexible, modular components.<\/p>\n\t\t\t\t\t<a href=\"#\" id=\"fl-accordion--label-4\" tabindex=\"0\" aria-controls=\"fl-accordion--panel-4\">digitization and networking technologies<\/a>\n\t\t\t\t\t\t\t\t\t\t\t<a href=\"#\" id=\"fl-accordion--icon-4\" tabindex=\"-1\"><i>Expand<\/i><\/a>\n\t\t\t\t\t<h6>consistently connected &amp; traceable \u2013 future-oriented &amp; innovative<\/h6>\n<p>Networking is the most natural thing in the world\u2026<\/p>\n<p>As in nature, networking is vital in the world of production. The close interaction of the people, systems and data involved in the value creation process in the form of digital networks will be a key factor in determining future success. cms electronics maintains a very open and transparent communication culture and promotes innovative ideas.<\/p>\n<p>The focus is on horizontal and vertical integration of internal and external processes. The consistent implementation of a traceability excellence program and the successful creation of the necessary framework conditions such as the introduction of an MES system as well as the conception and implementation of cyber-physical production and monitoring systems are important milestones on the path to Industry 4.0.<\/p>\n\t\t\t\t<img loading=\"lazy\" decoding=\"async\" src=\"https:\/\/www.cms-electronics.com\/wp-content\/uploads\/2024\/07\/Ecoflex_klein.jpg\" alt=\"Ecoflex_klein\" itemprop=\"image\" height=\"455\" width=\"595\" title=\"Ecoflex_small\" onerror=\"this.style.display='none'\"  \/>\n\t<h3>ECOFLEX \u2013 An all-rounder for testing<\/h3>\n<p>cms electronics specializes, among other things, in the development of automated test systems.<\/p>\n<p>It all started with a combination of a rotary indexing table and a 6-axis robot. We have now reached our current high point with the realization of our fully automated test system, the ECOFLEX.<\/p>\n\t\t\t\t\t<a href=\"#\" id=\"fl-accordion--label-0\" tabindex=\"0\" aria-controls=\"fl-accordion--panel-0\">Continue reading<\/a>\n\t\t\t\t\t\t\t\t\t\t\t<a href=\"#\" id=\"fl-accordion--icon-0\" tabindex=\"-1\"><i>Expand<\/i><\/a>\n\t\t\t\t\t<p>Depending on the test requirements, cms electronics is able to offer a wide range of test and measurement processes (ICT, FCT\/LED test, flashing\/programming, AOI applications...). Coordinated measurement and test times enable the testing of up to 3 completely different products simultaneously, efficiently and with short cycle times.<\/p>\n\t\t\t\t<img loading=\"lazy\" decoding=\"async\" src=\"https:\/\/www.cms-electronics.com\/wp-content\/uploads\/2024\/07\/csm_cms_electronics_optobohren_438c374ea5-1.jpg\" alt=\"csm_cms_electronics_optobohren_438c374ea5\" itemprop=\"image\" height=\"855\" width=\"1140\" title=\"csm_cms_electronics_optobohren_438c374ea5\" onerror=\"this.style.display='none'\"  \/>\n\t<h3>Optical drilling of printed circuit boards<\/h3>\n<p>Cms electronics plays a pioneering role in precision electronics.<\/p>\n<p>A specially designed and developed drilling machine is used for optical drilling of PCB mounting systems. The system, which is set up in its own fully air-conditioned room, is designed for 6\u03c3 process capability at 50\u00b5m.<\/p>\n\t\t\t\t\t<a href=\"#\" id=\"fl-accordion--label-0\" tabindex=\"0\" aria-controls=\"fl-accordion--panel-0\">Continue reading<\/a>\n\t\t\t\t\t\t\t\t\t\t\t<a href=\"#\" id=\"fl-accordion--icon-0\" tabindex=\"-1\"><i>Expand<\/i><\/a>\n\t\t\t\t\t<p>This is achieved through a complex interaction of high-resolution cameras, precise positioning devices and perfectly coordinated software.<\/p>\n<p>The use of opto-drilling is one of the basic requirements for high-precision circuit board systems for LEDs, such as those used in lighting applications such as matrix headlight technology in the automotive sector.<\/p>\n\t\t\t\t<img loading=\"lazy\" decoding=\"async\" src=\"https:\/\/www.cms-electronics.com\/wp-content\/uploads\/2024\/07\/csm_Hochpraezisionsbestuecken_v1_43dc345774.jpg\" alt=\"csm_Hochpraezisionsbestuecken_v1_43dc345774\" itemprop=\"image\" height=\"641\" width=\"1140\" title=\"csm_high-precision_assembly_v1_43dc345774\" onerror=\"this.style.display='none'\"  \/>\n\t<h3>Laser optical high-precision assembly<\/h3>\n<p>The ongoing development and miniaturization require the setting of ever smaller components with ever smaller tolerances at high speed and process reliability.<\/p>\n<p>In the past, the shape and size of housings and circuit boards were crucial and enabled process reliability in the range of 3\u03c3.<\/p>\n\t\t\t\t\t<a href=\"#\" id=\"fl-accordion--label-0\" tabindex=\"0\" aria-controls=\"fl-accordion--panel-0\">Continue reading<\/a>\n\t\t\t\t\t\t\t\t\t\t\t<a href=\"#\" id=\"fl-accordion--icon-0\" tabindex=\"-1\"><i>Expand<\/i><\/a>\n\t\t\t\t\t<p>We at cms electronics can offer our customers a process reliability of 6\u03c3 and an accuracy of 50\u00b5m thanks to our new Hybrid 5 from Assembl\u00e9on.<\/p>\n<p>This guarantees our customers the highest precision and quality across the board!<\/p>","protected":false},"excerpt":{"rendered":"<p>realization of customer requests Pioneering manufacturing technology The core competence of cms electronics is the realization of customer requests in the area of manufacturing electronic assemblies, systems and devices. The spirit of innovation, the constant development of know-how by our employees and the growth strategy of management make our success story possible. Increasing production capacities and the rapid development of our manufacturing technologies at the locations in Austria, Hungary and Germany ... <a title=\"Manufacturing &amp; Production\" class=\"read-more\" href=\"https:\/\/www.cms-electronics.com\/en\/leistungen\/fertigung-produktion\/\" aria-label=\"Read more about Manufacturing &amp; Production\">Read more<\/a><\/p>","protected":false},"author":4,"featured_media":0,"parent":638,"menu_order":0,"comment_status":"closed","ping_status":"closed","template":"","meta":{"_acf_changed":false,"footnotes":""},"class_list":["post-860","page","type-page","status-publish"],"acf":[],"yoast_head":"<!-- This site is optimized with the Yoast SEO plugin v27.2 - https:\/\/yoast.com\/product\/yoast-seo-wordpress\/ -->\n<title>Fertigung &amp; Produktion - cms electronics<\/title>\n<meta name=\"robots\" content=\"index, follow, max-snippet:-1, max-image-preview:large, max-video-preview:-1\" \/>\n<link rel=\"canonical\" href=\"https:\/\/www.cms-electronics.com\/en\/leistungen\/fertigung-produktion\/\" \/>\n<meta property=\"og:locale\" content=\"en_GB\" \/>\n<meta property=\"og:type\" content=\"article\" \/>\n<meta property=\"og:title\" content=\"Fertigung &amp; Produktion - cms electronics\" \/>\n<meta property=\"og:description\" content=\"realisierung von Kundenw\u00fcnschen Zukunftsweisende Fertigungstechnik Die Kernkompetenz von cms electronics ist die Realisierung von Kundenw\u00fcnschen im Bereich der Fertigung von elektronischen Baugruppen, Systemen und Ger\u00e4ten. Innovationsgeist, st\u00e4ndiger Know-how-Aufbau unserer Mitarbeiter*innen sowie die Wachstumsstrategie des Managements machen unsere Erfolgsstory m\u00f6glich. Steigende Produktionskapazit\u00e4ten und die rasante Weiterentwicklung unserer Fertigungstechnologien an den Standorten in \u00d6sterreich, Ungarn und Deutschland ... Read more\" \/>\n<meta property=\"og:url\" content=\"https:\/\/www.cms-electronics.com\/en\/leistungen\/fertigung-produktion\/\" \/>\n<meta property=\"og:site_name\" content=\"cms electronics\" \/>\n<meta property=\"article:modified_time\" content=\"2024-11-27T08:35:29+00:00\" \/>\n<meta property=\"og:image\" content=\"https:\/\/www.cms-electronics.com\/wp-content\/uploads\/2024\/07\/arrow-black.svg\" \/>\n<meta name=\"twitter:card\" content=\"summary_large_image\" \/>\n<script type=\"application\/ld+json\" class=\"yoast-schema-graph\">{\"@context\":\"https:\/\/schema.org\",\"@graph\":[{\"@type\":\"WebPage\",\"@id\":\"https:\/\/www.cms-electronics.com\/leistungen\/fertigung-produktion\/\",\"url\":\"https:\/\/www.cms-electronics.com\/leistungen\/fertigung-produktion\/\",\"name\":\"Fertigung & Produktion - cms electronics\",\"isPartOf\":{\"@id\":\"https:\/\/www.cms-electronics.com\/#website\"},\"primaryImageOfPage\":{\"@id\":\"https:\/\/www.cms-electronics.com\/leistungen\/fertigung-produktion\/#primaryimage\"},\"image\":{\"@id\":\"https:\/\/www.cms-electronics.com\/leistungen\/fertigung-produktion\/#primaryimage\"},\"thumbnailUrl\":\"https:\/\/www.cms-electronics.com\/wp-content\/uploads\/2024\/07\/arrow-black.svg\",\"datePublished\":\"2024-07-13T11:43:09+00:00\",\"dateModified\":\"2024-11-27T08:35:29+00:00\",\"breadcrumb\":{\"@id\":\"https:\/\/www.cms-electronics.com\/leistungen\/fertigung-produktion\/#breadcrumb\"},\"inLanguage\":\"en-GB\",\"potentialAction\":[{\"@type\":\"ReadAction\",\"target\":[\"https:\/\/www.cms-electronics.com\/leistungen\/fertigung-produktion\/\"]}]},{\"@type\":\"ImageObject\",\"inLanguage\":\"en-GB\",\"@id\":\"https:\/\/www.cms-electronics.com\/leistungen\/fertigung-produktion\/#primaryimage\",\"url\":\"https:\/\/www.cms-electronics.com\/wp-content\/uploads\/2024\/07\/arrow-black.svg\",\"contentUrl\":\"https:\/\/www.cms-electronics.com\/wp-content\/uploads\/2024\/07\/arrow-black.svg\"},{\"@type\":\"BreadcrumbList\",\"@id\":\"https:\/\/www.cms-electronics.com\/leistungen\/fertigung-produktion\/#breadcrumb\",\"itemListElement\":[{\"@type\":\"ListItem\",\"position\":1,\"name\":\"Home\",\"item\":\"https:\/\/www.cms-electronics.com\/\"},{\"@type\":\"ListItem\",\"position\":2,\"name\":\"Leistungen\",\"item\":\"https:\/\/www.cms-electronics.com\/leistungen\/\"},{\"@type\":\"ListItem\",\"position\":3,\"name\":\"Fertigung &#038; Produktion\"}]},{\"@type\":\"WebSite\",\"@id\":\"https:\/\/www.cms-electronics.com\/#website\",\"url\":\"https:\/\/www.cms-electronics.com\/\",\"name\":\"cms electronics\",\"description\":\"Electronic Manufacturing Services\",\"alternateName\":\"cms electronics | Electronic Manufacturing Services\",\"potentialAction\":[{\"@type\":\"SearchAction\",\"target\":{\"@type\":\"EntryPoint\",\"urlTemplate\":\"https:\/\/www.cms-electronics.com\/?s={search_term_string}\"},\"query-input\":{\"@type\":\"PropertyValueSpecification\",\"valueRequired\":true,\"valueName\":\"search_term_string\"}}],\"inLanguage\":\"en-GB\"}]}<\/script>\n<!-- \/ Yoast SEO plugin. -->","yoast_head_json":{"title":"Fertigung & Produktion - cms electronics","robots":{"index":"index","follow":"follow","max-snippet":"max-snippet:-1","max-image-preview":"max-image-preview:large","max-video-preview":"max-video-preview:-1"},"canonical":"https:\/\/www.cms-electronics.com\/en\/leistungen\/fertigung-produktion\/","og_locale":"en_GB","og_type":"article","og_title":"Fertigung & Produktion - cms electronics","og_description":"realisierung von Kundenw\u00fcnschen Zukunftsweisende Fertigungstechnik Die Kernkompetenz von cms electronics ist die Realisierung von Kundenw\u00fcnschen im Bereich der Fertigung von elektronischen Baugruppen, Systemen und Ger\u00e4ten. Innovationsgeist, st\u00e4ndiger Know-how-Aufbau unserer Mitarbeiter*innen sowie die Wachstumsstrategie des Managements machen unsere Erfolgsstory m\u00f6glich. Steigende Produktionskapazit\u00e4ten und die rasante Weiterentwicklung unserer Fertigungstechnologien an den Standorten in \u00d6sterreich, Ungarn und Deutschland ... Read more","og_url":"https:\/\/www.cms-electronics.com\/en\/leistungen\/fertigung-produktion\/","og_site_name":"cms electronics","article_modified_time":"2024-11-27T08:35:29+00:00","og_image":[{"url":"https:\/\/www.cms-electronics.com\/wp-content\/uploads\/2024\/07\/arrow-black.svg","type":"","width":"","height":""}],"twitter_card":"summary_large_image","schema":{"@context":"https:\/\/schema.org","@graph":[{"@type":"WebPage","@id":"https:\/\/www.cms-electronics.com\/leistungen\/fertigung-produktion\/","url":"https:\/\/www.cms-electronics.com\/leistungen\/fertigung-produktion\/","name":"Fertigung & Produktion - cms electronics","isPartOf":{"@id":"https:\/\/www.cms-electronics.com\/#website"},"primaryImageOfPage":{"@id":"https:\/\/www.cms-electronics.com\/leistungen\/fertigung-produktion\/#primaryimage"},"image":{"@id":"https:\/\/www.cms-electronics.com\/leistungen\/fertigung-produktion\/#primaryimage"},"thumbnailUrl":"https:\/\/www.cms-electronics.com\/wp-content\/uploads\/2024\/07\/arrow-black.svg","datePublished":"2024-07-13T11:43:09+00:00","dateModified":"2024-11-27T08:35:29+00:00","breadcrumb":{"@id":"https:\/\/www.cms-electronics.com\/leistungen\/fertigung-produktion\/#breadcrumb"},"inLanguage":"en-GB","potentialAction":[{"@type":"ReadAction","target":["https:\/\/www.cms-electronics.com\/leistungen\/fertigung-produktion\/"]}]},{"@type":"ImageObject","inLanguage":"en-GB","@id":"https:\/\/www.cms-electronics.com\/leistungen\/fertigung-produktion\/#primaryimage","url":"https:\/\/www.cms-electronics.com\/wp-content\/uploads\/2024\/07\/arrow-black.svg","contentUrl":"https:\/\/www.cms-electronics.com\/wp-content\/uploads\/2024\/07\/arrow-black.svg"},{"@type":"BreadcrumbList","@id":"https:\/\/www.cms-electronics.com\/leistungen\/fertigung-produktion\/#breadcrumb","itemListElement":[{"@type":"ListItem","position":1,"name":"Home","item":"https:\/\/www.cms-electronics.com\/"},{"@type":"ListItem","position":2,"name":"Leistungen","item":"https:\/\/www.cms-electronics.com\/leistungen\/"},{"@type":"ListItem","position":3,"name":"Fertigung &#038; Produktion"}]},{"@type":"WebSite","@id":"https:\/\/www.cms-electronics.com\/#website","url":"https:\/\/www.cms-electronics.com\/","name":"cms electronics","description":"Electronic Manufacturing Services","alternateName":"cms electronics | Electronic Manufacturing Services","potentialAction":[{"@type":"SearchAction","target":{"@type":"EntryPoint","urlTemplate":"https:\/\/www.cms-electronics.com\/?s={search_term_string}"},"query-input":{"@type":"PropertyValueSpecification","valueRequired":true,"valueName":"search_term_string"}}],"inLanguage":"en-GB"}]}},"_links":{"self":[{"href":"https:\/\/www.cms-electronics.com\/en\/wp-json\/wp\/v2\/pages\/860","targetHints":{"allow":["GET"]}}],"collection":[{"href":"https:\/\/www.cms-electronics.com\/en\/wp-json\/wp\/v2\/pages"}],"about":[{"href":"https:\/\/www.cms-electronics.com\/en\/wp-json\/wp\/v2\/types\/page"}],"author":[{"embeddable":true,"href":"https:\/\/www.cms-electronics.com\/en\/wp-json\/wp\/v2\/users\/4"}],"replies":[{"embeddable":true,"href":"https:\/\/www.cms-electronics.com\/en\/wp-json\/wp\/v2\/comments?post=860"}],"version-history":[{"count":0,"href":"https:\/\/www.cms-electronics.com\/en\/wp-json\/wp\/v2\/pages\/860\/revisions"}],"up":[{"embeddable":true,"href":"https:\/\/www.cms-electronics.com\/en\/wp-json\/wp\/v2\/pages\/638"}],"wp:attachment":[{"href":"https:\/\/www.cms-electronics.com\/en\/wp-json\/wp\/v2\/media?parent=860"}],"curies":[{"name":"wp","href":"https:\/\/api.w.org\/{rel}","templated":true}]}}